{"id":8108,"date":"2024-11-28T12:37:39","date_gmt":"2024-11-28T12:37:39","guid":{"rendered":"https:\/\/whitelip.com\/cuba-ninja-liquorice\/"},"modified":"2026-04-21T10:11:23","modified_gmt":"2026-04-21T10:11:23","slug":"cuba-ninja-liquorice","status":"publish","type":"product","link":"https:\/\/whitelip.com\/fr\/cuba\/cuba-ninja-liquorice\/","title":{"rendered":"CUBA Ninja Liquorice"},"content":{"rendered":"<h2><b>CUBA Ninja Liquorice<\/b><\/h2>\n<p><span style=\"font-weight: 400;\">Les sachets de nicotine CUBA Ninja Liquorice offrent une saveur robuste de r\u00e9glisse combin\u00e9e \u00e0 une concentration \u00e9lev\u00e9e de nicotine de 30 mg par gramme, ce qui \u00e9quivaut \u00e0 environ 15 mg par sachet. Chaque bo\u00eete contient 25 sachets au format slim, con\u00e7us pour une utilisation discr\u00e8te sans tacher les dents. Produits par CUBA, un fabricant polonais r\u00e9put\u00e9 pour combiner les m\u00e9thodes contemporaines avec la qualit\u00e9 traditionnelle, ces sachets exemplifient les plus hauts standards et les combinaisons de saveurs innovantes.<\/span><\/p>\n<table>\n<tbody>\n<tr>\n<td><b>Attribut<\/b><\/td>\n<td><b>D\u00e9tails<\/b><\/td>\n<\/tr>\n<tr>\n<td><b>Contenu par bo\u00eete<\/b><\/td>\n<td><span style=\"font-weight: 400;\">13g (25 pochettes)<\/span><\/td>\n<\/tr>\n<tr>\n<td><b>Teneur en nicotine<\/b><\/td>\n<td><span style=\"font-weight: 400;\">30 mg\/g (15 mg par pochette)<\/span><\/td>\n<\/tr>\n<tr>\n<td><b>Format de la pochette<\/b><\/td>\n<td><span style=\"font-weight: 400;\">Mince<\/span><\/td>\n<\/tr>\n<tr>\n<td><b>Producteur<\/b><\/td>\n<td><span style=\"font-weight: 400;\">CUBA<\/span><\/td>\n<\/tr>\n<tr>\n<td><b>Saveur<\/b><\/td>\n<td><span style=\"font-weight: 400;\">R\u00e9glisse<\/span><\/td>\n<\/tr>\n<tr>\n<td><b>Taper<\/b><\/td>\n<td><span style=\"font-weight: 400;\">Pochette toute blanche<\/span><\/td>\n<\/tr>\n<\/tbody>\n<\/table>\n<p>\u00a0<\/p>","protected":false},"excerpt":{"rendered":"<p>Robuste <strong data-start=\"7\" data-end=\"20\">r\u00e9glisse<\/strong> avec une finition nette et satisfaisante. Le <strong data-start=\"58\" data-end=\"66\">mince<\/strong> se placent discr\u00e8tement sous la l\u00e8vre pour une utilisation sans tache en d\u00e9placement. Chaque sachet contient <strong data-start=\"157\" data-end=\"186\">~15 mg de nicotine par sachet<\/strong> (30 mg\/g). Chaque bo\u00eete contient 25 sachets de CUBA.<\/p>","protected":false},"featured_media":8109,"comment_status":"open","ping_status":"closed","template":"","format":[206],"meta":{"_acf_changed":false},"product_brand":[],"product_cat":[46],"product_tag":[16571],"flavours":[198],"nicotine":[221,233],"class_list":{"0":"post-8108","1":"product","2":"type-product","3":"status-publish","4":"has-post-thumbnail","6":"product_cat-cuba","7":"product_tag-15-mg-pouch","8":"pa_quantity-1-pack","9":"pa_quantity-10-pack","10":"pa_quantity-3-pack","11":"pa_quantity-30-pack","12":"pa_quantity-5-pack","13":"pa_quantity-60-pack","14":"flavours-licorice","15":"format-slim","16":"nicotine-30-mg-g","17":"nicotine-extreme","19":"first","20":"outofstock","21":"taxable","22":"shipping-taxable","23":"purchasable","24":"product-type-variable"},"acf":[],"_links":{"self":[{"href":"https:\/\/whitelip.com\/fr\/wp-json\/wp\/v2\/product\/8108","targetHints":{"allow":["GET"]}}],"collection":[{"href":"https:\/\/whitelip.com\/fr\/wp-json\/wp\/v2\/product"}],"about":[{"href":"https:\/\/whitelip.com\/fr\/wp-json\/wp\/v2\/types\/product"}],"replies":[{"embeddable":true,"href":"https:\/\/whitelip.com\/fr\/wp-json\/wp\/v2\/comments?post=8108"}],"wp:featuredmedia":[{"embeddable":true,"href":"https:\/\/whitelip.com\/fr\/wp-json\/wp\/v2\/media\/8109"}],"wp:attachment":[{"href":"https:\/\/whitelip.com\/fr\/wp-json\/wp\/v2\/media?parent=8108"}],"wp:term":[{"taxonomy":"product_brand","embeddable":true,"href":"https:\/\/whitelip.com\/fr\/wp-json\/wp\/v2\/product_brand?post=8108"},{"taxonomy":"product_cat","embeddable":true,"href":"https:\/\/whitelip.com\/fr\/wp-json\/wp\/v2\/product_cat?post=8108"},{"taxonomy":"product_tag","embeddable":true,"href":"https:\/\/whitelip.com\/fr\/wp-json\/wp\/v2\/product_tag?post=8108"},{"taxonomy":"flavours","embeddable":true,"href":"https:\/\/whitelip.com\/fr\/wp-json\/wp\/v2\/flavours?post=8108"},{"taxonomy":"format","embeddable":true,"href":"https:\/\/whitelip.com\/fr\/wp-json\/wp\/v2\/format?post=8108"},{"taxonomy":"nicotine","embeddable":true,"href":"https:\/\/whitelip.com\/fr\/wp-json\/wp\/v2\/nicotine?post=8108"}],"curies":[{"name":"wp","href":"https:\/\/api.w.org\/{rel}","templated":true}]}}