{"id":8086,"date":"2024-11-28T12:37:16","date_gmt":"2024-11-28T12:37:16","guid":{"rendered":"https:\/\/whitelip.com\/iceberg-strawberry-banana-gum-extreme\/"},"modified":"2026-05-11T10:11:25","modified_gmt":"2026-05-11T10:11:25","slug":"iceberg-strawberry-banana-gum-extreme","status":"publish","type":"product","link":"https:\/\/whitelip.com\/fr\/iceberg\/iceberg-strawberry-banana-gum-extreme\/","title":{"rendered":"ICEBERG Fraise Banane Chewing-gum Extr\u00eame"},"content":{"rendered":"<h2><b>ICEBERG Fraise Banane Chewing-gum Extr\u00eame<\/b><\/h2>\n<p><span style=\"font-weight: 400;\">Les sachets de nicotine ICEBERG Strawberry Banana Gum Extreme pr\u00e9sentent un d\u00e9licieux m\u00e9lange d'ar\u00f4mes de fraise sucr\u00e9e et de banane cr\u00e9meuse, compl\u00e9t\u00e9 par une finition subtile semblable \u00e0 celle d'une gomme. Con\u00e7us pour les utilisateurs exp\u00e9riment\u00e9s, ces sachets sans tabac d\u00e9livrent une forte dose de nicotine avec un profil de saveur unique et fruit\u00e9. Le format mince assure une utilisation discr\u00e8te et sans tracas, vous permettant de profiter d'une exp\u00e9rience savoureuse et revigorante \u00e0 tout moment, n'importe o\u00f9. ICEBERG Strawberry Banana Gum Extreme est un choix parfait pour ceux qui recherchent une touche tropicale avec leur nicotine.<\/span><\/p>\n<table>\n<tbody>\n<tr>\n<td><b>Attribut<\/b><\/td>\n<td><b>D\u00e9tails<\/b><\/td>\n<\/tr>\n<tr>\n<td><span style=\"font-weight: 400;\">Contenu par bo\u00eete<\/span><\/td>\n<td><span style=\"font-weight: 400;\">12g (20 sachets)<\/span><\/td>\n<\/tr>\n<tr>\n<td><span style=\"font-weight: 400;\">Teneur en nicotine<\/span><\/td>\n<td><span style=\"font-weight: 400;\">50 mg\/g (35 mg par sachet)<\/span><\/td>\n<\/tr>\n<tr>\n<td><span style=\"font-weight: 400;\">Format de la pochette<\/span><\/td>\n<td><span style=\"font-weight: 400;\">Mince<\/span><\/td>\n<\/tr>\n<tr>\n<td><span style=\"font-weight: 400;\">Producteur<\/span><\/td>\n<td><span style=\"font-weight: 400;\">ICEBERG<\/span><\/td>\n<\/tr>\n<tr>\n<td><span style=\"font-weight: 400;\">Saveur<\/span><\/td>\n<td><span style=\"font-weight: 400;\">Gomme Fraise Banane<\/span><\/td>\n<\/tr>\n<tr>\n<td><span style=\"font-weight: 400;\">Taper<\/span><\/td>\n<td><span style=\"font-weight: 400;\">Pochette enti\u00e8rement blanche, sans tabac<\/span><\/td>\n<\/tr>\n<\/tbody>\n<\/table>\n<p>\u00a0<\/p>","protected":false},"excerpt":{"rendered":"<p>Le chewing-gum ICEBERG \u00e0 la fraise et \u00e0 la banane offre un go\u00fbt sucr\u00e9 et cr\u00e9meux. <strong data-start=\"53\" data-end=\"78\">chewing-gum \u00e0 la fraise et \u00e0 la banane<\/strong> profil. <strong data-start=\"88\" data-end=\"96\">Mince<\/strong> Les sachets sans tabac se placent discr\u00e8tement sous la l\u00e8vre sans la tacher. Chaque sachet contient <strong data-start=\"185\" data-end=\"203\">35 mg de nicotine<\/strong>, Le r\u00e9sultat est un tube fort et satisfaisant. Produit par Neoptolem en Pologne.<\/p>","protected":false},"featured_media":8087,"comment_status":"open","ping_status":"closed","template":"","format":[206],"meta":{"_acf_changed":false},"product_brand":[],"product_cat":[50],"product_tag":[16603],"flavours":[196],"nicotine":[226,233],"class_list":{"0":"post-8086","1":"product","2":"type-product","3":"status-publish","4":"has-post-thumbnail","6":"product_cat-iceberg","7":"product_tag-35-mg-pouch","8":"pa_quantity-1-pack","9":"pa_quantity-10-pack","10":"pa_quantity-3-pack","11":"pa_quantity-30-pack","12":"pa_quantity-5-pack","13":"pa_quantity-60-pack","14":"flavours-fruits-berries","15":"format-slim","16":"nicotine-50-mg-g","17":"nicotine-extreme","19":"first","20":"instock","21":"taxable","22":"shipping-taxable","23":"purchasable","24":"product-type-variable"},"acf":[],"_links":{"self":[{"href":"https:\/\/whitelip.com\/fr\/wp-json\/wp\/v2\/product\/8086","targetHints":{"allow":["GET"]}}],"collection":[{"href":"https:\/\/whitelip.com\/fr\/wp-json\/wp\/v2\/product"}],"about":[{"href":"https:\/\/whitelip.com\/fr\/wp-json\/wp\/v2\/types\/product"}],"replies":[{"embeddable":true,"href":"https:\/\/whitelip.com\/fr\/wp-json\/wp\/v2\/comments?post=8086"}],"wp:featuredmedia":[{"embeddable":true,"href":"https:\/\/whitelip.com\/fr\/wp-json\/wp\/v2\/media\/8087"}],"wp:attachment":[{"href":"https:\/\/whitelip.com\/fr\/wp-json\/wp\/v2\/media?parent=8086"}],"wp:term":[{"taxonomy":"product_brand","embeddable":true,"href":"https:\/\/whitelip.com\/fr\/wp-json\/wp\/v2\/product_brand?post=8086"},{"taxonomy":"product_cat","embeddable":true,"href":"https:\/\/whitelip.com\/fr\/wp-json\/wp\/v2\/product_cat?post=8086"},{"taxonomy":"product_tag","embeddable":true,"href":"https:\/\/whitelip.com\/fr\/wp-json\/wp\/v2\/product_tag?post=8086"},{"taxonomy":"flavours","embeddable":true,"href":"https:\/\/whitelip.com\/fr\/wp-json\/wp\/v2\/flavours?post=8086"},{"taxonomy":"format","embeddable":true,"href":"https:\/\/whitelip.com\/fr\/wp-json\/wp\/v2\/format?post=8086"},{"taxonomy":"nicotine","embeddable":true,"href":"https:\/\/whitelip.com\/fr\/wp-json\/wp\/v2\/nicotine?post=8086"}],"curies":[{"name":"wp","href":"https:\/\/api.w.org\/{rel}","templated":true}]}}