{"id":8072,"date":"2024-11-28T12:36:53","date_gmt":"2024-11-28T12:36:53","guid":{"rendered":"https:\/\/whitelip.com\/loop-jalapeno-lime-hyper-strong\/"},"modified":"2026-05-12T10:11:55","modified_gmt":"2026-05-12T10:11:55","slug":"loop-jalapeno-lime-hyper-strong","status":"publish","type":"product","link":"https:\/\/whitelip.com\/fr\/loop\/loop-jalapeno-lime-hyper-strong\/","title":{"rendered":"LOOP Jalape\u00f1o Lime Hyper Strong"},"content":{"rendered":"<h2><b>LOOP Jalape\u00f1o Lime Hyper Strong<\/b><\/h2>\n<p><span style=\"font-weight: 400;\">LOOP Jalape\u00f1o Lime Hyper Strong associe le zeste acidul\u00e9 du citron vert au piquant du jalape\u00f1o, pour une exp\u00e9rience nicotinique intense et audacieuse. Ces sachets de nicotine minces sont con\u00e7us pour les utilisateurs exp\u00e9riment\u00e9s \u00e0 la recherche d'un taux de nicotine \u00e9lev\u00e9 associ\u00e9 \u00e0 une saveur unique et vivifiante. Con\u00e7u pour une utilisation discr\u00e8te et confortable, LOOP Jalape\u00f1o Lime Hyper Strong se place facilement sous la l\u00e8vre, ce qui le rend parfait pour ceux qui appr\u00e9cient une combinaison excitante d'\u00e9pices et d'agrumes.<\/span><\/p>\n<table>\n<tbody>\n<tr>\n<td><b>Attribut<\/b><\/td>\n<td><b>D\u00e9tails<\/b><\/td>\n<\/tr>\n<tr>\n<td><span style=\"font-weight: 400;\">Contenu par bo\u00eete<\/span><\/td>\n<td><span style=\"font-weight: 400;\">12g (20 sachets)<\/span><\/td>\n<\/tr>\n<tr>\n<td><span style=\"font-weight: 400;\">Teneur en nicotine<\/span><\/td>\n<td><span style=\"font-weight: 400;\">20 mg\/g<\/span><\/td>\n<\/tr>\n<tr>\n<td><span style=\"font-weight: 400;\">Format de la pochette<\/span><\/td>\n<td><span style=\"font-weight: 400;\">Mince<\/span><\/td>\n<\/tr>\n<tr>\n<td><span style=\"font-weight: 400;\">Producteur<\/span><\/td>\n<td><span style=\"font-weight: 400;\">boucle<\/span><\/td>\n<\/tr>\n<tr>\n<td><span style=\"font-weight: 400;\">Saveur<\/span><\/td>\n<td><span style=\"font-weight: 400;\">Jalape\u00f1o et Citron Vert<\/span><\/td>\n<\/tr>\n<tr>\n<td><span style=\"font-weight: 400;\">Taper<\/span><\/td>\n<td><span style=\"font-weight: 400;\">Pochette enti\u00e8rement blanche, sans tabac<\/span><\/td>\n<\/tr>\n<\/tbody>\n<\/table>","protected":false},"excerpt":{"rendered":"<p>boucle <strong data-start=\"0\" data-end=\"19\" data-is-only-node=\"\">Jalape\u00f1o et citron vert <\/strong>offrent un profil intense et audacieux avec des agrumes acidul\u00e9s et un kick ardent, con\u00e7u pour les utilisateurs exp\u00e9riment\u00e9s. Les <strong data-start=\"124\" data-end=\"132\">mince<\/strong> se placent discr\u00e8tement et confortablement sous la l\u00e8vre pour une exp\u00e9rience propre et revigorante.<\/p>","protected":false},"featured_media":8073,"comment_status":"open","ping_status":"closed","template":"","format":[206],"meta":{"_acf_changed":false},"product_brand":[],"product_cat":[32],"product_tag":[17005],"flavours":[187,190],"nicotine":[219,232],"class_list":{"0":"post-8072","1":"product","2":"type-product","3":"status-publish","4":"has-post-thumbnail","6":"product_cat-loop","7":"product_tag-15-6-mg-pouch","8":"pa_quantity-1-pack","9":"pa_quantity-10-pack","10":"pa_quantity-3-pack","11":"pa_quantity-30-pack","12":"pa_quantity-5-pack","13":"pa_quantity-60-pack","14":"flavours-chili","15":"flavours-citrus","16":"format-slim","17":"nicotine-25-mg-g","18":"nicotine-extra-strong","20":"first","21":"instock","22":"taxable","23":"shipping-taxable","24":"purchasable","25":"product-type-variable"},"acf":[],"_links":{"self":[{"href":"https:\/\/whitelip.com\/fr\/wp-json\/wp\/v2\/product\/8072","targetHints":{"allow":["GET"]}}],"collection":[{"href":"https:\/\/whitelip.com\/fr\/wp-json\/wp\/v2\/product"}],"about":[{"href":"https:\/\/whitelip.com\/fr\/wp-json\/wp\/v2\/types\/product"}],"replies":[{"embeddable":true,"href":"https:\/\/whitelip.com\/fr\/wp-json\/wp\/v2\/comments?post=8072"}],"wp:featuredmedia":[{"embeddable":true,"href":"https:\/\/whitelip.com\/fr\/wp-json\/wp\/v2\/media\/8073"}],"wp:attachment":[{"href":"https:\/\/whitelip.com\/fr\/wp-json\/wp\/v2\/media?parent=8072"}],"wp:term":[{"taxonomy":"product_brand","embeddable":true,"href":"https:\/\/whitelip.com\/fr\/wp-json\/wp\/v2\/product_brand?post=8072"},{"taxonomy":"product_cat","embeddable":true,"href":"https:\/\/whitelip.com\/fr\/wp-json\/wp\/v2\/product_cat?post=8072"},{"taxonomy":"product_tag","embeddable":true,"href":"https:\/\/whitelip.com\/fr\/wp-json\/wp\/v2\/product_tag?post=8072"},{"taxonomy":"flavours","embeddable":true,"href":"https:\/\/whitelip.com\/fr\/wp-json\/wp\/v2\/flavours?post=8072"},{"taxonomy":"format","embeddable":true,"href":"https:\/\/whitelip.com\/fr\/wp-json\/wp\/v2\/format?post=8072"},{"taxonomy":"nicotine","embeddable":true,"href":"https:\/\/whitelip.com\/fr\/wp-json\/wp\/v2\/nicotine?post=8072"}],"curies":[{"name":"wp","href":"https:\/\/api.w.org\/{rel}","templated":true}]}}