{"id":8066,"date":"2024-11-28T12:36:31","date_gmt":"2024-11-28T12:36:31","guid":{"rendered":"https:\/\/whitelip.com\/loop-habanero-mint-hyper-strong\/"},"modified":"2026-04-22T13:28:34","modified_gmt":"2026-04-22T13:28:34","slug":"loop-habanero-mint-hyper-strong","status":"publish","type":"product","link":"https:\/\/whitelip.com\/fr\/loop\/loop-habanero-mint-hyper-strong\/","title":{"rendered":"LOOP Habanero Mint Hyper Strong"},"content":{"rendered":"<h2><b>LOOP Habanero Mint Hyper Strong<\/b><\/h2>\n<p><span style=\"font-weight: 400;\">LOOP Habanero Mint Hyper Strong offre une combinaison audacieuse de piment habanero et de menthe fra\u00eeche, cr\u00e9ant une exp\u00e9rience nicotinique audacieuse et revigorante. Ces sachets de nicotine minces sont con\u00e7us pour les utilisateurs exp\u00e9riment\u00e9s qui recherchent un taux de nicotine \u00e9lev\u00e9 associ\u00e9 \u00e0 un profil d'ar\u00f4me aventureux. LOOP Habanero Mint Hyper Strong offre une sensation propre et satisfaisante, se pla\u00e7ant discr\u00e8tement sous la l\u00e8vre pour une utilisation pratique \u00e0 tout moment et en tout lieu.<\/span><\/p>\n<table>\n<tbody>\n<tr>\n<td><b>Attribut<\/b><\/td>\n<td><b>D\u00e9tails<\/b><\/td>\n<\/tr>\n<tr>\n<td><span style=\"font-weight: 400;\">Contenu par bo\u00eete<\/span><\/td>\n<td><span style=\"font-weight: 400;\">12g (20 sachets)<\/span><\/td>\n<\/tr>\n<tr>\n<td><span style=\"font-weight: 400;\">Teneur en nicotine<\/span><\/td>\n<td><span style=\"font-weight: 400;\">20 mg\/g<\/span><\/td>\n<\/tr>\n<tr>\n<td><span style=\"font-weight: 400;\">Format de la pochette<\/span><\/td>\n<td><span style=\"font-weight: 400;\">Mince<\/span><\/td>\n<\/tr>\n<tr>\n<td><span style=\"font-weight: 400;\">Producteur<\/span><\/td>\n<td><span style=\"font-weight: 400;\">boucle<\/span><\/td>\n<\/tr>\n<tr>\n<td><span style=\"font-weight: 400;\">Saveur<\/span><\/td>\n<td><span style=\"font-weight: 400;\">Habanero et Menthe<\/span><\/td>\n<\/tr>\n<tr>\n<td><span style=\"font-weight: 400;\">Taper<\/span><\/td>\n<td><span style=\"font-weight: 400;\">Pochette enti\u00e8rement blanche, sans tabac<\/span><\/td>\n<\/tr>\n<\/tbody>\n<\/table>","protected":false},"excerpt":{"rendered":"<p><span style=\"font-weight: 400;\">boucle <strong data-start=\"0\" data-end=\"17\" data-is-only-node=\"\">Menthe habanero<\/strong> associe la chaleur ardente \u00e0 la fra\u00eecheur de la menthe pour un profil audacieux et revigorant. Con\u00e7ue pour les utilisateurs exp\u00e9riment\u00e9s, la <strong data-start=\"119\" data-end=\"127\">mince<\/strong> se placent discr\u00e8tement et confortablement sous la l\u00e8vre, procurant une sensation propre et satisfaisante \u00e0 tout moment.<\/span><\/p>","protected":false},"featured_media":8067,"comment_status":"open","ping_status":"closed","template":"","format":[206],"meta":{"_acf_changed":false},"product_brand":[],"product_cat":[32],"product_tag":[17005],"flavours":[187,199],"nicotine":[219,232],"class_list":{"0":"post-8066","1":"product","2":"type-product","3":"status-publish","4":"has-post-thumbnail","6":"product_cat-loop","7":"product_tag-15-6-mg-pouch","8":"pa_quantity-1-pack","9":"pa_quantity-10-pack","10":"pa_quantity-3-pack","11":"pa_quantity-30-pack","12":"pa_quantity-5-pack","13":"pa_quantity-60-pack","14":"flavours-chili","15":"flavours-mint","16":"format-slim","17":"nicotine-25-mg-g","18":"nicotine-extra-strong","20":"first","21":"instock","22":"taxable","23":"shipping-taxable","24":"purchasable","25":"product-type-variable"},"acf":[],"_links":{"self":[{"href":"https:\/\/whitelip.com\/fr\/wp-json\/wp\/v2\/product\/8066","targetHints":{"allow":["GET"]}}],"collection":[{"href":"https:\/\/whitelip.com\/fr\/wp-json\/wp\/v2\/product"}],"about":[{"href":"https:\/\/whitelip.com\/fr\/wp-json\/wp\/v2\/types\/product"}],"replies":[{"embeddable":true,"href":"https:\/\/whitelip.com\/fr\/wp-json\/wp\/v2\/comments?post=8066"}],"wp:featuredmedia":[{"embeddable":true,"href":"https:\/\/whitelip.com\/fr\/wp-json\/wp\/v2\/media\/8067"}],"wp:attachment":[{"href":"https:\/\/whitelip.com\/fr\/wp-json\/wp\/v2\/media?parent=8066"}],"wp:term":[{"taxonomy":"product_brand","embeddable":true,"href":"https:\/\/whitelip.com\/fr\/wp-json\/wp\/v2\/product_brand?post=8066"},{"taxonomy":"product_cat","embeddable":true,"href":"https:\/\/whitelip.com\/fr\/wp-json\/wp\/v2\/product_cat?post=8066"},{"taxonomy":"product_tag","embeddable":true,"href":"https:\/\/whitelip.com\/fr\/wp-json\/wp\/v2\/product_tag?post=8066"},{"taxonomy":"flavours","embeddable":true,"href":"https:\/\/whitelip.com\/fr\/wp-json\/wp\/v2\/flavours?post=8066"},{"taxonomy":"format","embeddable":true,"href":"https:\/\/whitelip.com\/fr\/wp-json\/wp\/v2\/format?post=8066"},{"taxonomy":"nicotine","embeddable":true,"href":"https:\/\/whitelip.com\/fr\/wp-json\/wp\/v2\/nicotine?post=8066"}],"curies":[{"name":"wp","href":"https:\/\/api.w.org\/{rel}","templated":true}]}}