{"id":8044,"date":"2024-12-20T19:39:03","date_gmt":"2024-12-20T19:39:03","guid":{"rendered":"https:\/\/whitelip.com\/velo-lime-flame\/"},"modified":"2026-05-12T10:11:28","modified_gmt":"2026-05-12T10:11:28","slug":"velo-lime-flame","status":"publish","type":"product","link":"https:\/\/whitelip.com\/fr\/velo\/velo-lime-flame\/","title":{"rendered":"VELO Flamme de chaux"},"content":{"rendered":"<h2><strong>VELO Flamme de chaux\u00a0<\/strong><\/h2>\n<p>VELO Lime Flame &#8211; Ces sachets discrets combinent une nicotine de haute qualit\u00e9 avec des saveurs fra\u00eeches intenses de jalape\u00f1o et de citron vert, pour une exp\u00e9rience rafra\u00eechissante et durable. Les sachets sont propos\u00e9s dans un format slim avec une force en nicotine de 14,3 mg\/g.<\/p>\n<ul>\n<li>Saveur : Jalape\u00f1o et citron vert<\/li>\n<li>Format : Slim<\/li>\n<li>Nicotine : 14,3 mg\/g<\/li>\n<li>Pochettes : 20 pi\u00e8ces<\/li>\n<li>Poids : 14 g<\/li>\n<li>Marque : <a href=\"https:\/\/whitelip.se\/en\/velo\/\" target=\"_blank\" rel=\"noopener\">v\u00e9lo<\/a><\/li>\n<li>Fabricant : <a href=\"https:\/\/www.bat.com\/\" target=\"_blank\" rel=\"noopener\">BAT<\/a><\/li>\n<\/ul>\n<p><em><strong>A propos de la marque : VELO<\/strong><\/em><\/p>\n<p>D\u00e9couvrez le go\u00fbt et la popularit\u00e9 des sachets de nicotine VELO &#8211; une gamme de renomm\u00e9e mondiale qui offre une vari\u00e9t\u00e9 exceptionnelle de saveurs et de commodit\u00e9. Avec sa popularit\u00e9 mondiale et ses saveurs passionnantes et ses forces en nicotine vari\u00e9es, VELO offre une solution pratique et discr\u00e8te pour satisfaire vos besoins en nicotine. Explorez la large gamme de sachets de nicotine VELO et d\u00e9couvrez pourquoi c'est l'un des choix les plus populaires au monde pour une exp\u00e9rience de nicotine agr\u00e9able et pratique \u00e0 tout moment.<\/p>\n<p><em><strong>A propos de Whitelip.se :\u00a0<\/strong><\/em><\/p>\n<p><span data-contrast=\"auto\">Bienvenue sur Whitelip.se, votre destination ultime pour des sachets de nicotine de haute qualit\u00e9. Explorez notre vaste gamme de produits con\u00e7us pour r\u00e9pondre \u00e0 vos besoins en nicotine, avec des livraisons aux \u00c9tats-Unis et en Europe, toutes commod\u00e9ment disponibles avec des options de livraison gratuite \u00e0 la caisse. Am\u00e9liorez votre satisfaction \u00e0 chaque achat, car nous vous proposons des marques de premier ordre et une livraison sans faille \u00e0 votre porte. Faites l'exp\u00e9rience de la commodit\u00e9 ultime et de la qualit\u00e9 sup\u00e9rieure uniquement chez Whitelip.se. Achetez maintenant et laissez-vous tenter par le plaisir des sachets de nicotine blancs de premi\u00e8re qualit\u00e9.<\/span><\/p>","protected":false},"excerpt":{"rendered":"<p>Les sachets de nicotine VELO Lime Flame offrent un go\u00fbt intense et rafra\u00eechissant. <strong data-start=\"64\" data-end=\"83\">Jalape\u00f1o et citron vert<\/strong> pour une exp\u00e9rience durable. <strong data-start=\"122\" data-end=\"130\">Mince<\/strong>, Format enti\u00e8rement blanc pour une utilisation discr\u00e8te et confortable.<\/p>","protected":false},"featured_media":8045,"comment_status":"open","ping_status":"closed","template":"","format":[206],"meta":{"_acf_changed":false},"product_brand":[],"product_cat":[48],"product_tag":[16583],"flavours":[187],"nicotine":[211,232],"class_list":{"0":"post-8044","1":"product","2":"type-product","3":"status-publish","4":"has-post-thumbnail","6":"product_cat-velo","7":"product_tag-8-mg-pouch","8":"pa_quantity-1-pack","9":"pa_quantity-10-pack","10":"pa_quantity-3-pack","11":"pa_quantity-30-pack","12":"pa_quantity-5-pack","13":"pa_quantity-60-pack","14":"flavours-chili","15":"format-slim","16":"nicotine-14-mg-g","17":"nicotine-extra-strong","19":"first","20":"instock","21":"taxable","22":"shipping-taxable","23":"product-type-variable","24":"has-default-attributes"},"acf":[],"_links":{"self":[{"href":"https:\/\/whitelip.com\/fr\/wp-json\/wp\/v2\/product\/8044","targetHints":{"allow":["GET"]}}],"collection":[{"href":"https:\/\/whitelip.com\/fr\/wp-json\/wp\/v2\/product"}],"about":[{"href":"https:\/\/whitelip.com\/fr\/wp-json\/wp\/v2\/types\/product"}],"replies":[{"embeddable":true,"href":"https:\/\/whitelip.com\/fr\/wp-json\/wp\/v2\/comments?post=8044"}],"wp:featuredmedia":[{"embeddable":true,"href":"https:\/\/whitelip.com\/fr\/wp-json\/wp\/v2\/media\/8045"}],"wp:attachment":[{"href":"https:\/\/whitelip.com\/fr\/wp-json\/wp\/v2\/media?parent=8044"}],"wp:term":[{"taxonomy":"product_brand","embeddable":true,"href":"https:\/\/whitelip.com\/fr\/wp-json\/wp\/v2\/product_brand?post=8044"},{"taxonomy":"product_cat","embeddable":true,"href":"https:\/\/whitelip.com\/fr\/wp-json\/wp\/v2\/product_cat?post=8044"},{"taxonomy":"product_tag","embeddable":true,"href":"https:\/\/whitelip.com\/fr\/wp-json\/wp\/v2\/product_tag?post=8044"},{"taxonomy":"flavours","embeddable":true,"href":"https:\/\/whitelip.com\/fr\/wp-json\/wp\/v2\/flavours?post=8044"},{"taxonomy":"format","embeddable":true,"href":"https:\/\/whitelip.com\/fr\/wp-json\/wp\/v2\/format?post=8044"},{"taxonomy":"nicotine","embeddable":true,"href":"https:\/\/whitelip.com\/fr\/wp-json\/wp\/v2\/nicotine?post=8044"}],"curies":[{"name":"wp","href":"https:\/\/api.w.org\/{rel}","templated":true}]}}