{"id":8019,"date":"2024-11-28T12:35:43","date_gmt":"2024-11-28T12:35:43","guid":{"rendered":"https:\/\/whitelip.com\/loop-hot-rhubarb-3\/"},"modified":"2026-04-29T10:11:30","modified_gmt":"2026-04-29T10:11:30","slug":"loop-hot-rhubarb-3","status":"publish","type":"product","link":"https:\/\/whitelip.com\/fr\/loop\/loop-hot-rhubarb-3\/","title":{"rendered":"LOOP Hot Rhubarb #3"},"content":{"rendered":"<h2><b>LOOP Hot Rhubarb #3<\/b><\/h2>\n<p><span style=\"font-weight: 400;\">LOOP Rhubarbe \u00c9pic\u00e9e #3 offre une combinaison unique de rhubarbe acidul\u00e9e et d'une pointe d'\u00e9pice subtile, cr\u00e9ant une exp\u00e9rience nicotinique excitante et rafra\u00eechissante. Ces sachets de nicotine slim offrent une force nicotinique mod\u00e9r\u00e9e, les rendant id\u00e9aux pour les utilisateurs qui appr\u00e9cient une option \u00e9quilibr\u00e9e et savoureuse. Con\u00e7us pour une utilisation discr\u00e8te et confortable, LOOP Rhubarbe \u00c9pic\u00e9e #3 s'adapte parfaitement sous la l\u00e8vre, offrant une sensation propre et tonifiante avec une touche de saveur audacieuse.<\/span><\/p>\n<table>\n<tbody>\n<tr>\n<td><b>Attribut<\/b><\/td>\n<td><b>D\u00e9tails<\/b><\/td>\n<\/tr>\n<tr>\n<td><span style=\"font-weight: 400;\">Contenu par bo\u00eete<\/span><\/td>\n<td><span style=\"font-weight: 400;\">12g (20 sachets)<\/span><\/td>\n<\/tr>\n<tr>\n<td><span style=\"font-weight: 400;\">Teneur en nicotine<\/span><\/td>\n<td><span style=\"font-weight: 400;\">10 mg\/g<\/span><\/td>\n<\/tr>\n<tr>\n<td><span style=\"font-weight: 400;\">Format de la pochette<\/span><\/td>\n<td><span style=\"font-weight: 400;\">Mince<\/span><\/td>\n<\/tr>\n<tr>\n<td><span style=\"font-weight: 400;\">Producteur<\/span><\/td>\n<td><span style=\"font-weight: 400;\">boucle<\/span><\/td>\n<\/tr>\n<tr>\n<td><span style=\"font-weight: 400;\">Saveur<\/span><\/td>\n<td><span style=\"font-weight: 400;\">Rhubarbe \u00c9pic\u00e9e<\/span><\/td>\n<\/tr>\n<tr>\n<td><span style=\"font-weight: 400;\">Taper<\/span><\/td>\n<td><span style=\"font-weight: 400;\">Pochette enti\u00e8rement blanche, sans tabac<\/span><\/td>\n<\/tr>\n<\/tbody>\n<\/table>","protected":false},"excerpt":{"rendered":"<p><span style=\"font-weight: 400;\">LOOP Tangy <strong data-start=\"0\" data-end=\"42\" data-is-only-node=\"\">rhubarbe <\/strong>avec une pointe d'\u00e9pice subtile cr\u00e9e un profil rafra\u00eechissant et excitant. <strong>Mince<\/strong> les sachets s'adaptent discr\u00e8tement et confortablement sous la l\u00e8vre, offrant une sensation propre et tonifiante. La force nicotinique mod\u00e9r\u00e9e convient \u00e0 ceux qui pr\u00e9f\u00e8rent une option \u00e9quilibr\u00e9e et savoureuse.<\/span><\/p>","protected":false},"featured_media":8020,"comment_status":"open","ping_status":"closed","template":"","format":[206],"meta":{"_acf_changed":false},"product_brand":[],"product_cat":[32],"product_tag":[17011],"flavours":[187,196],"nicotine":[212,232],"class_list":{"0":"post-8019","1":"product","2":"type-product","3":"status-publish","4":"has-post-thumbnail","6":"product_cat-loop","7":"product_tag-9-4-mg-pouch","8":"pa_quantity-1-pack","9":"pa_quantity-10-pack","10":"pa_quantity-3-pack","11":"pa_quantity-30-pack","12":"pa_quantity-5-pack","13":"pa_quantity-60-pack","14":"flavours-chili","15":"flavours-fruits-berries","16":"format-slim","17":"nicotine-15-mg-g","18":"nicotine-extra-strong","20":"first","21":"instock","22":"taxable","23":"shipping-taxable","24":"purchasable","25":"product-type-variable"},"acf":[],"_links":{"self":[{"href":"https:\/\/whitelip.com\/fr\/wp-json\/wp\/v2\/product\/8019","targetHints":{"allow":["GET"]}}],"collection":[{"href":"https:\/\/whitelip.com\/fr\/wp-json\/wp\/v2\/product"}],"about":[{"href":"https:\/\/whitelip.com\/fr\/wp-json\/wp\/v2\/types\/product"}],"replies":[{"embeddable":true,"href":"https:\/\/whitelip.com\/fr\/wp-json\/wp\/v2\/comments?post=8019"}],"wp:featuredmedia":[{"embeddable":true,"href":"https:\/\/whitelip.com\/fr\/wp-json\/wp\/v2\/media\/8020"}],"wp:attachment":[{"href":"https:\/\/whitelip.com\/fr\/wp-json\/wp\/v2\/media?parent=8019"}],"wp:term":[{"taxonomy":"product_brand","embeddable":true,"href":"https:\/\/whitelip.com\/fr\/wp-json\/wp\/v2\/product_brand?post=8019"},{"taxonomy":"product_cat","embeddable":true,"href":"https:\/\/whitelip.com\/fr\/wp-json\/wp\/v2\/product_cat?post=8019"},{"taxonomy":"product_tag","embeddable":true,"href":"https:\/\/whitelip.com\/fr\/wp-json\/wp\/v2\/product_tag?post=8019"},{"taxonomy":"flavours","embeddable":true,"href":"https:\/\/whitelip.com\/fr\/wp-json\/wp\/v2\/flavours?post=8019"},{"taxonomy":"format","embeddable":true,"href":"https:\/\/whitelip.com\/fr\/wp-json\/wp\/v2\/format?post=8019"},{"taxonomy":"nicotine","embeddable":true,"href":"https:\/\/whitelip.com\/fr\/wp-json\/wp\/v2\/nicotine?post=8019"}],"curies":[{"name":"wp","href":"https:\/\/api.w.org\/{rel}","templated":true}]}}