{"id":8005,"date":"2024-12-20T19:39:10","date_gmt":"2024-12-20T19:39:10","guid":{"rendered":"https:\/\/whitelip.com\/xqs-twin-apple-light\/"},"modified":"2026-05-11T10:11:24","modified_gmt":"2026-05-11T10:11:24","slug":"xqs-twin-apple-light","status":"publish","type":"product","link":"https:\/\/whitelip.com\/fr\/xqs\/xqs-twin-apple-light\/","title":{"rendered":"XQS Twin Apple Light"},"content":{"rendered":"<h2><b>XQS Twin Apple Light<\/b><\/h2>\n<p><span style=\"font-weight: 400;\">La lampe XQS Twin Apple Light offre une <\/span><b>go\u00fbt de pomme rafra\u00eechissant et \u00e9quilibr\u00e9<\/b><span style=\"font-weight: 400;\">, Ce m\u00e9lange doux et fruit\u00e9 est parfait pour les utilisateurs \u00e0 la recherche d'une option de nicotine plus l\u00e9g\u00e8re. Ce m\u00e9lange doux et fruit\u00e9 est parfait pour les utilisateurs \u00e0 la recherche d'une option plus l\u00e9g\u00e8re en nicotine. Chaque sachet fin, enti\u00e8rement blanc, contient <\/span><b>4 mg de nicotine<\/b><span style=\"font-weight: 400;\">, Il offre une lib\u00e9ration douce et r\u00e9guli\u00e8re, adapt\u00e9e \u00e0 un usage quotidien.<\/span><\/p>\n<p><span style=\"font-weight: 400;\">Le format fin assure une tenue discr\u00e8te et confortable sous la l\u00e8vre, permettant une utilisation propre et sans tache \u00e0 chaque fois que vous en avez besoin. Fabriqu\u00e9 sans tabac et avec des mat\u00e9riaux v\u00e9g\u00e9taux de haute qualit\u00e9, XQS Twin Apple Light offre une alternative moderne \u00e0 la nicotine avec une saveur fruit\u00e9e qui satisfait sans dominer.<\/span><\/p>\n<table>\n<tbody>\n<tr>\n<td><b>Attribut<\/b><\/td>\n<td><b>D\u00e9tails<\/b><\/td>\n<\/tr>\n<tr>\n<td><b>Marque<\/b><\/td>\n<td><span style=\"font-weight: 400;\">XQS<\/span><\/td>\n<\/tr>\n<tr>\n<td><b>Type de produit<\/b><\/td>\n<td><span style=\"font-weight: 400;\">Tous les sachets de nicotine blancs<\/span><\/td>\n<\/tr>\n<tr>\n<td><b>Format<\/b><\/td>\n<td><span style=\"font-weight: 400;\">Mince<\/span><\/td>\n<\/tr>\n<tr>\n<td><b>Saveur<\/b><\/td>\n<td><span style=\"font-weight: 400;\">Pomme verte et pomme rouge<\/span><\/td>\n<\/tr>\n<tr>\n<td><b>Intensit\u00e9 de la nicotine<\/b><\/td>\n<td><span style=\"font-weight: 400;\">4 mg par pochette (5 mg\/g)<\/span><\/td>\n<\/tr>\n<tr>\n<td><b>Poids de la portion<\/b><\/td>\n<td><span style=\"font-weight: 400;\">0,75 grammes<\/span><\/td>\n<\/tr>\n<tr>\n<td><b>Nombre de portions<\/b><\/td>\n<td><span style=\"font-weight: 400;\">20 par bo\u00eete<\/span><\/td>\n<\/tr>\n<tr>\n<td><b>Poids total de la bo\u00eete<\/b><\/td>\n<td><span style=\"font-weight: 400;\">15 grammes<\/span><\/td>\n<\/tr>\n<tr>\n<td><b>Fabricant<\/b><\/td>\n<td><span style=\"font-weight: 400;\">XQS International<\/span><\/td>\n<\/tr>\n<tr>\n<td><b>Caract\u00e9ristiques notables<\/b><\/td>\n<td><span style=\"font-weight: 400;\">Sans tabac, format slim, saveur jumel\u00e9e de pomme verte et rouge lisse et fruit\u00e9e<\/span><\/td>\n<\/tr>\n<\/tbody>\n<\/table>","protected":false},"excerpt":{"rendered":"<p>XQS <strong data-start=\"4\" data-end=\"18\">Pomme jumelle<\/strong> <strong data-start=\"19\" data-end=\"28\">Lumi\u00e8re<\/strong> m\u00e9lange des pommes vertes croquantes et des pommes rouges sucr\u00e9es pour un profil naturel et rafra\u00eechissant. Les <strong data-start=\"107\" data-end=\"115\">mince<\/strong>, Les pochettes enti\u00e8rement blanches sont discr\u00e8tes et confortables. Chaque pochette contient <strong data-start=\"185\" data-end=\"202\">4 mg de nicotine<\/strong> pour une lib\u00e9ration douce et r\u00e9guli\u00e8re adapt\u00e9e \u00e0 un usage quotidien.<\/p>","protected":false},"featured_media":8006,"comment_status":"open","ping_status":"closed","template":"","format":[206],"meta":{"_acf_changed":false},"product_brand":[],"product_cat":[27],"product_tag":[],"flavours":[196],"nicotine":[230,236],"class_list":{"0":"post-8005","1":"product","2":"type-product","3":"status-publish","4":"has-post-thumbnail","6":"product_cat-xqs","7":"pa_quantity-1-pack","8":"pa_quantity-10-pack","9":"pa_quantity-3-pack","10":"pa_quantity-30-pack","11":"pa_quantity-5-pack","12":"pa_quantity-60-pack","13":"flavours-fruits-berries","14":"format-slim","15":"nicotine-8-mg-g","16":"nicotine-strong","18":"first","19":"outofstock","20":"taxable","21":"shipping-taxable","22":"purchasable","23":"product-type-variable"},"acf":[],"_links":{"self":[{"href":"https:\/\/whitelip.com\/fr\/wp-json\/wp\/v2\/product\/8005","targetHints":{"allow":["GET"]}}],"collection":[{"href":"https:\/\/whitelip.com\/fr\/wp-json\/wp\/v2\/product"}],"about":[{"href":"https:\/\/whitelip.com\/fr\/wp-json\/wp\/v2\/types\/product"}],"replies":[{"embeddable":true,"href":"https:\/\/whitelip.com\/fr\/wp-json\/wp\/v2\/comments?post=8005"}],"wp:featuredmedia":[{"embeddable":true,"href":"https:\/\/whitelip.com\/fr\/wp-json\/wp\/v2\/media\/8006"}],"wp:attachment":[{"href":"https:\/\/whitelip.com\/fr\/wp-json\/wp\/v2\/media?parent=8005"}],"wp:term":[{"taxonomy":"product_brand","embeddable":true,"href":"https:\/\/whitelip.com\/fr\/wp-json\/wp\/v2\/product_brand?post=8005"},{"taxonomy":"product_cat","embeddable":true,"href":"https:\/\/whitelip.com\/fr\/wp-json\/wp\/v2\/product_cat?post=8005"},{"taxonomy":"product_tag","embeddable":true,"href":"https:\/\/whitelip.com\/fr\/wp-json\/wp\/v2\/product_tag?post=8005"},{"taxonomy":"flavours","embeddable":true,"href":"https:\/\/whitelip.com\/fr\/wp-json\/wp\/v2\/flavours?post=8005"},{"taxonomy":"format","embeddable":true,"href":"https:\/\/whitelip.com\/fr\/wp-json\/wp\/v2\/format?post=8005"},{"taxonomy":"nicotine","embeddable":true,"href":"https:\/\/whitelip.com\/fr\/wp-json\/wp\/v2\/nicotine?post=8005"}],"curies":[{"name":"wp","href":"https:\/\/api.w.org\/{rel}","templated":true}]}}