{"id":7993,"date":"2024-12-20T19:39:10","date_gmt":"2024-12-20T19:39:10","guid":{"rendered":"https:\/\/whitelip.com\/xqs-blueberry-mint-light\/"},"modified":"2026-04-21T10:28:38","modified_gmt":"2026-04-21T10:28:38","slug":"xqs-blueberry-mint-light","status":"publish","type":"product","link":"https:\/\/whitelip.com\/fr\/xqs\/xqs-blueberry-mint-light\/","title":{"rendered":"XQS Myrtille Menthe Light"},"content":{"rendered":"<h2><b>XQS Myrtille Menthe Light<\/b><\/h2>\n<p><span style=\"font-weight: 400;\">Le XQS Blueberry Mint Light offre une sensation de fra\u00eecheur et de fra\u00eecheur. <\/span><b>saveur douce de myrtille<\/b><span style=\"font-weight: 400;\"> compl\u00e9t\u00e9e par un rafra\u00eechissement <\/span><b>torsion \u00e0 la menthe<\/b><span style=\"font-weight: 400;\">, Ce m\u00e9lange \u00e9quilibr\u00e9 offre une l\u00e9g\u00e8re douceur fruit\u00e9e associ\u00e9e \u00e0 un final rafra\u00eechissant. Ce m\u00e9lange \u00e9quilibr\u00e9 offre une l\u00e9g\u00e8re douceur fruit\u00e9e associ\u00e9e \u00e0 une finale rafra\u00eechissante, parfaite pour les utilisateurs \u00e0 la recherche d'une option plus l\u00e9g\u00e8re en nicotine. Chaque sachet fin, enti\u00e8rement blanc, contient <\/span><b>4 mg de nicotine<\/b><span style=\"font-weight: 400;\">, L'utilisation d'un syst\u00e8me d'extraction \u00e0 la fois doux et r\u00e9gulier est id\u00e9ale pour une utilisation quotidienne.<\/span><\/p>\n<p><span style=\"font-weight: 400;\">Le format fin assure une tenue discr\u00e8te et confortable sous la l\u00e8vre, permettant une utilisation propre et sans tache \u00e0 tout moment. Fabriqu\u00e9 enti\u00e8rement sans tabac et \u00e0 partir de fibres v\u00e9g\u00e9tales de haute qualit\u00e9, XQS Blueberry Mint Light offre une alternative moderne \u00e0 la nicotine avec une saveur douce et fruit\u00e9e et une fra\u00eecheur rafra\u00eechissante.<\/span><\/p>\n<table>\n<tbody>\n<tr>\n<td><b>Attribut<\/b><\/td>\n<td><b>D\u00e9tails<\/b><\/td>\n<\/tr>\n<tr>\n<td><b>Marque<\/b><\/td>\n<td><span style=\"font-weight: 400;\">XQS<\/span><\/td>\n<\/tr>\n<tr>\n<td><b>Type de produit<\/b><\/td>\n<td><span style=\"font-weight: 400;\">Tous les sachets de nicotine blancs<\/span><\/td>\n<\/tr>\n<tr>\n<td><b>Format<\/b><\/td>\n<td><span style=\"font-weight: 400;\">Mince<\/span><\/td>\n<\/tr>\n<tr>\n<td><b>Saveur<\/b><\/td>\n<td><span style=\"font-weight: 400;\">Myrtille et Menthe<\/span><\/td>\n<\/tr>\n<tr>\n<td><b>Intensit\u00e9 de la nicotine<\/b><\/td>\n<td><span style=\"font-weight: 400;\">4 mg par pochette (5 mg\/g)<\/span><\/td>\n<\/tr>\n<tr>\n<td><b>Poids de la portion<\/b><\/td>\n<td><span style=\"font-weight: 400;\">0,75 grammes<\/span><\/td>\n<\/tr>\n<tr>\n<td><b>Nombre de portions<\/b><\/td>\n<td><span style=\"font-weight: 400;\">20 par bo\u00eete<\/span><\/td>\n<\/tr>\n<tr>\n<td><b>Poids total de la bo\u00eete<\/b><\/td>\n<td><span style=\"font-weight: 400;\">15 grammes<\/span><\/td>\n<\/tr>\n<tr>\n<td><b>Fabricant<\/b><\/td>\n<td><span style=\"font-weight: 400;\">XQS International<\/span><\/td>\n<\/tr>\n<tr>\n<td><b>Caract\u00e9ristiques notables<\/b><\/td>\n<td><span style=\"font-weight: 400;\">Sans tabac, format mince, saveur douce de myrtille avec une touche de menthe rafra\u00eechissante<\/span><\/td>\n<\/tr>\n<\/tbody>\n<\/table>","protected":false},"excerpt":{"rendered":"<p>XQS <strong data-start=\"4\" data-end=\"22\">Myrtille Menthe<\/strong> <strong data-start=\"23\" data-end=\"32\">Lumi\u00e8re<\/strong> offre une myrtille douce avec une touche de menthe rafra\u00eechissante pour un profil d\u00e9licat et vivifiant. Les <strong data-start=\"130\" data-end=\"138\">mince<\/strong>, Les pochettes enti\u00e8rement blanches sont discr\u00e8tes et confortables. Chaque pochette contient <strong data-start=\"208\" data-end=\"225\">4 mg de nicotine<\/strong> pour une lib\u00e9ration douce et r\u00e9guli\u00e8re adapt\u00e9e \u00e0 un usage quotidien.<\/p>","protected":false},"featured_media":63915,"comment_status":"open","ping_status":"closed","template":"","format":[206],"meta":{"_acf_changed":false},"product_brand":[],"product_cat":[27],"product_tag":[16585],"flavours":[196],"nicotine":[230,236],"class_list":{"0":"post-7993","1":"product","2":"type-product","3":"status-publish","4":"has-post-thumbnail","6":"product_cat-xqs","7":"product_tag-4-mg-pouch","8":"pa_quantity-1-pack","9":"pa_quantity-10-pack","10":"pa_quantity-3-pack","11":"pa_quantity-30-pack","12":"pa_quantity-5-pack","13":"pa_quantity-60-pack","14":"flavours-fruits-berries","15":"format-slim","16":"nicotine-8-mg-g","17":"nicotine-strong","19":"first","20":"instock","21":"taxable","22":"shipping-taxable","23":"purchasable","24":"product-type-variable"},"acf":[],"_links":{"self":[{"href":"https:\/\/whitelip.com\/fr\/wp-json\/wp\/v2\/product\/7993","targetHints":{"allow":["GET"]}}],"collection":[{"href":"https:\/\/whitelip.com\/fr\/wp-json\/wp\/v2\/product"}],"about":[{"href":"https:\/\/whitelip.com\/fr\/wp-json\/wp\/v2\/types\/product"}],"replies":[{"embeddable":true,"href":"https:\/\/whitelip.com\/fr\/wp-json\/wp\/v2\/comments?post=7993"}],"wp:featuredmedia":[{"embeddable":true,"href":"https:\/\/whitelip.com\/fr\/wp-json\/wp\/v2\/media\/63915"}],"wp:attachment":[{"href":"https:\/\/whitelip.com\/fr\/wp-json\/wp\/v2\/media?parent=7993"}],"wp:term":[{"taxonomy":"product_brand","embeddable":true,"href":"https:\/\/whitelip.com\/fr\/wp-json\/wp\/v2\/product_brand?post=7993"},{"taxonomy":"product_cat","embeddable":true,"href":"https:\/\/whitelip.com\/fr\/wp-json\/wp\/v2\/product_cat?post=7993"},{"taxonomy":"product_tag","embeddable":true,"href":"https:\/\/whitelip.com\/fr\/wp-json\/wp\/v2\/product_tag?post=7993"},{"taxonomy":"flavours","embeddable":true,"href":"https:\/\/whitelip.com\/fr\/wp-json\/wp\/v2\/flavours?post=7993"},{"taxonomy":"format","embeddable":true,"href":"https:\/\/whitelip.com\/fr\/wp-json\/wp\/v2\/format?post=7993"},{"taxonomy":"nicotine","embeddable":true,"href":"https:\/\/whitelip.com\/fr\/wp-json\/wp\/v2\/nicotine?post=7993"}],"curies":[{"name":"wp","href":"https:\/\/api.w.org\/{rel}","templated":true}]}}