{"id":7991,"date":"2024-11-28T12:35:40","date_gmt":"2024-11-28T12:35:40","guid":{"rendered":"https:\/\/whitelip.com\/loop-jalapeno-lime-4\/"},"modified":"2026-04-29T10:11:30","modified_gmt":"2026-04-29T10:11:30","slug":"loop-jalapeno-lime-4","status":"publish","type":"product","link":"https:\/\/whitelip.com\/fr\/loop\/loop-jalapeno-lime-4\/","title":{"rendered":"LOOP Jalape\u00f1o Lime #4"},"content":{"rendered":"<h2><b>LOOP Jalape\u00f1o Lime #4<\/b><\/h2>\n<p><span style=\"font-weight: 400;\">LOOP Jalape\u00f1o Lime #4 associe la fra\u00eecheur piquante du citron vert au piquant du jalape\u00f1o, offrant ainsi une exp\u00e9rience nicotinique audacieuse et dynamique. Ces sachets de nicotine minces offrent un taux de nicotine plus \u00e9lev\u00e9, ce qui les rend adapt\u00e9s aux utilisateurs exp\u00e9riment\u00e9s \u00e0 la recherche d'une option intense mais savoureuse. Con\u00e7u pour une utilisation discr\u00e8te et confortable, LOOP Jalape\u00f1o Lime #4 s'ins\u00e8re parfaitement sous la l\u00e8vre, procurant une sensation nette et vivifiante gr\u00e2ce \u00e0 un m\u00e9lange unique d'\u00e9pices et d'agrumes.<\/span><\/p>\n<table>\n<tbody>\n<tr>\n<td><b>Attribut<\/b><\/td>\n<td><b>D\u00e9tails<\/b><\/td>\n<\/tr>\n<tr>\n<td><span style=\"font-weight: 400;\">Contenu par bo\u00eete<\/span><\/td>\n<td><span style=\"font-weight: 400;\">12g (20 sachets)<\/span><\/td>\n<\/tr>\n<tr>\n<td><span style=\"font-weight: 400;\">Teneur en nicotine<\/span><\/td>\n<td><span style=\"font-weight: 400;\">12 mg\/g<\/span><\/td>\n<\/tr>\n<tr>\n<td><span style=\"font-weight: 400;\">Format de la pochette<\/span><\/td>\n<td><span style=\"font-weight: 400;\">Mince<\/span><\/td>\n<\/tr>\n<tr>\n<td><span style=\"font-weight: 400;\">Producteur<\/span><\/td>\n<td><span style=\"font-weight: 400;\">boucle<\/span><\/td>\n<\/tr>\n<tr>\n<td><span style=\"font-weight: 400;\">Saveur<\/span><\/td>\n<td><span style=\"font-weight: 400;\">Jalape\u00f1o et Citron Vert<\/span><\/td>\n<\/tr>\n<tr>\n<td><span style=\"font-weight: 400;\">Taper<\/span><\/td>\n<td><span style=\"font-weight: 400;\">Pochette enti\u00e8rement blanche, sans tabac<\/span><\/td>\n<\/tr>\n<\/tbody>\n<\/table>","protected":false},"excerpt":{"rendered":"<p><span style=\"font-weight: 400;\">boucle <strong data-start=\"0\" data-end=\"19\" data-is-only-node=\"\">jalape\u00f1o &amp; <\/strong><strong data-start=\"0\" data-end=\"19\" data-is-only-node=\"\">Chaux<\/strong>\u00a0combinent des agrumes piquants avec un soup\u00e7on d'\u00e9pices pour un profil audacieux et dynamique. Les <strong data-start=\"92\" data-end=\"100\">mince<\/strong> s'ins\u00e8rent discr\u00e8tement sous la l\u00e8vre, procurant une sensation nette et vivifiante aux utilisateurs exp\u00e9riment\u00e9s \u00e0 la recherche d'une option \u00e0 plus forte teneur en nicotine.<\/span><\/p>","protected":false},"featured_media":84552,"comment_status":"open","ping_status":"closed","template":"","format":[206],"meta":{"_acf_changed":false},"product_brand":[],"product_cat":[32],"product_tag":[16775,16521],"flavours":[187,190],"nicotine":[218,232],"class_list":{"0":"post-7991","1":"product","2":"type-product","3":"status-publish","4":"has-post-thumbnail","6":"product_cat-loop","7":"product_tag-12-5-mg-pouch","8":"product_tag-15-off","9":"pa_quantity-1-pack","10":"pa_quantity-10-pack","11":"pa_quantity-3-pack","12":"pa_quantity-30-pack","13":"pa_quantity-5-pack","14":"pa_quantity-60-pack","15":"flavours-chili","16":"flavours-citrus","17":"format-slim","18":"nicotine-20-mg-g","19":"nicotine-extra-strong","21":"first","22":"instock","23":"sale","24":"taxable","25":"shipping-taxable","26":"purchasable","27":"product-type-variable"},"acf":[],"_links":{"self":[{"href":"https:\/\/whitelip.com\/fr\/wp-json\/wp\/v2\/product\/7991","targetHints":{"allow":["GET"]}}],"collection":[{"href":"https:\/\/whitelip.com\/fr\/wp-json\/wp\/v2\/product"}],"about":[{"href":"https:\/\/whitelip.com\/fr\/wp-json\/wp\/v2\/types\/product"}],"replies":[{"embeddable":true,"href":"https:\/\/whitelip.com\/fr\/wp-json\/wp\/v2\/comments?post=7991"}],"wp:featuredmedia":[{"embeddable":true,"href":"https:\/\/whitelip.com\/fr\/wp-json\/wp\/v2\/media\/84552"}],"wp:attachment":[{"href":"https:\/\/whitelip.com\/fr\/wp-json\/wp\/v2\/media?parent=7991"}],"wp:term":[{"taxonomy":"product_brand","embeddable":true,"href":"https:\/\/whitelip.com\/fr\/wp-json\/wp\/v2\/product_brand?post=7991"},{"taxonomy":"product_cat","embeddable":true,"href":"https:\/\/whitelip.com\/fr\/wp-json\/wp\/v2\/product_cat?post=7991"},{"taxonomy":"product_tag","embeddable":true,"href":"https:\/\/whitelip.com\/fr\/wp-json\/wp\/v2\/product_tag?post=7991"},{"taxonomy":"flavours","embeddable":true,"href":"https:\/\/whitelip.com\/fr\/wp-json\/wp\/v2\/flavours?post=7991"},{"taxonomy":"format","embeddable":true,"href":"https:\/\/whitelip.com\/fr\/wp-json\/wp\/v2\/format?post=7991"},{"taxonomy":"nicotine","embeddable":true,"href":"https:\/\/whitelip.com\/fr\/wp-json\/wp\/v2\/nicotine?post=7991"}],"curies":[{"name":"wp","href":"https:\/\/api.w.org\/{rel}","templated":true}]}}