{"id":7985,"date":"2024-12-20T19:39:09","date_gmt":"2024-12-20T19:39:09","guid":{"rendered":"https:\/\/whitelip.com\/xqs-fizzy-cola-light\/"},"modified":"2026-04-13T17:36:45","modified_gmt":"2026-04-13T17:36:45","slug":"xqs-fizzy-cola-light","status":"publish","type":"product","link":"https:\/\/whitelip.com\/fr\/xqs\/xqs-fizzy-cola-light\/","title":{"rendered":"XQS Fizzy Cola Light"},"content":{"rendered":"<h2><b>XQS Fizzy Cola Light<\/b><\/h2>\n<p><span style=\"font-weight: 400;\">Le XQS Fizzy Cola Light offre une <\/span><b>go\u00fbt sucr\u00e9 et acidul\u00e9 de cola<\/b><span style=\"font-weight: 400;\"> avec une subtile sensation de p\u00e9tillement, offrant une exp\u00e9rience nicotinique amusante et rafra\u00eechissante. Ce go\u00fbt l\u00e9ger et nostalgique est parfait pour les utilisateurs qui recherchent une option de nicotine douce avec une touche ludique. Chaque sachet fin, enti\u00e8rement blanc, contient <\/span><b>4 mg de nicotine<\/b><span style=\"font-weight: 400;\">, L'utilisation de l'appareil se fait en douceur et de mani\u00e8re r\u00e9guli\u00e8re, pour une utilisation quotidienne agr\u00e9able.<\/span><\/p>\n<p><span style=\"font-weight: 400;\">Le format fin assure une tenue discr\u00e8te et confortable sous la l\u00e8vre, permettant une utilisation propre et sans tache o\u00f9 que vous soyez. Fabriqu\u00e9 sans tabac et avec des mat\u00e9riaux v\u00e9g\u00e9taux de haute qualit\u00e9, XQS Fizzy Cola Light est une alternative moderne \u00e0 la nicotine pour ceux qui appr\u00e9cient la saveur douce du cola avec un taux de nicotine plus l\u00e9ger.<\/span><\/p>\n<table>\n<tbody>\n<tr>\n<td><b>Attribut<\/b><\/td>\n<td><b>D\u00e9tails<\/b><\/td>\n<\/tr>\n<tr>\n<td><b>Marque<\/b><\/td>\n<td><span style=\"font-weight: 400;\">XQS<\/span><\/td>\n<\/tr>\n<tr>\n<td><b>Type de produit<\/b><\/td>\n<td><span style=\"font-weight: 400;\">Tous les sachets de nicotine blancs<\/span><\/td>\n<\/tr>\n<tr>\n<td><b>Format<\/b><\/td>\n<td><span style=\"font-weight: 400;\">Mince<\/span><\/td>\n<\/tr>\n<tr>\n<td><b>Saveur<\/b><\/td>\n<td><span style=\"font-weight: 400;\">Cola p\u00e9tillant<\/span><\/td>\n<\/tr>\n<tr>\n<td><b>Intensit\u00e9 de la nicotine<\/b><\/td>\n<td><span style=\"font-weight: 400;\">4 mg par pochette (5 mg\/g)<\/span><\/td>\n<\/tr>\n<tr>\n<td><b>Poids de la portion<\/b><\/td>\n<td><span style=\"font-weight: 400;\">0,75 grammes<\/span><\/td>\n<\/tr>\n<tr>\n<td><b>Nombre de portions<\/b><\/td>\n<td><span style=\"font-weight: 400;\">20 par bo\u00eete<\/span><\/td>\n<\/tr>\n<tr>\n<td><b>Poids total de la bo\u00eete<\/b><\/td>\n<td><span style=\"font-weight: 400;\">15 grammes<\/span><\/td>\n<\/tr>\n<tr>\n<td><b>Fabricant<\/b><\/td>\n<td><span style=\"font-weight: 400;\">XQS International<\/span><\/td>\n<\/tr>\n<tr>\n<td><b>Caract\u00e9ristiques notables<\/b><\/td>\n<td><span style=\"font-weight: 400;\">Sans tabac, format fin, saveur sucr\u00e9e et acidul\u00e9e de cola avec une touche p\u00e9tillante<\/span><\/td>\n<\/tr>\n<\/tbody>\n<\/table>","protected":false},"excerpt":{"rendered":"<p>XQS <strong data-start=\"4\" data-end=\"18\">Cola p\u00e9tillant<\/strong> <strong data-start=\"19\" data-end=\"28\">Lumi\u00e8re<\/strong> offre un cola sucr\u00e9 et acidul\u00e9 avec une subtile sensation de p\u00e9tillant pour un profil amusant et rafra\u00eechissant. La <strong data-start=\"120\" data-end=\"128\">mince<\/strong>, Les pochettes enti\u00e8rement blanches sont discr\u00e8tes et confortables. Chaque pochette contient <strong>4 mg de nicotine<\/strong> pour une lib\u00e9ration douce et r\u00e9guli\u00e8re adapt\u00e9e \u00e0 un usage quotidien.<\/p>","protected":false},"featured_media":7986,"comment_status":"open","ping_status":"closed","template":"","format":[206],"meta":{"_acf_changed":false},"product_brand":[],"product_cat":[27],"product_tag":[16585],"flavours":[193],"nicotine":[230,236],"class_list":{"0":"post-7985","1":"product","2":"type-product","3":"status-publish","4":"has-post-thumbnail","6":"product_cat-xqs","7":"product_tag-4-mg-pouch","8":"pa_quantity-1-pack","9":"pa_quantity-10-pack","10":"pa_quantity-5-pack","11":"flavours-cola","12":"format-slim","13":"nicotine-8-mg-g","14":"nicotine-strong","16":"first","17":"outofstock","18":"taxable","19":"shipping-taxable","20":"purchasable","21":"product-type-variable"},"acf":[],"_links":{"self":[{"href":"https:\/\/whitelip.com\/fr\/wp-json\/wp\/v2\/product\/7985","targetHints":{"allow":["GET"]}}],"collection":[{"href":"https:\/\/whitelip.com\/fr\/wp-json\/wp\/v2\/product"}],"about":[{"href":"https:\/\/whitelip.com\/fr\/wp-json\/wp\/v2\/types\/product"}],"replies":[{"embeddable":true,"href":"https:\/\/whitelip.com\/fr\/wp-json\/wp\/v2\/comments?post=7985"}],"wp:featuredmedia":[{"embeddable":true,"href":"https:\/\/whitelip.com\/fr\/wp-json\/wp\/v2\/media\/7986"}],"wp:attachment":[{"href":"https:\/\/whitelip.com\/fr\/wp-json\/wp\/v2\/media?parent=7985"}],"wp:term":[{"taxonomy":"product_brand","embeddable":true,"href":"https:\/\/whitelip.com\/fr\/wp-json\/wp\/v2\/product_brand?post=7985"},{"taxonomy":"product_cat","embeddable":true,"href":"https:\/\/whitelip.com\/fr\/wp-json\/wp\/v2\/product_cat?post=7985"},{"taxonomy":"product_tag","embeddable":true,"href":"https:\/\/whitelip.com\/fr\/wp-json\/wp\/v2\/product_tag?post=7985"},{"taxonomy":"flavours","embeddable":true,"href":"https:\/\/whitelip.com\/fr\/wp-json\/wp\/v2\/flavours?post=7985"},{"taxonomy":"format","embeddable":true,"href":"https:\/\/whitelip.com\/fr\/wp-json\/wp\/v2\/format?post=7985"},{"taxonomy":"nicotine","embeddable":true,"href":"https:\/\/whitelip.com\/fr\/wp-json\/wp\/v2\/nicotine?post=7985"}],"curies":[{"name":"wp","href":"https:\/\/api.w.org\/{rel}","templated":true}]}}