{"id":7983,"date":"2024-11-28T12:35:39","date_gmt":"2024-11-28T12:35:39","guid":{"rendered":"https:\/\/whitelip.com\/loop-hot-mango-3\/"},"modified":"2026-04-29T10:11:03","modified_gmt":"2026-04-29T10:11:03","slug":"loop-hot-mango-3","status":"publish","type":"product","link":"https:\/\/whitelip.com\/fr\/loop\/loop-hot-mango-3\/","title":{"rendered":"LOOP Hot Mango #3"},"content":{"rendered":"<h2><b>LOOP Hot Mango #3<\/b><\/h2>\n<p><span style=\"font-weight: 400;\">LOOP Mangue \u00c9pic\u00e9e #3 combine la douceur tropicale de la mangue m\u00fbre avec une pointe d'\u00e9pice douce, cr\u00e9ant une exp\u00e9rience nicotinique savoureuse et rafra\u00eechissante. Ces sachets de nicotine slim offrent une force nicotinique mod\u00e9r\u00e9e, les rendant id\u00e9aux pour les utilisateurs qui appr\u00e9cient une saveur \u00e9quilibr\u00e9e et distinctive. Con\u00e7us pour une utilisation discr\u00e8te et confortable, LOOP Mangue \u00c9pic\u00e9e #3 s'adapte facilement sous la l\u00e8vre, offrant une option propre et satisfaisante pour toute occasion.<\/span><\/p>\n<table>\n<tbody>\n<tr>\n<td><b>Attribut<\/b><\/td>\n<td><b>D\u00e9tails<\/b><\/td>\n<\/tr>\n<tr>\n<td><span style=\"font-weight: 400;\">Contenu par bo\u00eete<\/span><\/td>\n<td><span style=\"font-weight: 400;\">12g (20 sachets)<\/span><\/td>\n<\/tr>\n<tr>\n<td><span style=\"font-weight: 400;\">Teneur en nicotine<\/span><\/td>\n<td><span style=\"font-weight: 400;\">10 mg\/g<\/span><\/td>\n<\/tr>\n<tr>\n<td><span style=\"font-weight: 400;\">Format de la pochette<\/span><\/td>\n<td><span style=\"font-weight: 400;\">Mince<\/span><\/td>\n<\/tr>\n<tr>\n<td><span style=\"font-weight: 400;\">Producteur<\/span><\/td>\n<td><span style=\"font-weight: 400;\">boucle<\/span><\/td>\n<\/tr>\n<tr>\n<td><span style=\"font-weight: 400;\">Saveur<\/span><\/td>\n<td><span style=\"font-weight: 400;\">Mangue \u00c9pic\u00e9e<\/span><\/td>\n<\/tr>\n<tr>\n<td><span style=\"font-weight: 400;\">Taper<\/span><\/td>\n<td><span style=\"font-weight: 400;\">Pochette enti\u00e8rement blanche, sans tabac<\/span><\/td>\n<\/tr>\n<\/tbody>\n<\/table>","protected":false},"excerpt":{"rendered":"<p><span style=\"font-weight: 400;\">LOOP Sweet tropical<strong data-start=\"0\" data-end=\"49\" data-is-only-node=\"\"> mangue <\/strong>avec une pointe d'\u00e9pice douce offre un profil savoureux et rafra\u00eechissant. <strong>Mince<\/strong> les sachets s'adaptent discr\u00e8tement et confortablement sous la l\u00e8vre, offrant une sensation propre et satisfaisante. La force nicotinique mod\u00e9r\u00e9e convient \u00e0 ceux qui pr\u00e9f\u00e8rent une saveur \u00e9quilibr\u00e9e yet distinctive.<\/span><\/p>","protected":false},"featured_media":84551,"comment_status":"open","ping_status":"closed","template":"","format":[206],"meta":{"_acf_changed":false},"product_brand":[],"product_cat":[32],"product_tag":[17011],"flavours":[187,190],"nicotine":[212,232],"class_list":{"0":"post-7983","1":"product","2":"type-product","3":"status-publish","4":"has-post-thumbnail","6":"product_cat-loop","7":"product_tag-9-4-mg-pouch","8":"pa_quantity-1-pack","9":"pa_quantity-10-pack","10":"pa_quantity-3-pack","11":"pa_quantity-30-pack","12":"pa_quantity-5-pack","13":"pa_quantity-60-pack","14":"flavours-chili","15":"flavours-citrus","16":"format-slim","17":"nicotine-15-mg-g","18":"nicotine-extra-strong","20":"first","21":"instock","22":"taxable","23":"shipping-taxable","24":"purchasable","25":"product-type-variable"},"acf":[],"_links":{"self":[{"href":"https:\/\/whitelip.com\/fr\/wp-json\/wp\/v2\/product\/7983","targetHints":{"allow":["GET"]}}],"collection":[{"href":"https:\/\/whitelip.com\/fr\/wp-json\/wp\/v2\/product"}],"about":[{"href":"https:\/\/whitelip.com\/fr\/wp-json\/wp\/v2\/types\/product"}],"replies":[{"embeddable":true,"href":"https:\/\/whitelip.com\/fr\/wp-json\/wp\/v2\/comments?post=7983"}],"wp:featuredmedia":[{"embeddable":true,"href":"https:\/\/whitelip.com\/fr\/wp-json\/wp\/v2\/media\/84551"}],"wp:attachment":[{"href":"https:\/\/whitelip.com\/fr\/wp-json\/wp\/v2\/media?parent=7983"}],"wp:term":[{"taxonomy":"product_brand","embeddable":true,"href":"https:\/\/whitelip.com\/fr\/wp-json\/wp\/v2\/product_brand?post=7983"},{"taxonomy":"product_cat","embeddable":true,"href":"https:\/\/whitelip.com\/fr\/wp-json\/wp\/v2\/product_cat?post=7983"},{"taxonomy":"product_tag","embeddable":true,"href":"https:\/\/whitelip.com\/fr\/wp-json\/wp\/v2\/product_tag?post=7983"},{"taxonomy":"flavours","embeddable":true,"href":"https:\/\/whitelip.com\/fr\/wp-json\/wp\/v2\/flavours?post=7983"},{"taxonomy":"format","embeddable":true,"href":"https:\/\/whitelip.com\/fr\/wp-json\/wp\/v2\/format?post=7983"},{"taxonomy":"nicotine","embeddable":true,"href":"https:\/\/whitelip.com\/fr\/wp-json\/wp\/v2\/nicotine?post=7983"}],"curies":[{"name":"wp","href":"https:\/\/api.w.org\/{rel}","templated":true}]}}