{"id":65358,"date":"2026-02-02T11:02:48","date_gmt":"2026-02-02T11:02:48","guid":{"rendered":"https:\/\/whitelip.com\/?post_type=product&#038;p=65358"},"modified":"2026-04-09T10:04:17","modified_gmt":"2026-04-09T10:04:17","slug":"nois-extreme-4mg-2","status":"publish","type":"product","link":"https:\/\/whitelip.com\/fr\/nois\/nois-extreme-4mg-2\/","title":{"rendered":"NOIS Extreme 4mg"},"content":{"rendered":"<h2>NOIS Extreme 4mg<\/h2>\n<p data-start=\"267\" data-end=\"560\">NOIS Extreme 4MG est un sachet de nicotine avec un go\u00fbt de menthe intense dans un format mince. La saveur est introduite t\u00f4t et offre un caract\u00e8re menthol\u00e9 vif et glac\u00e9 avec une finale menthol\u00e9e rafra\u00eechissante. Le produit est con\u00e7u pour offrir une exp\u00e9rience gustative prononc\u00e9e tout en maintenant une faible teneur en nicotine.<\/p>\n<p data-start=\"562\" data-end=\"842\">Chaque sachet contient 4 mg de nicotine. Les sachets sont produits dans le format NOIS slim, con\u00e7u pour \u00eatre plac\u00e9 discr\u00e8tement et confortablement sous la l\u00e8vre sup\u00e9rieure. Le mat\u00e9riau est souple et pr\u00e9-humidifi\u00e9 pour favoriser une lib\u00e9ration rapide de l'ar\u00f4me et de la nicotine. Le produit est sans tabac.<\/p>\n<p data-start=\"844\" data-end=\"977\">Les sachets de nicotine NOIS sont fabriqu\u00e9s par HRJ Production O\u00dc \u00e0 Tallinn, en Estonie. La production est soumise \u00e0 des normes strictes de contr\u00f4le de la qualit\u00e9.<\/p>\n<table>\n<tbody>\n<tr>\n<td><b>Attribut<\/b><\/td>\n<td><b>D\u00e9tails<\/b><\/td>\n<\/tr>\n<tr>\n<td><b>Marque<\/b><\/td>\n<td><span style=\"font-weight: 400;\">NOIS<\/span><\/td>\n<\/tr>\n<tr>\n<td><b>Type de produit<\/b><\/td>\n<td><span style=\"font-weight: 400;\">Tous les sachets de nicotine blancs<\/span><\/td>\n<\/tr>\n<tr>\n<td><b>Format<\/b><\/td>\n<td><span style=\"font-weight: 400;\">Mince<\/span><\/td>\n<\/tr>\n<tr>\n<td><b>Saveur<\/b><\/td>\n<td><span style=\"font-weight: 400;\">Menthe<\/span><\/td>\n<\/tr>\n<tr>\n<td><b>Intensit\u00e9 de la nicotine<\/b><\/td>\n<td><span style=\"font-weight: 400;\">4 mg par sachet\u00a0<\/span><\/td>\n<\/tr>\n<tr>\n<td><b>Poids de la portion<\/b><\/td>\n<td><span style=\"font-weight: 400;\">0,5 grammes<\/span><\/td>\n<\/tr>\n<tr>\n<td><b>Nombre de portions<\/b><\/td>\n<td><span style=\"font-weight: 400;\">30 par bo\u00eete<\/span><\/td>\n<\/tr>\n<tr>\n<td><b>Poids total de la bo\u00eete<\/b><\/td>\n<td><span style=\"font-weight: 400;\">15 grammes<\/span><\/td>\n<\/tr>\n<tr>\n<td><b>Fabricant<\/b><\/td>\n<td><span style=\"font-weight: 400;\">HRJ Production O\u00dc<\/span><\/td>\n<\/tr>\n<tr>\n<td><b>Caract\u00e9ristiques notables<\/b><\/td>\n<td><span style=\"font-weight: 400;\">Sans tabac, format mince<\/span><\/td>\n<\/tr>\n<\/tbody>\n<\/table>","protected":false},"excerpt":{"rendered":"<p data-start=\"991\" data-end=\"1124\">NOIS Extreme 4MG sachets de nicotine avec <strong data-start=\"1048\" data-end=\"1056\">Menthe<\/strong> saveur en <strong data-start=\"1067\" data-end=\"1075\">Mince<\/strong> chaque sachet contient <strong data-start=\"1104\" data-end=\"1121\">4 mg de nicotine<\/strong>.<\/p>","protected":false},"featured_media":65320,"comment_status":"open","ping_status":"closed","template":"","format":[206],"meta":{"_acf_changed":false},"product_brand":[],"product_cat":[127],"product_tag":[16585],"flavours":[199],"nicotine":[230,236],"class_list":{"0":"post-65358","1":"product","2":"type-product","3":"status-publish","4":"has-post-thumbnail","6":"product_cat-nois","7":"product_tag-4-mg-pouch","8":"pa_quantity-1-pack","9":"pa_quantity-10-pack","10":"pa_quantity-3-pack","11":"pa_quantity-30-pack","12":"pa_quantity-5-pack","13":"pa_quantity-60-pack","14":"flavours-mint","15":"format-slim","16":"nicotine-8-mg-g","17":"nicotine-strong","19":"first","20":"outofstock","21":"taxable","22":"shipping-taxable","23":"purchasable","24":"product-type-variable","25":"has-default-attributes"},"acf":[],"_links":{"self":[{"href":"https:\/\/whitelip.com\/fr\/wp-json\/wp\/v2\/product\/65358","targetHints":{"allow":["GET"]}}],"collection":[{"href":"https:\/\/whitelip.com\/fr\/wp-json\/wp\/v2\/product"}],"about":[{"href":"https:\/\/whitelip.com\/fr\/wp-json\/wp\/v2\/types\/product"}],"replies":[{"embeddable":true,"href":"https:\/\/whitelip.com\/fr\/wp-json\/wp\/v2\/comments?post=65358"}],"wp:featuredmedia":[{"embeddable":true,"href":"https:\/\/whitelip.com\/fr\/wp-json\/wp\/v2\/media\/65320"}],"wp:attachment":[{"href":"https:\/\/whitelip.com\/fr\/wp-json\/wp\/v2\/media?parent=65358"}],"wp:term":[{"taxonomy":"product_brand","embeddable":true,"href":"https:\/\/whitelip.com\/fr\/wp-json\/wp\/v2\/product_brand?post=65358"},{"taxonomy":"product_cat","embeddable":true,"href":"https:\/\/whitelip.com\/fr\/wp-json\/wp\/v2\/product_cat?post=65358"},{"taxonomy":"product_tag","embeddable":true,"href":"https:\/\/whitelip.com\/fr\/wp-json\/wp\/v2\/product_tag?post=65358"},{"taxonomy":"flavours","embeddable":true,"href":"https:\/\/whitelip.com\/fr\/wp-json\/wp\/v2\/flavours?post=65358"},{"taxonomy":"format","embeddable":true,"href":"https:\/\/whitelip.com\/fr\/wp-json\/wp\/v2\/format?post=65358"},{"taxonomy":"nicotine","embeddable":true,"href":"https:\/\/whitelip.com\/fr\/wp-json\/wp\/v2\/nicotine?post=65358"}],"curies":[{"name":"wp","href":"https:\/\/api.w.org\/{rel}","templated":true}]}}