{"id":65292,"date":"2026-02-02T10:54:55","date_gmt":"2026-02-02T10:54:55","guid":{"rendered":"https:\/\/whitelip.com\/?post_type=product&#038;p=65292"},"modified":"2026-05-08T10:11:44","modified_gmt":"2026-05-08T10:11:44","slug":"nois-extreme-4mg","status":"publish","type":"product","link":"https:\/\/whitelip.com\/fr\/nois\/nois-extreme-4mg\/","title":{"rendered":"NOIS Ice Mango 4mg"},"content":{"rendered":"<h2>NOIS Ice Mango 4mg<\/h2>\n<p data-start=\"294\" data-end=\"525\">NOIS Ice Mango 4MG est un sachet de nicotine \u00e0 l'ar\u00f4me de mangue et de menthe en format slim. L'ar\u00f4me est introduit t\u00f4t et combine des notes de mangue tropicale avec une finale de menthe croustillante. Le produit est formul\u00e9 avec une faible teneur en nicotine.<\/p>\n<p data-start=\"527\" data-end=\"749\">Chaque sachet contient 4 mg de nicotine. Les sachets sont produits dans un format mince con\u00e7u pour \u00eatre plac\u00e9 confortablement et discr\u00e8tement sous la l\u00e8vre sup\u00e9rieure. Le produit est sans tabac, ce qui signifie qu'il ne contient pas de tabac.<\/p>\n<p data-start=\"751\" data-end=\"972\">NOIS est une marque d\u00e9velopp\u00e9e pour offrir une large gamme d'ar\u00f4mes avec des taux de nicotine constants. Les sachets de nicotine NOIS sont fabriqu\u00e9s par HRJ Production O\u00dc en Estonie et sont produits selon des normes de contr\u00f4le de qualit\u00e9 \u00e9tablies.<\/p>\n<table>\n<tbody>\n<tr>\n<td><b>Attribut<\/b><\/td>\n<td><b>D\u00e9tails<\/b><\/td>\n<\/tr>\n<tr>\n<td><b>Marque<\/b><\/td>\n<td><span style=\"font-weight: 400;\">NOIS<\/span><\/td>\n<\/tr>\n<tr>\n<td><b>Type de produit<\/b><\/td>\n<td><span style=\"font-weight: 400;\">Tous les sachets de nicotine blancs<\/span><\/td>\n<\/tr>\n<tr>\n<td><b>Format<\/b><\/td>\n<td><span style=\"font-weight: 400;\">Mince<\/span><\/td>\n<\/tr>\n<tr>\n<td><b>Saveur<\/b><\/td>\n<td><span style=\"font-weight: 400;\">Mangue, menthe<\/span><\/td>\n<\/tr>\n<tr>\n<td><b>Intensit\u00e9 de la nicotine<\/b><\/td>\n<td><span style=\"font-weight: 400;\">4 mg par sachet\u00a0<\/span><\/td>\n<\/tr>\n<tr>\n<td><b>Poids de la portion<\/b><\/td>\n<td><span style=\"font-weight: 400;\">0,5 grammes<\/span><\/td>\n<\/tr>\n<tr>\n<td><b>Nombre de portions<\/b><\/td>\n<td><span style=\"font-weight: 400;\">30 par bo\u00eete<\/span><\/td>\n<\/tr>\n<tr>\n<td><b>Poids total de la bo\u00eete<\/b><\/td>\n<td><span style=\"font-weight: 400;\">15 grammes<\/span><\/td>\n<\/tr>\n<tr>\n<td><b>Fabricant<\/b><\/td>\n<td><span style=\"font-weight: 400;\">HRJ Production O\u00dc<\/span><\/td>\n<\/tr>\n<tr>\n<td><b>Caract\u00e9ristiques notables<\/b><\/td>\n<td><span style=\"font-weight: 400;\">Sans tabac, format mince<\/span><\/td>\n<\/tr>\n<\/tbody>\n<\/table>","protected":false},"excerpt":{"rendered":"<p data-start=\"991\" data-end=\"1124\">NOIS Ice Mango 4MG sachets de nicotine avec <strong data-start=\"1045\" data-end=\"1063\">Mangue et menthe<\/strong> saveur en <strong data-start=\"1074\" data-end=\"1082\">Mince<\/strong> chaque sachet contient <strong data-start=\"1111\" data-end=\"1128\">4 mg de nicotine<\/strong>.<\/p>","protected":false},"featured_media":65321,"comment_status":"open","ping_status":"closed","template":"","format":[206],"meta":{"_acf_changed":false},"product_brand":[],"product_cat":[127],"product_tag":[16585],"flavours":[196,199],"nicotine":[230,236],"class_list":{"0":"post-65292","1":"product","2":"type-product","3":"status-publish","4":"has-post-thumbnail","6":"product_cat-nois","7":"product_tag-4-mg-pouch","8":"pa_quantity-1-pack","9":"pa_quantity-10-pack","10":"pa_quantity-3-pack","11":"pa_quantity-30-pack","12":"pa_quantity-5-pack","13":"pa_quantity-60-pack","14":"flavours-fruits-berries","15":"flavours-mint","16":"format-slim","17":"nicotine-8-mg-g","18":"nicotine-strong","20":"first","21":"instock","22":"taxable","23":"shipping-taxable","24":"purchasable","25":"product-type-variable","26":"has-default-attributes"},"acf":[],"_links":{"self":[{"href":"https:\/\/whitelip.com\/fr\/wp-json\/wp\/v2\/product\/65292","targetHints":{"allow":["GET"]}}],"collection":[{"href":"https:\/\/whitelip.com\/fr\/wp-json\/wp\/v2\/product"}],"about":[{"href":"https:\/\/whitelip.com\/fr\/wp-json\/wp\/v2\/types\/product"}],"replies":[{"embeddable":true,"href":"https:\/\/whitelip.com\/fr\/wp-json\/wp\/v2\/comments?post=65292"}],"wp:featuredmedia":[{"embeddable":true,"href":"https:\/\/whitelip.com\/fr\/wp-json\/wp\/v2\/media\/65321"}],"wp:attachment":[{"href":"https:\/\/whitelip.com\/fr\/wp-json\/wp\/v2\/media?parent=65292"}],"wp:term":[{"taxonomy":"product_brand","embeddable":true,"href":"https:\/\/whitelip.com\/fr\/wp-json\/wp\/v2\/product_brand?post=65292"},{"taxonomy":"product_cat","embeddable":true,"href":"https:\/\/whitelip.com\/fr\/wp-json\/wp\/v2\/product_cat?post=65292"},{"taxonomy":"product_tag","embeddable":true,"href":"https:\/\/whitelip.com\/fr\/wp-json\/wp\/v2\/product_tag?post=65292"},{"taxonomy":"flavours","embeddable":true,"href":"https:\/\/whitelip.com\/fr\/wp-json\/wp\/v2\/flavours?post=65292"},{"taxonomy":"format","embeddable":true,"href":"https:\/\/whitelip.com\/fr\/wp-json\/wp\/v2\/format?post=65292"},{"taxonomy":"nicotine","embeddable":true,"href":"https:\/\/whitelip.com\/fr\/wp-json\/wp\/v2\/nicotine?post=65292"}],"curies":[{"name":"wp","href":"https:\/\/api.w.org\/{rel}","templated":true}]}}