{"id":65126,"date":"2026-02-02T08:55:43","date_gmt":"2026-02-02T08:55:43","guid":{"rendered":"https:\/\/whitelip.com\/?post_type=product&#038;p=65126"},"modified":"2026-05-09T10:11:19","modified_gmt":"2026-05-09T10:11:19","slug":"togo-straw-melonade","status":"publish","type":"product","link":"https:\/\/whitelip.com\/fr\/togo\/togo-straw-melonade\/","title":{"rendered":"Melonade de paille TOGO"},"content":{"rendered":"<h1>Melonade de paille TOGO<\/h1>\n<p data-start=\"257\" data-end=\"536\">TOGO Straw Melonade est un sachet de nicotine avec une combinaison d'ar\u00f4mes de fraise, de melon et de limonade. La saveur est introduite t\u00f4t et combine des notes de fraises sucr\u00e9es avec un melon doux et un l\u00e9ger caract\u00e8re d'agrume provenant de la limonade. Le produit est fabriqu\u00e9 par Togo Nicotine AB.<\/p>\n<p data-start=\"538\" data-end=\"706\">Chaque sachet p\u00e8se 0,6 gramme. Une bo\u00eete contient 20 sachets de nicotine pour une teneur totale de 12 grammes. La teneur en nicotine est de 8 mg par sachet et de 13,33 mg de nicotine par gramme.<\/p>\n<p data-start=\"708\" data-end=\"839\">TOGO Straw Melonade fait partie de la gamme de sachets de nicotine TOGO et a \u00e9t\u00e9 d\u00e9velopp\u00e9 avec un profil d'ar\u00f4me \u00e9quilibr\u00e9 de fruits et d'agrumes.<\/p>\n<table>\n<tbody>\n<tr>\n<td><b>Attribut<\/b><\/td>\n<td><b>D\u00e9tails<\/b><\/td>\n<\/tr>\n<tr>\n<td><span style=\"font-weight: 400;\">Contenu par bo\u00eete<\/span><\/td>\n<td><span style=\"font-weight: 400;\">12g (20 sachets)<\/span><\/td>\n<\/tr>\n<tr>\n<td><span style=\"font-weight: 400;\">Teneur en nicotine<\/span><\/td>\n<td><span style=\"font-weight: 400;\">8 mg par sachet<\/span><\/td>\n<\/tr>\n<tr>\n<td><span style=\"font-weight: 400;\">Format de la pochette<\/span><\/td>\n<td><span style=\"font-weight: 400;\">Mince<\/span><\/td>\n<\/tr>\n<tr>\n<td><span style=\"font-weight: 400;\">Producteur<\/span><\/td>\n<td><span style=\"font-weight: 400;\">TOGO Nicotine AB<\/span><\/td>\n<\/tr>\n<tr>\n<td><span style=\"font-weight: 400;\">Saveur<\/span><\/td>\n<td>Fraise, melon, limonade<\/td>\n<\/tr>\n<tr>\n<td><span style=\"font-weight: 400;\">Taper<\/span><\/td>\n<td><span style=\"font-weight: 400;\">Pochette enti\u00e8rement blanche, sans tabac<\/span><\/td>\n<\/tr>\n<\/tbody>\n<\/table>","protected":false},"excerpt":{"rendered":"<p data-start=\"901\" data-end=\"1023\">TOGO Paille Melonade sachets de nicotine avec <strong data-start=\"913\" data-end=\"948\">Fraise, melon et limonade<\/strong> go\u00fbt. Chaque sachet contient <strong data-start=\"977\" data-end=\"994\">8 mg de nicotine<\/strong>.<\/p>","protected":false},"featured_media":65154,"comment_status":"open","ping_status":"closed","template":"","format":[206],"meta":{"_acf_changed":false},"product_brand":[],"product_cat":[13788],"product_tag":[16583],"flavours":[196],"nicotine":[210,232],"class_list":{"0":"post-65126","1":"product","2":"type-product","3":"status-publish","4":"has-post-thumbnail","6":"product_cat-togo","7":"product_tag-8-mg-pouch","8":"pa_quantity-1-pack","9":"pa_quantity-10-pack","10":"pa_quantity-3-pack","11":"pa_quantity-30-pack","12":"pa_quantity-5-pack","13":"pa_quantity-60-pack","14":"flavours-fruits-berries","15":"format-slim","16":"nicotine-13-mg-g","17":"nicotine-extra-strong","19":"first","20":"instock","21":"taxable","22":"shipping-taxable","23":"purchasable","24":"product-type-variable"},"acf":[],"_links":{"self":[{"href":"https:\/\/whitelip.com\/fr\/wp-json\/wp\/v2\/product\/65126","targetHints":{"allow":["GET"]}}],"collection":[{"href":"https:\/\/whitelip.com\/fr\/wp-json\/wp\/v2\/product"}],"about":[{"href":"https:\/\/whitelip.com\/fr\/wp-json\/wp\/v2\/types\/product"}],"replies":[{"embeddable":true,"href":"https:\/\/whitelip.com\/fr\/wp-json\/wp\/v2\/comments?post=65126"}],"wp:featuredmedia":[{"embeddable":true,"href":"https:\/\/whitelip.com\/fr\/wp-json\/wp\/v2\/media\/65154"}],"wp:attachment":[{"href":"https:\/\/whitelip.com\/fr\/wp-json\/wp\/v2\/media?parent=65126"}],"wp:term":[{"taxonomy":"product_brand","embeddable":true,"href":"https:\/\/whitelip.com\/fr\/wp-json\/wp\/v2\/product_brand?post=65126"},{"taxonomy":"product_cat","embeddable":true,"href":"https:\/\/whitelip.com\/fr\/wp-json\/wp\/v2\/product_cat?post=65126"},{"taxonomy":"product_tag","embeddable":true,"href":"https:\/\/whitelip.com\/fr\/wp-json\/wp\/v2\/product_tag?post=65126"},{"taxonomy":"flavours","embeddable":true,"href":"https:\/\/whitelip.com\/fr\/wp-json\/wp\/v2\/flavours?post=65126"},{"taxonomy":"format","embeddable":true,"href":"https:\/\/whitelip.com\/fr\/wp-json\/wp\/v2\/format?post=65126"},{"taxonomy":"nicotine","embeddable":true,"href":"https:\/\/whitelip.com\/fr\/wp-json\/wp\/v2\/nicotine?post=65126"}],"curies":[{"name":"wp","href":"https:\/\/api.w.org\/{rel}","templated":true}]}}