{"id":65049,"date":"2026-02-02T08:35:48","date_gmt":"2026-02-02T08:35:48","guid":{"rendered":"https:\/\/whitelip.com\/?post_type=product&#038;p=65049"},"modified":"2026-04-10T03:06:52","modified_gmt":"2026-04-10T03:06:52","slug":"denssi-spearmint-zeronic","status":"publish","type":"product","link":"https:\/\/whitelip.com\/fr\/uncategorized\/denssi-spearmint-zeronic\/","title":{"rendered":"Denssi menthe verte Zeronic"},"content":{"rendered":"<p data-start=\"276\" data-end=\"518\">DENSSI Spearmint Zeronic est un sachet sans nicotine au go\u00fbt de menthe verte. L'ar\u00f4me est introduit t\u00f4t et a un caract\u00e8re de menthe verte clair et durable. Le produit ne contient pas de nicotine et est fabriqu\u00e9 en Europe sous la marque DENSSI.<\/p>\n<p data-start=\"520\" data-end=\"882\">Les sachets sont con\u00e7us pour procurer une sensation famili\u00e8re sans utiliser de nicotine. Chaque sachet p\u00e8se environ 0,7 gramme, ou 0,5 gramme en Su\u00e8de et en Finlande. Une bo\u00eete contient environ 20 sachets. Le produit utilise un compos\u00e9 chimiquement modifi\u00e9 destin\u00e9 \u00e0 reproduire la sensation famili\u00e8re associ\u00e9e aux sachets Denssi tout en restant sans nicotine.<\/p>\n<p data-start=\"884\" data-end=\"1028\">DENSSI Spearmint Zeronic fait partie de la gamme DENSSI de sachets sans nicotine et a \u00e9t\u00e9 d\u00e9velopp\u00e9 pour apporter saveur et intensit\u00e9 sans nicotine.<\/p>\n<table style=\"height: 395px;\" width=\"375\">\n<tbody>\n<tr>\n<td><b>Attribut<\/b><\/td>\n<td><b>D\u00e9tails<\/b><\/td>\n<\/tr>\n<tr>\n<td><b>Marque<\/b><\/td>\n<td>Denssi<\/td>\n<\/tr>\n<tr>\n<td><b>Type de produit<\/b><\/td>\n<td><span style=\"font-weight: 400;\">Tous les sachets blancs<\/span><\/td>\n<\/tr>\n<tr>\n<td><b>Format<\/b><\/td>\n<td>Mince<\/td>\n<\/tr>\n<tr>\n<td><b>Saveur<\/b><\/td>\n<td>Menthe verte<\/td>\n<\/tr>\n<tr>\n<td><b>Fabricant<\/b><\/td>\n<td><span style=\"font-weight: 400;\">Denssi<\/span><\/td>\n<\/tr>\n<tr>\n<td><b>Nombre de portions<\/b><\/td>\n<td><span style=\"font-weight: 400;\">20 par bo\u00eete<\/span><\/td>\n<\/tr>\n<tr>\n<td><b>Caract\u00e9ristiques notables<\/b><\/td>\n<td><span style=\"font-weight: 400;\">Sans tabac, Sans nicotine<\/span><\/td>\n<\/tr>\n<tr>\n<td><\/td>\n<td><\/td>\n<\/tr>\n<tr>\n<td><\/td>\n<td><\/td>\n<\/tr>\n<tr>\n<td><\/td>\n<td><\/td>\n<\/tr>\n<\/tbody>\n<\/table>","protected":false},"excerpt":{"rendered":"<p data-start=\"1185\" data-end=\"1369\">DENSSI Menthe verte Zeronic sachets sans nicotine avec <strong data-start=\"1112\" data-end=\"1125\">Menthe verte<\/strong> saveur.<\/p>","protected":false},"featured_media":65065,"comment_status":"open","ping_status":"closed","template":"","format":[206],"meta":{"_acf_changed":false},"product_brand":[],"product_cat":[15],"product_tag":[],"flavours":[199],"nicotine":[242],"class_list":{"0":"post-65049","1":"product","2":"type-product","3":"status-publish","4":"has-post-thumbnail","6":"product_cat-uncategorized","7":"pa_quantity-1-pack","8":"pa_quantity-10-pack","9":"pa_quantity-3-pack","10":"pa_quantity-30-pack","11":"pa_quantity-5-pack","12":"pa_quantity-60-pack","13":"flavours-mint","14":"format-slim","15":"nicotine-0-mg-g","17":"first","18":"instock","19":"taxable","20":"shipping-taxable","21":"purchasable","22":"product-type-variable"},"acf":[],"_links":{"self":[{"href":"https:\/\/whitelip.com\/fr\/wp-json\/wp\/v2\/product\/65049","targetHints":{"allow":["GET"]}}],"collection":[{"href":"https:\/\/whitelip.com\/fr\/wp-json\/wp\/v2\/product"}],"about":[{"href":"https:\/\/whitelip.com\/fr\/wp-json\/wp\/v2\/types\/product"}],"replies":[{"embeddable":true,"href":"https:\/\/whitelip.com\/fr\/wp-json\/wp\/v2\/comments?post=65049"}],"wp:featuredmedia":[{"embeddable":true,"href":"https:\/\/whitelip.com\/fr\/wp-json\/wp\/v2\/media\/65065"}],"wp:attachment":[{"href":"https:\/\/whitelip.com\/fr\/wp-json\/wp\/v2\/media?parent=65049"}],"wp:term":[{"taxonomy":"product_brand","embeddable":true,"href":"https:\/\/whitelip.com\/fr\/wp-json\/wp\/v2\/product_brand?post=65049"},{"taxonomy":"product_cat","embeddable":true,"href":"https:\/\/whitelip.com\/fr\/wp-json\/wp\/v2\/product_cat?post=65049"},{"taxonomy":"product_tag","embeddable":true,"href":"https:\/\/whitelip.com\/fr\/wp-json\/wp\/v2\/product_tag?post=65049"},{"taxonomy":"flavours","embeddable":true,"href":"https:\/\/whitelip.com\/fr\/wp-json\/wp\/v2\/flavours?post=65049"},{"taxonomy":"format","embeddable":true,"href":"https:\/\/whitelip.com\/fr\/wp-json\/wp\/v2\/format?post=65049"},{"taxonomy":"nicotine","embeddable":true,"href":"https:\/\/whitelip.com\/fr\/wp-json\/wp\/v2\/nicotine?post=65049"}],"curies":[{"name":"wp","href":"https:\/\/api.w.org\/{rel}","templated":true}]}}