{"id":63979,"date":"2026-01-26T12:47:03","date_gmt":"2026-01-26T12:47:03","guid":{"rendered":"https:\/\/whitelip.com\/?post_type=product&#038;p=63979"},"modified":"2026-04-09T10:03:27","modified_gmt":"2026-04-09T10:03:27","slug":"killa-flash-mango-ice","status":"publish","type":"product","link":"https:\/\/whitelip.com\/fr\/killa\/killa-flash-mango-ice\/","title":{"rendered":"KILLA Flash Mango Ice"},"content":{"rendered":"<h2>KILLA Flash Mango Ice<\/h2>\n<p data-start=\"309\" data-end=\"560\">KILLA Mango Ice est un sachet de nicotine au go\u00fbt de mangue et de glace rafra\u00eechissante. L'ar\u00f4me est lanc\u00e9 t\u00f4t et combine un profil de mangue tropicale avec un caract\u00e8re glac\u00e9 clair. Le produit est sans tabac et fabriqu\u00e9 par N.G.P Tobacco ApS au Danemark. Les sachets sont produits dans un format mince con\u00e7u pour tenir confortablement sous la l\u00e8vre sup\u00e9rieure. La teneur en nicotine est de 5 mg par gramme. Le poids net total par bo\u00eete est de 24 grammes. Le produit est formul\u00e9 \u00e0 partir d'eau, de cellulose, de r\u00e9gulateurs d'acidit\u00e9, d'humectants, d'agents aromatiques naturels, de nicotine et de conservateurs. KILLA Mango Ice fait partie de la gamme KILLA de sachets de nicotine sans tabac et est produit avec une teneur en nicotine plus faible par gramme.<\/p>\n<table>\n<tbody>\n<tr>\n<td><b>Attribut<\/b><\/td>\n<td><b>D\u00e9tails<\/b><\/td>\n<\/tr>\n<tr>\n<td><span style=\"font-weight: 400;\">Contenu par bo\u00eete<\/span><\/td>\n<td><span style=\"font-weight: 400;\">24g (20 sachets)<\/span><\/td>\n<\/tr>\n<tr>\n<td><span style=\"font-weight: 400;\">Teneur en nicotine<\/span><\/td>\n<td><span style=\"font-weight: 400;\">5 mg\/g (4 mg par sachet)<\/span><\/td>\n<\/tr>\n<tr>\n<td><span style=\"font-weight: 400;\">Format de la pochette<\/span><\/td>\n<td><span style=\"font-weight: 400;\">Mince<\/span><\/td>\n<\/tr>\n<tr>\n<td><span style=\"font-weight: 400;\">Producteur<\/span><\/td>\n<td><span style=\"font-weight: 400;\">N.G.P. Empire<\/span><\/td>\n<\/tr>\n<tr>\n<td><span style=\"font-weight: 400;\">Saveur<\/span><\/td>\n<td><span style=\"font-weight: 400;\">Mangue<\/span><\/td>\n<\/tr>\n<tr>\n<td><span style=\"font-weight: 400;\">Taper<\/span><\/td>\n<td><span style=\"font-weight: 400;\">Pochette enti\u00e8rement blanche, sans tabac<\/span><\/td>\n<\/tr>\n<\/tbody>\n<\/table>","protected":false},"excerpt":{"rendered":"<p>Les sachets de nicotine KILLA Mango Ice avec <strong data-start=\"1099\" data-end=\"1112\">Glace \u00e0 la mangue<\/strong> ar\u00f4me. La teneur en nicotine est de <strong data-start=\"1141\" data-end=\"1158\">5 mg par gramme<\/strong>.<\/p>","protected":false},"featured_media":64003,"comment_status":"open","ping_status":"closed","template":"","format":[206],"meta":{"_acf_changed":false},"product_brand":[],"product_cat":[64],"product_tag":[16585],"flavours":[196],"nicotine":[224,234],"class_list":{"0":"post-63979","1":"product","2":"type-product","3":"status-publish","4":"has-post-thumbnail","6":"product_cat-killa","7":"product_tag-4-mg-pouch","8":"pa_quantity-1-pack","9":"pa_quantity-10-pack","10":"pa_quantity-5-pack","11":"flavours-fruits-berries","12":"format-slim","13":"nicotine-4-mg-g","14":"nicotine-mild","16":"first","17":"outofstock","18":"taxable","19":"shipping-taxable","20":"purchasable","21":"product-type-variable"},"acf":[],"_links":{"self":[{"href":"https:\/\/whitelip.com\/fr\/wp-json\/wp\/v2\/product\/63979","targetHints":{"allow":["GET"]}}],"collection":[{"href":"https:\/\/whitelip.com\/fr\/wp-json\/wp\/v2\/product"}],"about":[{"href":"https:\/\/whitelip.com\/fr\/wp-json\/wp\/v2\/types\/product"}],"replies":[{"embeddable":true,"href":"https:\/\/whitelip.com\/fr\/wp-json\/wp\/v2\/comments?post=63979"}],"wp:featuredmedia":[{"embeddable":true,"href":"https:\/\/whitelip.com\/fr\/wp-json\/wp\/v2\/media\/64003"}],"wp:attachment":[{"href":"https:\/\/whitelip.com\/fr\/wp-json\/wp\/v2\/media?parent=63979"}],"wp:term":[{"taxonomy":"product_brand","embeddable":true,"href":"https:\/\/whitelip.com\/fr\/wp-json\/wp\/v2\/product_brand?post=63979"},{"taxonomy":"product_cat","embeddable":true,"href":"https:\/\/whitelip.com\/fr\/wp-json\/wp\/v2\/product_cat?post=63979"},{"taxonomy":"product_tag","embeddable":true,"href":"https:\/\/whitelip.com\/fr\/wp-json\/wp\/v2\/product_tag?post=63979"},{"taxonomy":"flavours","embeddable":true,"href":"https:\/\/whitelip.com\/fr\/wp-json\/wp\/v2\/flavours?post=63979"},{"taxonomy":"format","embeddable":true,"href":"https:\/\/whitelip.com\/fr\/wp-json\/wp\/v2\/format?post=63979"},{"taxonomy":"nicotine","embeddable":true,"href":"https:\/\/whitelip.com\/fr\/wp-json\/wp\/v2\/nicotine?post=63979"}],"curies":[{"name":"wp","href":"https:\/\/api.w.org\/{rel}","templated":true}]}}