{"id":63928,"date":"2026-01-26T12:32:24","date_gmt":"2026-01-26T12:32:24","guid":{"rendered":"https:\/\/whitelip.com\/?post_type=product&#038;p=63928"},"modified":"2026-05-07T10:11:43","modified_gmt":"2026-05-07T10:11:43","slug":"killa-flash-grape-ice","status":"publish","type":"product","link":"https:\/\/whitelip.com\/fr\/killa\/killa-flash-grape-ice\/","title":{"rendered":"KILLA Flash Grape Ice"},"content":{"rendered":"<h2>KILLA Flash Grape Ice<\/h2>\n<p data-start=\"280\" data-end=\"532\">KILLA Grape Ice est un sachet de nicotine au go\u00fbt de raisin et de glace rafra\u00eechissante. La saveur est introduite t\u00f4t et combine un profil de raisin sucr\u00e9 avec un caract\u00e8re rafra\u00eechissant clair. Le produit est sans tabac et fabriqu\u00e9 par N.G.P Tobacco ApS au Danemark. Les sachets sont produits sous forme de sachets de nicotine blancs. La teneur en nicotine est de 5 mg par gramme. Le poids net total par bo\u00eete est de 24 grammes. Le produit est formul\u00e9 \u00e0 partir d'eau, de cellulose, de r\u00e9gulateurs d'acidit\u00e9, d'humectants, d'agents aromatiques naturels, de nicotine et de conservateurs. KILLA Grape Ice fait partie de la gamme KILLA de sachets de nicotine sans tabac et est con\u00e7u avec une teneur en nicotine plus faible par gramme.<\/p>\n<table>\n<tbody>\n<tr>\n<td><b>Attribut<\/b><\/td>\n<td><b>D\u00e9tails<\/b><\/td>\n<\/tr>\n<tr>\n<td><span style=\"font-weight: 400;\">Contenu par bo\u00eete<\/span><\/td>\n<td><span style=\"font-weight: 400;\">24g (20 sachets)<\/span><\/td>\n<\/tr>\n<tr>\n<td><span style=\"font-weight: 400;\">Teneur en nicotine<\/span><\/td>\n<td><span style=\"font-weight: 400;\">5 mg\/g (4 mg par sachet)<\/span><\/td>\n<\/tr>\n<tr>\n<td><span style=\"font-weight: 400;\">Format de la pochette<\/span><\/td>\n<td><span style=\"font-weight: 400;\">Mince<\/span><\/td>\n<\/tr>\n<tr>\n<td><span style=\"font-weight: 400;\">Producteur<\/span><\/td>\n<td><span style=\"font-weight: 400;\">N.G.P. Empire<\/span><\/td>\n<\/tr>\n<tr>\n<td><span style=\"font-weight: 400;\">Saveur<\/span><\/td>\n<td><span style=\"font-weight: 400;\">Raisin<\/span><\/td>\n<\/tr>\n<tr>\n<td><span style=\"font-weight: 400;\">Taper<\/span><\/td>\n<td><span style=\"font-weight: 400;\">Pochette enti\u00e8rement blanche, sans tabac<\/span><\/td>\n<\/tr>\n<\/tbody>\n<\/table>","protected":false},"excerpt":{"rendered":"<p>Les sachets de nicotine KILLA Grape Ice avec <strong data-start=\"1032\" data-end=\"1045\">Glace de raisin<\/strong> ar\u00f4me. La teneur en nicotine est de <strong data-start=\"1074\" data-end=\"1091\">5 mg par gramme<\/strong>.<\/p>","protected":false},"featured_media":63952,"comment_status":"open","ping_status":"closed","template":"","format":[205],"meta":{"_acf_changed":false},"product_brand":[],"product_cat":[64],"product_tag":[16585],"flavours":[196],"nicotine":[224,234],"class_list":{"0":"post-63928","1":"product","2":"type-product","3":"status-publish","4":"has-post-thumbnail","6":"product_cat-killa","7":"product_tag-4-mg-pouch","8":"pa_quantity-1-pack","9":"pa_quantity-10-pack","10":"pa_quantity-3-pack","11":"pa_quantity-30-pack","12":"pa_quantity-5-pack","13":"pa_quantity-60-pack","14":"flavours-fruits-berries","15":"format-mini","16":"nicotine-4-mg-g","17":"nicotine-mild","19":"first","20":"instock","21":"taxable","22":"shipping-taxable","23":"purchasable","24":"product-type-variable"},"acf":[],"_links":{"self":[{"href":"https:\/\/whitelip.com\/fr\/wp-json\/wp\/v2\/product\/63928","targetHints":{"allow":["GET"]}}],"collection":[{"href":"https:\/\/whitelip.com\/fr\/wp-json\/wp\/v2\/product"}],"about":[{"href":"https:\/\/whitelip.com\/fr\/wp-json\/wp\/v2\/types\/product"}],"replies":[{"embeddable":true,"href":"https:\/\/whitelip.com\/fr\/wp-json\/wp\/v2\/comments?post=63928"}],"wp:featuredmedia":[{"embeddable":true,"href":"https:\/\/whitelip.com\/fr\/wp-json\/wp\/v2\/media\/63952"}],"wp:attachment":[{"href":"https:\/\/whitelip.com\/fr\/wp-json\/wp\/v2\/media?parent=63928"}],"wp:term":[{"taxonomy":"product_brand","embeddable":true,"href":"https:\/\/whitelip.com\/fr\/wp-json\/wp\/v2\/product_brand?post=63928"},{"taxonomy":"product_cat","embeddable":true,"href":"https:\/\/whitelip.com\/fr\/wp-json\/wp\/v2\/product_cat?post=63928"},{"taxonomy":"product_tag","embeddable":true,"href":"https:\/\/whitelip.com\/fr\/wp-json\/wp\/v2\/product_tag?post=63928"},{"taxonomy":"flavours","embeddable":true,"href":"https:\/\/whitelip.com\/fr\/wp-json\/wp\/v2\/flavours?post=63928"},{"taxonomy":"format","embeddable":true,"href":"https:\/\/whitelip.com\/fr\/wp-json\/wp\/v2\/format?post=63928"},{"taxonomy":"nicotine","embeddable":true,"href":"https:\/\/whitelip.com\/fr\/wp-json\/wp\/v2\/nicotine?post=63928"}],"curies":[{"name":"wp","href":"https:\/\/api.w.org\/{rel}","templated":true}]}}