{"id":63846,"date":"2026-01-26T09:55:57","date_gmt":"2026-01-26T09:55:57","guid":{"rendered":"https:\/\/whitelip.com\/?post_type=product&#038;p=63846"},"modified":"2026-05-06T10:11:31","modified_gmt":"2026-05-06T10:11:31","slug":"fumi-spearmint-ultra-strong","status":"publish","type":"product","link":"https:\/\/whitelip.com\/fr\/fumi\/fumi-spearmint-ultra-strong\/","title":{"rendered":"FUMi Menthe verte ultra forte"},"content":{"rendered":"<h2>FUMi Menthe verte ultra forte<\/h2>\n<p data-start=\"237\" data-end=\"479\">FUMi Spearmint Ultra Strong est un sachet de nicotine \u00e0 l'ar\u00f4me de menthe verte en format slim. La saveur est introduite t\u00f4t et a un caract\u00e8re clair de menthe verte. Le produit est sans tabac et fabriqu\u00e9 par Helix Sweden sous la marque FUMi. Les sachets sont livr\u00e9s dans un format mince avec un design \u00e9troit. Chaque bo\u00eete contient 20 sachets de nicotine. La teneur en nicotine est de 15 mg par sachet et de 21,4 mg de nicotine par gramme. Le produit est class\u00e9 comme ultra-fort sur la base de sa teneur en nicotine par sachet. FUMi Spearmint Ultra Strong fait partie de la gamme de sachets de nicotine sans tabac FUMi.<\/p>\n<table>\n<tbody>\n<tr>\n<td><b>Attribut<\/b><\/td>\n<td><b>D\u00e9tails<\/b><\/td>\n<\/tr>\n<tr>\n<td><span style=\"font-weight: 400;\">Contenu par bo\u00eete<\/span><\/td>\n<td><span style=\"font-weight: 400;\">14g (20 sachets)<\/span><\/td>\n<\/tr>\n<tr>\n<td><span style=\"font-weight: 400;\">Teneur en nicotine<\/span><\/td>\n<td><span style=\"font-weight: 400;\">15 mg par sachet<\/span><\/td>\n<\/tr>\n<tr>\n<td><span style=\"font-weight: 400;\">Format de la pochette<\/span><\/td>\n<td><span style=\"font-weight: 400;\">Mince<\/span><\/td>\n<\/tr>\n<tr>\n<td><span style=\"font-weight: 400;\">Producteur<\/span><\/td>\n<td><span style=\"font-weight: 400;\">FUMI<\/span><\/td>\n<\/tr>\n<tr>\n<td><span style=\"font-weight: 400;\">Saveur<\/span><\/td>\n<td><span style=\"font-weight: 400;\">Menthe verte<\/span><\/td>\n<\/tr>\n<tr>\n<td><span style=\"font-weight: 400;\">Taper<\/span><\/td>\n<td><span style=\"font-weight: 400;\">Pochette enti\u00e8rement blanche, sans tabac<\/span><\/td>\n<\/tr>\n<\/tbody>\n<\/table>","protected":false},"excerpt":{"rendered":"<p data-start=\"901\" data-end=\"1023\">FUMi Spearmint Ultra Strong sachets de nicotine avec <strong data-start=\"913\" data-end=\"926\">Menthe verte<\/strong> saveur en <strong data-start=\"937\" data-end=\"945\">Mince<\/strong> chaque sachet contient <strong data-start=\"974\" data-end=\"992\">15 mg de nicotine<\/strong>.<\/p>","protected":false},"featured_media":64593,"comment_status":"open","ping_status":"closed","template":"","format":[206],"meta":{"_acf_changed":false},"product_brand":[],"product_cat":[245],"product_tag":[16571],"flavours":[199],"nicotine":[218,232],"class_list":{"0":"post-63846","1":"product","2":"type-product","3":"status-publish","4":"has-post-thumbnail","6":"product_cat-fumi","7":"product_tag-15-mg-pouch","8":"pa_quantity-1-pack","9":"pa_quantity-10-pack","10":"pa_quantity-3-pack","11":"pa_quantity-30-pack","12":"pa_quantity-5-pack","13":"pa_quantity-60-pack","14":"flavours-mint","15":"format-slim","16":"nicotine-20-mg-g","17":"nicotine-extra-strong","19":"first","20":"instock","21":"taxable","22":"shipping-taxable","23":"purchasable","24":"product-type-variable"},"acf":[],"_links":{"self":[{"href":"https:\/\/whitelip.com\/fr\/wp-json\/wp\/v2\/product\/63846","targetHints":{"allow":["GET"]}}],"collection":[{"href":"https:\/\/whitelip.com\/fr\/wp-json\/wp\/v2\/product"}],"about":[{"href":"https:\/\/whitelip.com\/fr\/wp-json\/wp\/v2\/types\/product"}],"replies":[{"embeddable":true,"href":"https:\/\/whitelip.com\/fr\/wp-json\/wp\/v2\/comments?post=63846"}],"wp:featuredmedia":[{"embeddable":true,"href":"https:\/\/whitelip.com\/fr\/wp-json\/wp\/v2\/media\/64593"}],"wp:attachment":[{"href":"https:\/\/whitelip.com\/fr\/wp-json\/wp\/v2\/media?parent=63846"}],"wp:term":[{"taxonomy":"product_brand","embeddable":true,"href":"https:\/\/whitelip.com\/fr\/wp-json\/wp\/v2\/product_brand?post=63846"},{"taxonomy":"product_cat","embeddable":true,"href":"https:\/\/whitelip.com\/fr\/wp-json\/wp\/v2\/product_cat?post=63846"},{"taxonomy":"product_tag","embeddable":true,"href":"https:\/\/whitelip.com\/fr\/wp-json\/wp\/v2\/product_tag?post=63846"},{"taxonomy":"flavours","embeddable":true,"href":"https:\/\/whitelip.com\/fr\/wp-json\/wp\/v2\/flavours?post=63846"},{"taxonomy":"format","embeddable":true,"href":"https:\/\/whitelip.com\/fr\/wp-json\/wp\/v2\/format?post=63846"},{"taxonomy":"nicotine","embeddable":true,"href":"https:\/\/whitelip.com\/fr\/wp-json\/wp\/v2\/nicotine?post=63846"}],"curies":[{"name":"wp","href":"https:\/\/api.w.org\/{rel}","templated":true}]}}