{"id":63789,"date":"2026-01-26T09:47:56","date_gmt":"2026-01-26T09:47:56","guid":{"rendered":"https:\/\/whitelip.com\/?post_type=product&#038;p=63789"},"modified":"2026-04-14T07:56:30","modified_gmt":"2026-04-14T07:56:30","slug":"fumi-blackcurrant-strong-2","status":"publish","type":"product","link":"https:\/\/whitelip.com\/fr\/fumi\/fumi-blackcurrant-strong-2\/","title":{"rendered":"FUMi Cassis fort"},"content":{"rendered":"<h2>FUMi Cassis fort<\/h2>\n<p data-start=\"258\" data-end=\"489\">FUMi Blackcurrant Strong est un sachet de nicotine \u00e0 l'ar\u00f4me de baies en format slim. L'ar\u00f4me est introduit t\u00f4t et a un caract\u00e8re de baie clair. Le produit est sans tabac et fabriqu\u00e9 par Helix Sweden sous la marque FUMi. Les sachets sont livr\u00e9s en format slim, ce qui signifie qu'ils sont plus \u00e9troits que les formats traditionnels. Chaque bo\u00eete contient 20 sachets de nicotine. La teneur en nicotine est de 8 mg par sachet et de 11,4 mg de nicotine par gramme. Le produit est class\u00e9 comme fort en fonction de sa teneur en nicotine par sachet. FUMi Blackcurrant Strong fait partie de la gamme de sachets de nicotine sans tabac FUMi.<\/p>\n<table>\n<tbody>\n<tr>\n<td><b>Attribut<\/b><\/td>\n<td><b>D\u00e9tails<\/b><\/td>\n<\/tr>\n<tr>\n<td><span style=\"font-weight: 400;\">Contenu par bo\u00eete<\/span><\/td>\n<td><span style=\"font-weight: 400;\">14g (20 sachets)<\/span><\/td>\n<\/tr>\n<tr>\n<td><span style=\"font-weight: 400;\">Teneur en nicotine<\/span><\/td>\n<td><span style=\"font-weight: 400;\">8 mg par sachet<\/span><\/td>\n<\/tr>\n<tr>\n<td><span style=\"font-weight: 400;\">Format de la pochette<\/span><\/td>\n<td><span style=\"font-weight: 400;\">Mince<\/span><\/td>\n<\/tr>\n<tr>\n<td><span style=\"font-weight: 400;\">Producteur<\/span><\/td>\n<td><span style=\"font-weight: 400;\">FUMI<\/span><\/td>\n<\/tr>\n<tr>\n<td><span style=\"font-weight: 400;\">Saveur<\/span><\/td>\n<td><span style=\"font-weight: 400;\">Cassis, baies<\/span><\/td>\n<\/tr>\n<tr>\n<td><span style=\"font-weight: 400;\">Taper<\/span><\/td>\n<td><span style=\"font-weight: 400;\">Pochette enti\u00e8rement blanche, sans tabac<\/span><\/td>\n<\/tr>\n<\/tbody>\n<\/table>","protected":false},"excerpt":{"rendered":"<p data-start=\"901\" data-end=\"1023\">FUMi Cassis Sachets de nicotine forte avec <strong data-start=\"948\" data-end=\"957\">Baies<\/strong> saveur en <strong data-start=\"968\" data-end=\"976\">Mince<\/strong> chaque sachet contient <strong data-start=\"1005\" data-end=\"1022\">8 mg de nicotine<\/strong>.<\/p>","protected":false},"featured_media":64591,"comment_status":"open","ping_status":"closed","template":"","format":[206],"meta":{"_acf_changed":false},"product_brand":[],"product_cat":[245],"product_tag":[16583],"flavours":[196],"nicotine":[208,236],"class_list":{"0":"post-63789","1":"product","2":"type-product","3":"status-publish","4":"has-post-thumbnail","6":"product_cat-fumi","7":"product_tag-8-mg-pouch","8":"pa_quantity-1-pack","9":"pa_quantity-10-pack","10":"pa_quantity-3-pack","11":"pa_quantity-30-pack","12":"pa_quantity-5-pack","13":"pa_quantity-60-pack","14":"flavours-fruits-berries","15":"format-slim","16":"nicotine-11-mg-g","17":"nicotine-strong","19":"first","20":"instock","21":"taxable","22":"shipping-taxable","23":"purchasable","24":"product-type-variable"},"acf":[],"_links":{"self":[{"href":"https:\/\/whitelip.com\/fr\/wp-json\/wp\/v2\/product\/63789","targetHints":{"allow":["GET"]}}],"collection":[{"href":"https:\/\/whitelip.com\/fr\/wp-json\/wp\/v2\/product"}],"about":[{"href":"https:\/\/whitelip.com\/fr\/wp-json\/wp\/v2\/types\/product"}],"replies":[{"embeddable":true,"href":"https:\/\/whitelip.com\/fr\/wp-json\/wp\/v2\/comments?post=63789"}],"wp:featuredmedia":[{"embeddable":true,"href":"https:\/\/whitelip.com\/fr\/wp-json\/wp\/v2\/media\/64591"}],"wp:attachment":[{"href":"https:\/\/whitelip.com\/fr\/wp-json\/wp\/v2\/media?parent=63789"}],"wp:term":[{"taxonomy":"product_brand","embeddable":true,"href":"https:\/\/whitelip.com\/fr\/wp-json\/wp\/v2\/product_brand?post=63789"},{"taxonomy":"product_cat","embeddable":true,"href":"https:\/\/whitelip.com\/fr\/wp-json\/wp\/v2\/product_cat?post=63789"},{"taxonomy":"product_tag","embeddable":true,"href":"https:\/\/whitelip.com\/fr\/wp-json\/wp\/v2\/product_tag?post=63789"},{"taxonomy":"flavours","embeddable":true,"href":"https:\/\/whitelip.com\/fr\/wp-json\/wp\/v2\/flavours?post=63789"},{"taxonomy":"format","embeddable":true,"href":"https:\/\/whitelip.com\/fr\/wp-json\/wp\/v2\/format?post=63789"},{"taxonomy":"nicotine","embeddable":true,"href":"https:\/\/whitelip.com\/fr\/wp-json\/wp\/v2\/nicotine?post=63789"}],"curies":[{"name":"wp","href":"https:\/\/api.w.org\/{rel}","templated":true}]}}