{"id":63277,"date":"2026-01-23T10:01:00","date_gmt":"2026-01-23T10:01:00","guid":{"rendered":"https:\/\/whitelip.com\/?post_type=product&#038;p=63277"},"modified":"2026-04-22T10:11:50","modified_gmt":"2026-04-22T10:11:50","slug":"egl-coco-3mg","status":"publish","type":"product","link":"https:\/\/whitelip.com\/fr\/egl\/egl-coco-3mg\/","title":{"rendered":"EGL Coco 3mg"},"content":{"rendered":"<h1 data-start=\"2075\" data-end=\"2113\">EGL Coco 3mg<\/h1>\n<p data-start=\"226\" data-end=\"455\">EGL Coco est un sachet de nicotine \u00e0 l'ar\u00f4me de noix de coco de la marque EGL. L'ar\u00f4me est introduit t\u00f4t et a un profil de noix de coco clair. Le produit appartient \u00e0 la cat\u00e9gorie des sachets de nicotine et est destin\u00e9 \u00e0 \u00eatre utilis\u00e9 sans tabac.<\/p>\n<p data-start=\"457\" data-end=\"631\">EGL Coco fait partie de la gamme de sachets de nicotine EGL et est con\u00e7u pour \u00eatre plac\u00e9 sous la l\u00e8vre sup\u00e9rieure. Le produit contient de la nicotine et est destin\u00e9 aux utilisateurs adultes.<\/p>\n<table>\n<tbody>\n<tr>\n<td><b>Attribut<\/b><\/td>\n<td><b>D\u00e9tails<\/b><\/td>\n<\/tr>\n<tr>\n<td><b>Contenu par bo\u00eete<\/b><\/td>\n<td><span style=\"font-weight: 400;\">18 sachets<\/span><\/td>\n<\/tr>\n<tr>\n<td><b>Teneur en nicotine<\/b><\/td>\n<td><span style=\"font-weight: 400;\">3 mg par sachet<\/span><\/td>\n<\/tr>\n<tr>\n<td><b>Format de la pochette<\/b><\/td>\n<td><span style=\"font-weight: 400;\">Mince<\/span><\/td>\n<\/tr>\n<tr>\n<td><b>Producteur<\/b><\/td>\n<td>Groupe Smitify Ltd<\/td>\n<\/tr>\n<tr>\n<td><b>Saveur<\/b><\/td>\n<td>Noix de coco<\/td>\n<\/tr>\n<tr>\n<td><b>Taper<\/b><\/td>\n<td><span style=\"font-weight: 400;\">Pochette toute blanche<\/span><\/td>\n<\/tr>\n<\/tbody>\n<\/table>","protected":false},"excerpt":{"rendered":"<p>Sachets de nicotine EGL Coco avec <b>noix de coco <\/b>saveur.<\/p>","protected":false},"featured_media":63334,"comment_status":"open","ping_status":"closed","template":"","format":[206],"meta":{"_acf_changed":false},"product_brand":[],"product_cat":[13692],"product_tag":[16579],"flavours":[196],"nicotine":[234],"class_list":{"0":"post-63277","1":"product","2":"type-product","3":"status-publish","4":"has-post-thumbnail","6":"product_cat-egl","7":"product_tag-3-mg-pouch","8":"pa_quantity-1-pack","9":"pa_quantity-10-pack","10":"pa_quantity-3-pack","11":"pa_quantity-30-pack","12":"pa_quantity-5-pack","13":"pa_quantity-60-pack","14":"flavours-fruits-berries","15":"format-slim","16":"nicotine-mild","18":"first","19":"instock","20":"taxable","21":"shipping-taxable","22":"purchasable","23":"product-type-variable"},"acf":[],"_links":{"self":[{"href":"https:\/\/whitelip.com\/fr\/wp-json\/wp\/v2\/product\/63277","targetHints":{"allow":["GET"]}}],"collection":[{"href":"https:\/\/whitelip.com\/fr\/wp-json\/wp\/v2\/product"}],"about":[{"href":"https:\/\/whitelip.com\/fr\/wp-json\/wp\/v2\/types\/product"}],"replies":[{"embeddable":true,"href":"https:\/\/whitelip.com\/fr\/wp-json\/wp\/v2\/comments?post=63277"}],"wp:featuredmedia":[{"embeddable":true,"href":"https:\/\/whitelip.com\/fr\/wp-json\/wp\/v2\/media\/63334"}],"wp:attachment":[{"href":"https:\/\/whitelip.com\/fr\/wp-json\/wp\/v2\/media?parent=63277"}],"wp:term":[{"taxonomy":"product_brand","embeddable":true,"href":"https:\/\/whitelip.com\/fr\/wp-json\/wp\/v2\/product_brand?post=63277"},{"taxonomy":"product_cat","embeddable":true,"href":"https:\/\/whitelip.com\/fr\/wp-json\/wp\/v2\/product_cat?post=63277"},{"taxonomy":"product_tag","embeddable":true,"href":"https:\/\/whitelip.com\/fr\/wp-json\/wp\/v2\/product_tag?post=63277"},{"taxonomy":"flavours","embeddable":true,"href":"https:\/\/whitelip.com\/fr\/wp-json\/wp\/v2\/flavours?post=63277"},{"taxonomy":"format","embeddable":true,"href":"https:\/\/whitelip.com\/fr\/wp-json\/wp\/v2\/format?post=63277"},{"taxonomy":"nicotine","embeddable":true,"href":"https:\/\/whitelip.com\/fr\/wp-json\/wp\/v2\/nicotine?post=63277"}],"curies":[{"name":"wp","href":"https:\/\/api.w.org\/{rel}","templated":true}]}}