{"id":62705,"date":"2026-01-19T13:33:35","date_gmt":"2026-01-19T13:33:35","guid":{"rendered":"https:\/\/whitelip.com\/?post_type=product&#038;p=62705"},"modified":"2026-05-12T10:11:51","modified_gmt":"2026-05-12T10:11:51","slug":"juice-head-peach-pineapple-6mg","status":"publish","type":"product","link":"https:\/\/whitelip.com\/fr\/juice-head\/juice-head-peach-pineapple-6mg\/","title":{"rendered":"Juice Head P\u00eache Ananas 6mg"},"content":{"rendered":"<h1 data-start=\"2075\" data-end=\"2113\">Juice Head P\u00eache Ananas 6mg<\/h1>\n<p data-start=\"2873\" data-end=\"3180\">Juice Head Peach Pineapple 6mg sont des sachets de nicotine au go\u00fbt de p\u00eache et d'ananas en format slim. La saveur est introduite t\u00f4t et a un caract\u00e8re fruit\u00e9 doux avec des notes \u00e9quilibr\u00e9es de p\u00eache et d'ananas. Le produit est sans tabac et fabriqu\u00e9 par Streamline Group Inc sous la marque Juice Head. Les sachets sont livr\u00e9s en format slim et se composent de sachets \u00e9troits. La teneur en nicotine est de 6 mg par sachet et de 8,5 mg de nicotine par gramme. Le produit est class\u00e9 comme de force normale en fonction de sa teneur en nicotine par sachet. Juice Head Peach Pineapple 6mg fait partie de la gamme de sachets de nicotine sans tabac Juice Head.<\/p>\n<table>\n<tbody>\n<tr>\n<td><b>Attribut<\/b><\/td>\n<td><b>D\u00e9tails<\/b><\/td>\n<\/tr>\n<tr>\n<td><b>Contenu par bo\u00eete<\/b><\/td>\n<td><span style=\"font-weight: 400;\">20 sachets<\/span><\/td>\n<\/tr>\n<tr>\n<td><b>Teneur en nicotine<\/b><\/td>\n<td><span style=\"font-weight: 400;\">8,5 mg\/g (6 mg par sachet)<\/span><\/td>\n<\/tr>\n<tr>\n<td><b>Format de la pochette<\/b><\/td>\n<td><span style=\"font-weight: 400;\">Mince<\/span><\/td>\n<\/tr>\n<tr>\n<td><b>Producteur<\/b><\/td>\n<td>Streamline Group Inc<\/td>\n<\/tr>\n<tr>\n<td><b>Saveur<\/b><\/td>\n<td>P\u00eache et ananas<\/td>\n<\/tr>\n<tr>\n<td><b>Taper<\/b><\/td>\n<td><span style=\"font-weight: 400;\">Pochette toute blanche<\/span><\/td>\n<\/tr>\n<\/tbody>\n<\/table>","protected":false},"excerpt":{"rendered":"<p><strong>Version europ\u00e9enne<\/strong><\/p>\n<p>&nbsp;<\/p>\n<p>Juice Head Peach Pineapple sachets de nicotine 6mg avec <strong data-start=\"3597\" data-end=\"3620\">P\u00eache et Ananas<\/strong> saveur en <strong data-start=\"3631\" data-end=\"3639\">Mince<\/strong> chaque sachet contient <strong data-start=\"3668\" data-end=\"3685\">6 mg de nicotine<\/strong>.<\/p>","protected":false},"featured_media":62990,"comment_status":"open","ping_status":"closed","template":"","format":[206],"meta":{"_acf_changed":false},"product_brand":[],"product_cat":[13598],"product_tag":[16559],"flavours":[196],"nicotine":[230,235],"class_list":{"0":"post-62705","1":"product","2":"type-product","3":"status-publish","4":"has-post-thumbnail","6":"product_cat-juice-head","7":"product_tag-6-mg-pouch","8":"pa_quantity-1-pack","9":"pa_quantity-10-pack","10":"pa_quantity-3-pack","11":"pa_quantity-30-pack","12":"pa_quantity-5-pack","13":"pa_quantity-60-pack","14":"flavours-fruits-berries","15":"format-slim","16":"nicotine-8-mg-g","17":"nicotine-normal","19":"first","20":"outofstock","21":"taxable","22":"shipping-taxable","23":"purchasable","24":"product-type-variable"},"acf":[],"_links":{"self":[{"href":"https:\/\/whitelip.com\/fr\/wp-json\/wp\/v2\/product\/62705","targetHints":{"allow":["GET"]}}],"collection":[{"href":"https:\/\/whitelip.com\/fr\/wp-json\/wp\/v2\/product"}],"about":[{"href":"https:\/\/whitelip.com\/fr\/wp-json\/wp\/v2\/types\/product"}],"replies":[{"embeddable":true,"href":"https:\/\/whitelip.com\/fr\/wp-json\/wp\/v2\/comments?post=62705"}],"wp:featuredmedia":[{"embeddable":true,"href":"https:\/\/whitelip.com\/fr\/wp-json\/wp\/v2\/media\/62990"}],"wp:attachment":[{"href":"https:\/\/whitelip.com\/fr\/wp-json\/wp\/v2\/media?parent=62705"}],"wp:term":[{"taxonomy":"product_brand","embeddable":true,"href":"https:\/\/whitelip.com\/fr\/wp-json\/wp\/v2\/product_brand?post=62705"},{"taxonomy":"product_cat","embeddable":true,"href":"https:\/\/whitelip.com\/fr\/wp-json\/wp\/v2\/product_cat?post=62705"},{"taxonomy":"product_tag","embeddable":true,"href":"https:\/\/whitelip.com\/fr\/wp-json\/wp\/v2\/product_tag?post=62705"},{"taxonomy":"flavours","embeddable":true,"href":"https:\/\/whitelip.com\/fr\/wp-json\/wp\/v2\/flavours?post=62705"},{"taxonomy":"format","embeddable":true,"href":"https:\/\/whitelip.com\/fr\/wp-json\/wp\/v2\/format?post=62705"},{"taxonomy":"nicotine","embeddable":true,"href":"https:\/\/whitelip.com\/fr\/wp-json\/wp\/v2\/nicotine?post=62705"}],"curies":[{"name":"wp","href":"https:\/\/api.w.org\/{rel}","templated":true}]}}