{"id":62128,"date":"2026-01-19T12:56:45","date_gmt":"2026-01-19T12:56:45","guid":{"rendered":"https:\/\/whitelip.com\/?post_type=product&#038;p=62128"},"modified":"2026-04-15T19:34:03","modified_gmt":"2026-04-15T19:34:03","slug":"juice-head-blueberry-lemon-14mg","status":"publish","type":"product","link":"https:\/\/whitelip.com\/fr\/juice-head\/juice-head-blueberry-lemon-14mg\/","title":{"rendered":"Jus de myrtille et citron Juice Head 14mg"},"content":{"rendered":"<h1 data-start=\"235\" data-end=\"268\">Jus de myrtille et citron Juice Head 14mg<\/h1>\n<p data-start=\"1250\" data-end=\"1541\">Juice Head Blueberry Lemon 14mg est un sachet de nicotine avec un ar\u00f4me de myrtille et de citron en format slim. L'ar\u00f4me est introduit t\u00f4t et a un caract\u00e8re de baies combin\u00e9 \u00e0 des notes d'agrumes. Le produit est sans tabac et fabriqu\u00e9 par Streamline Group Inc. sous la marque Juice Head. Les sachets sont livr\u00e9s dans un format mince et consistent en des sachets \u00e9troits. La teneur en nicotine est de 14 mg par sachet et de 20 mg par gramme. Le produit est class\u00e9 comme ultra-fort sur la base de sa teneur en nicotine par sachet. Juice Head Blueberry Lemon 14mg fait partie de la gamme de sachets de nicotine sans tabac Juice Head et contient de la nicotine synth\u00e9tique sans utiliser de feuilles de tabac.<\/p>\n<table>\n<tbody>\n<tr>\n<td><b>Attribut<\/b><\/td>\n<td><b>D\u00e9tails<\/b><\/td>\n<\/tr>\n<tr>\n<td><b>Contenu par bo\u00eete<\/b><\/td>\n<td><span style=\"font-weight: 400;\">20 sachets<\/span><\/td>\n<\/tr>\n<tr>\n<td><b>Teneur en nicotine<\/b><\/td>\n<td><span style=\"font-weight: 400;\">20 mg\/g (14 mg par sachet)<\/span><\/td>\n<\/tr>\n<tr>\n<td><b>Format de la pochette<\/b><\/td>\n<td><span style=\"font-weight: 400;\">Mince<\/span><\/td>\n<\/tr>\n<tr>\n<td><b>Producteur<\/b><\/td>\n<td>Streamline Group Inc<\/td>\n<\/tr>\n<tr>\n<td><b>Saveur<\/b><\/td>\n<td><span style=\"font-weight: 400;\">Myrtille et citron<\/span><\/td>\n<\/tr>\n<tr>\n<td><b>Taper<\/b><\/td>\n<td><span style=\"font-weight: 400;\">Pochette toute blanche<\/span><\/td>\n<\/tr>\n<\/tbody>\n<\/table>","protected":false},"excerpt":{"rendered":"<p><strong>Version europ\u00e9enne<\/strong><\/p>\n<p>&nbsp;<\/p>\n<p>Juice Head Blueberry Lemon 14mg nicotine pouches with <strong data-start=\"2017\" data-end=\"2040\">Myrtille et citron<\/strong> saveur en <strong data-start=\"2051\" data-end=\"2059\">Mince<\/strong> chaque sachet contient <strong data-start=\"2088\" data-end=\"2106\">14 mg de nicotine<\/strong>.<\/p>","protected":false},"featured_media":62978,"comment_status":"open","ping_status":"closed","template":"","format":[206],"meta":{"_acf_changed":false},"product_brand":[],"product_cat":[13598],"product_tag":[16581,16519],"flavours":[196],"nicotine":[218,232],"class_list":{"0":"post-62128","1":"product","2":"type-product","3":"status-publish","4":"has-post-thumbnail","6":"product_cat-juice-head","7":"product_tag-14-mg-pouch","8":"product_tag-25-off","9":"pa_quantity-1-pack","10":"pa_quantity-10-pack","11":"pa_quantity-3-pack","12":"pa_quantity-30-pack","13":"pa_quantity-5-pack","14":"pa_quantity-60-pack","15":"flavours-fruits-berries","16":"format-slim","17":"nicotine-20-mg-g","18":"nicotine-extra-strong","20":"first","21":"instock","22":"sale","23":"taxable","24":"shipping-taxable","25":"purchasable","26":"product-type-variable"},"acf":[],"_links":{"self":[{"href":"https:\/\/whitelip.com\/fr\/wp-json\/wp\/v2\/product\/62128","targetHints":{"allow":["GET"]}}],"collection":[{"href":"https:\/\/whitelip.com\/fr\/wp-json\/wp\/v2\/product"}],"about":[{"href":"https:\/\/whitelip.com\/fr\/wp-json\/wp\/v2\/types\/product"}],"replies":[{"embeddable":true,"href":"https:\/\/whitelip.com\/fr\/wp-json\/wp\/v2\/comments?post=62128"}],"wp:featuredmedia":[{"embeddable":true,"href":"https:\/\/whitelip.com\/fr\/wp-json\/wp\/v2\/media\/62978"}],"wp:attachment":[{"href":"https:\/\/whitelip.com\/fr\/wp-json\/wp\/v2\/media?parent=62128"}],"wp:term":[{"taxonomy":"product_brand","embeddable":true,"href":"https:\/\/whitelip.com\/fr\/wp-json\/wp\/v2\/product_brand?post=62128"},{"taxonomy":"product_cat","embeddable":true,"href":"https:\/\/whitelip.com\/fr\/wp-json\/wp\/v2\/product_cat?post=62128"},{"taxonomy":"product_tag","embeddable":true,"href":"https:\/\/whitelip.com\/fr\/wp-json\/wp\/v2\/product_tag?post=62128"},{"taxonomy":"flavours","embeddable":true,"href":"https:\/\/whitelip.com\/fr\/wp-json\/wp\/v2\/flavours?post=62128"},{"taxonomy":"format","embeddable":true,"href":"https:\/\/whitelip.com\/fr\/wp-json\/wp\/v2\/format?post=62128"},{"taxonomy":"nicotine","embeddable":true,"href":"https:\/\/whitelip.com\/fr\/wp-json\/wp\/v2\/nicotine?post=62128"}],"curies":[{"name":"wp","href":"https:\/\/api.w.org\/{rel}","templated":true}]}}