{"id":61782,"date":"2026-01-19T12:39:06","date_gmt":"2026-01-19T12:39:06","guid":{"rendered":"https:\/\/whitelip.com\/?post_type=product&#038;p=61782"},"modified":"2026-04-22T10:11:49","modified_gmt":"2026-04-22T10:11:49","slug":"juice-head-spicy-pineapple-20mg","status":"publish","type":"product","link":"https:\/\/whitelip.com\/fr\/juice-head\/juice-head-spicy-pineapple-20mg\/","title":{"rendered":"Jus d'ananas \u00e9pic\u00e9 Juice Head 20 mg"},"content":{"rendered":"<h1 data-start=\"253\" data-end=\"286\">Jus d'ananas \u00e9pic\u00e9 Juice Head 20 mg<\/h1>\n<p data-start=\"317\" data-end=\"616\">Juice Head Spicy Pineapple 20mg est un sachet de nicotine avec une saveur d'ananas et une note \u00e9pic\u00e9e dans un format mince. La saveur est introduite t\u00f4t et combine l'ananas fruit\u00e9 avec un caract\u00e8re \u00e9pic\u00e9 distinct. Le produit est sans tabac et fabriqu\u00e9 par Streamline Group Inc. sous la marque Juice Head. Les sachets sont livr\u00e9s dans un format mince et consistent en des sachets \u00e9troits. La teneur en nicotine est de 20 mg par sachet et de 26 mg par gramme. Le produit est class\u00e9 comme ultra-fort sur la base de sa teneur en nicotine par sachet. Juice Head Spicy Pineapple 20mg fait partie de la gamme de sachets de nicotine sans tabac Juice Head et contient de la nicotine synth\u00e9tique sans utiliser de feuilles de tabac.<\/p>\n<table>\n<tbody>\n<tr>\n<td><b>Attribut<\/b><\/td>\n<td><b>D\u00e9tails<\/b><\/td>\n<\/tr>\n<tr>\n<td><b>Contenu par bo\u00eete<\/b><\/td>\n<td><span style=\"font-weight: 400;\">20 sachets<\/span><\/td>\n<\/tr>\n<tr>\n<td><b>Teneur en nicotine<\/b><\/td>\n<td><span style=\"font-weight: 400;\">26 mg\/g (20 mg par sachet)<\/span><\/td>\n<\/tr>\n<tr>\n<td><b>Format de la pochette<\/b><\/td>\n<td><span style=\"font-weight: 400;\">Mince<\/span><\/td>\n<\/tr>\n<tr>\n<td><b>Producteur<\/b><\/td>\n<td>Streamline Group Inc<\/td>\n<\/tr>\n<tr>\n<td><b>Saveur<\/b><\/td>\n<td><span style=\"font-weight: 400;\">Ananas<\/span><\/td>\n<\/tr>\n<tr>\n<td><b>Taper<\/b><\/td>\n<td><span style=\"font-weight: 400;\">Pochette toute blanche<\/span><\/td>\n<\/tr>\n<\/tbody>\n<\/table>","protected":false},"excerpt":{"rendered":"<p><strong>Version europ\u00e9enne<\/strong><\/p>\n<p>&nbsp;<\/p>\n<p>Juice Head Spicy Pineapple 20mg nicotine pouches with <strong data-start=\"1092\" data-end=\"1111\">Ananas \u00e9pic\u00e9<\/strong> saveur en <strong data-start=\"1122\" data-end=\"1130\">Mince<\/strong> chaque sachet contient <strong data-start=\"1159\" data-end=\"1177\">20 mg de nicotine<\/strong>.<\/p>","protected":false},"featured_media":62973,"comment_status":"open","ping_status":"closed","template":"","format":[206],"meta":{"_acf_changed":false},"product_brand":[],"product_cat":[13598],"product_tag":[16545],"flavours":[196],"nicotine":[219,232],"class_list":{"0":"post-61782","1":"product","2":"type-product","3":"status-publish","4":"has-post-thumbnail","6":"product_cat-juice-head","7":"product_tag-20-mg-pouch","8":"pa_quantity-1-pack","9":"pa_quantity-10-pack","10":"pa_quantity-3-pack","11":"pa_quantity-30-pack","12":"pa_quantity-5-pack","13":"pa_quantity-60-pack","14":"flavours-fruits-berries","15":"format-slim","16":"nicotine-25-mg-g","17":"nicotine-extra-strong","19":"first","20":"instock","21":"taxable","22":"shipping-taxable","23":"purchasable","24":"product-type-variable"},"acf":[],"_links":{"self":[{"href":"https:\/\/whitelip.com\/fr\/wp-json\/wp\/v2\/product\/61782","targetHints":{"allow":["GET"]}}],"collection":[{"href":"https:\/\/whitelip.com\/fr\/wp-json\/wp\/v2\/product"}],"about":[{"href":"https:\/\/whitelip.com\/fr\/wp-json\/wp\/v2\/types\/product"}],"replies":[{"embeddable":true,"href":"https:\/\/whitelip.com\/fr\/wp-json\/wp\/v2\/comments?post=61782"}],"wp:featuredmedia":[{"embeddable":true,"href":"https:\/\/whitelip.com\/fr\/wp-json\/wp\/v2\/media\/62973"}],"wp:attachment":[{"href":"https:\/\/whitelip.com\/fr\/wp-json\/wp\/v2\/media?parent=61782"}],"wp:term":[{"taxonomy":"product_brand","embeddable":true,"href":"https:\/\/whitelip.com\/fr\/wp-json\/wp\/v2\/product_brand?post=61782"},{"taxonomy":"product_cat","embeddable":true,"href":"https:\/\/whitelip.com\/fr\/wp-json\/wp\/v2\/product_cat?post=61782"},{"taxonomy":"product_tag","embeddable":true,"href":"https:\/\/whitelip.com\/fr\/wp-json\/wp\/v2\/product_tag?post=61782"},{"taxonomy":"flavours","embeddable":true,"href":"https:\/\/whitelip.com\/fr\/wp-json\/wp\/v2\/flavours?post=61782"},{"taxonomy":"format","embeddable":true,"href":"https:\/\/whitelip.com\/fr\/wp-json\/wp\/v2\/format?post=61782"},{"taxonomy":"nicotine","embeddable":true,"href":"https:\/\/whitelip.com\/fr\/wp-json\/wp\/v2\/nicotine?post=61782"}],"curies":[{"name":"wp","href":"https:\/\/api.w.org\/{rel}","templated":true}]}}