{"id":61519,"date":"2026-01-19T10:25:21","date_gmt":"2026-01-19T10:25:21","guid":{"rendered":"https:\/\/whitelip.com\/?post_type=product&#038;p=61519"},"modified":"2026-04-29T10:11:25","modified_gmt":"2026-04-29T10:11:25","slug":"apres-mochaccino","status":"publish","type":"product","link":"https:\/\/whitelip.com\/fr\/apres\/apres-mochaccino\/","title":{"rendered":"APR\u00c8S Mochaccino"},"content":{"rendered":"<h2>APR\u00c8S Mochaccino<\/h2>\n<p data-start=\"206\" data-end=\"415\">APR\u00c8S Mochaccino est un produit de poche de nicotine sans tabac avec une saveur de caf\u00e9 au format slim. La saveur appara\u00eet rapidement et a un caract\u00e8re de caf\u00e9 marqu\u00e9. Le produit est fabriqu\u00e9 par Apr\u00e8s Nicotine AB. Les pochettes sont produites au format slim destin\u00e9 \u00e0 un placement discret sous la l\u00e8vre sup\u00e9rieure. Chaque bo\u00eete contient 20 pochettes de nicotine. La teneur en nicotine est de 4,4 mg par pochette, correspondant \u00e0 8 mg de nicotine par gramme. Le produit est class\u00e9 comme force normale selon sa teneur en nicotine par pochette. APR\u00c8S Mochaccino fait partie de la gamme APR\u00c8S de pochettes de nicotine sans tabac et est produit sans l'utilisation de feuille de tabac.<\/p>\n<table>\n<tbody>\n<tr>\n<td><b>Attribut<\/b><\/td>\n<td><b>D\u00e9tails<\/b><\/td>\n<\/tr>\n<tr>\n<td><b>Contenu par bo\u00eete<\/b><\/td>\n<td><span style=\"font-weight: 400;\">11g (20 sachets)<\/span><\/td>\n<\/tr>\n<tr>\n<td><b>Teneur en nicotine<\/b><\/td>\n<td><span style=\"font-weight: 400;\">8 mg\/g (4,4 mg par pochette)<\/span><\/td>\n<\/tr>\n<tr>\n<td><b>Format de la pochette<\/b><\/td>\n<td><span style=\"font-weight: 400;\">Mince<\/span><\/td>\n<\/tr>\n<tr>\n<td><b>Producteur<\/b><\/td>\n<td><span style=\"font-weight: 400;\">APR\u00c8S Nicotine AB<\/span><\/td>\n<\/tr>\n<tr>\n<td><b>Saveur<\/b><\/td>\n<td><span style=\"font-weight: 400;\">Caf\u00e9<\/span><\/td>\n<\/tr>\n<tr>\n<td><b>Taper<\/b><\/td>\n<td><span style=\"font-weight: 400;\">Pochette toute blanche<\/span><\/td>\n<\/tr>\n<\/tbody>\n<\/table>","protected":false},"excerpt":{"rendered":"<p>APR\u00c8S Mochaccino pochettes de nicotine avec <strong data-start=\"917\" data-end=\"927\">Caf\u00e9<\/strong> saveur en <strong data-start=\"938\" data-end=\"946\">Mince<\/strong> chaque sachet contient <strong data-start=\"975\" data-end=\"994\">4,4 mg de nicotine<\/strong>.<\/p>","protected":false},"featured_media":61453,"comment_status":"open","ping_status":"closed","template":"","format":[206],"meta":{"_acf_changed":false},"product_brand":[],"product_cat":[41],"product_tag":[16549],"flavours":[192],"nicotine":[230,235],"class_list":{"0":"post-61519","1":"product","2":"type-product","3":"status-publish","4":"has-post-thumbnail","6":"product_cat-apres","7":"product_tag-4-4-mg-pouch","8":"pa_quantity-1-pack","9":"pa_quantity-10-pack","10":"pa_quantity-3-pack","11":"pa_quantity-30-pack","12":"pa_quantity-5-pack","13":"pa_quantity-60-pack","14":"flavours-coffee","15":"format-slim","16":"nicotine-8-mg-g","17":"nicotine-normal","19":"first","20":"instock","21":"taxable","22":"shipping-taxable","23":"purchasable","24":"product-type-variable"},"acf":[],"_links":{"self":[{"href":"https:\/\/whitelip.com\/fr\/wp-json\/wp\/v2\/product\/61519","targetHints":{"allow":["GET"]}}],"collection":[{"href":"https:\/\/whitelip.com\/fr\/wp-json\/wp\/v2\/product"}],"about":[{"href":"https:\/\/whitelip.com\/fr\/wp-json\/wp\/v2\/types\/product"}],"replies":[{"embeddable":true,"href":"https:\/\/whitelip.com\/fr\/wp-json\/wp\/v2\/comments?post=61519"}],"wp:featuredmedia":[{"embeddable":true,"href":"https:\/\/whitelip.com\/fr\/wp-json\/wp\/v2\/media\/61453"}],"wp:attachment":[{"href":"https:\/\/whitelip.com\/fr\/wp-json\/wp\/v2\/media?parent=61519"}],"wp:term":[{"taxonomy":"product_brand","embeddable":true,"href":"https:\/\/whitelip.com\/fr\/wp-json\/wp\/v2\/product_brand?post=61519"},{"taxonomy":"product_cat","embeddable":true,"href":"https:\/\/whitelip.com\/fr\/wp-json\/wp\/v2\/product_cat?post=61519"},{"taxonomy":"product_tag","embeddable":true,"href":"https:\/\/whitelip.com\/fr\/wp-json\/wp\/v2\/product_tag?post=61519"},{"taxonomy":"flavours","embeddable":true,"href":"https:\/\/whitelip.com\/fr\/wp-json\/wp\/v2\/flavours?post=61519"},{"taxonomy":"format","embeddable":true,"href":"https:\/\/whitelip.com\/fr\/wp-json\/wp\/v2\/format?post=61519"},{"taxonomy":"nicotine","embeddable":true,"href":"https:\/\/whitelip.com\/fr\/wp-json\/wp\/v2\/nicotine?post=61519"}],"curies":[{"name":"wp","href":"https:\/\/api.w.org\/{rel}","templated":true}]}}