{"id":61461,"date":"2026-01-19T10:21:15","date_gmt":"2026-01-19T10:21:15","guid":{"rendered":"https:\/\/whitelip.com\/?post_type=product&#038;p=61461"},"modified":"2026-04-22T10:11:49","modified_gmt":"2026-04-22T10:11:49","slug":"apres-mochaccino-hyper-strong","status":"publish","type":"product","link":"https:\/\/whitelip.com\/fr\/apres\/apres-mochaccino-hyper-strong\/","title":{"rendered":"APR\u00c8S Mochaccino Hyper Fort"},"content":{"rendered":"<h2>APR\u00c8S Mochaccino Hyper Fort<\/h2>\n<p data-start=\"219\" data-end=\"441\">APR\u00c8S Mochaccino Hyper Strong est un produit en sachet de nicotine sans tabac avec un ar\u00f4me de caf\u00e9 dans un format mince. L'ar\u00f4me est introduit t\u00f4t et a un caract\u00e8re de caf\u00e9 clair. Le produit est fabriqu\u00e9 par Apr\u00e8s Nicotine AB. Les sachets sont produits dans un format fin pour un placement discret sous la l\u00e8vre sup\u00e9rieure. Chaque bo\u00eete contient 20 sachets de nicotine. La teneur en nicotine est de 11 mg par sachet, ce qui correspond \u00e0 20 mg de nicotine par gramme. Le produit est class\u00e9 comme extra fort en fonction de sa teneur en nicotine par sachet. APR\u00c8S Mochaccino Hyper Strong fait partie de la gamme de sachets de nicotine sans tabac APR\u00c8S et est fabriqu\u00e9 sans l'utilisation de feuilles de tabac.<\/p>\n<table>\n<tbody>\n<tr>\n<td><b>Attribut<\/b><\/td>\n<td><b>D\u00e9tails<\/b><\/td>\n<\/tr>\n<tr>\n<td><b>Contenu par bo\u00eete<\/b><\/td>\n<td><span style=\"font-weight: 400;\">11g (20 sachets)<\/span><\/td>\n<\/tr>\n<tr>\n<td><b>Teneur en nicotine<\/b><\/td>\n<td><span style=\"font-weight: 400;\">20 mg\/g (11 mg par sachet)<\/span><\/td>\n<\/tr>\n<tr>\n<td><b>Format de la pochette<\/b><\/td>\n<td><span style=\"font-weight: 400;\">Mince<\/span><\/td>\n<\/tr>\n<tr>\n<td><b>Producteur<\/b><\/td>\n<td><span style=\"font-weight: 400;\">APR\u00c8S Nicotine AB<\/span><\/td>\n<\/tr>\n<tr>\n<td><b>Saveur<\/b><\/td>\n<td><span style=\"font-weight: 400;\">Caf\u00e9<\/span><\/td>\n<\/tr>\n<tr>\n<td><b>Taper<\/b><\/td>\n<td><span style=\"font-weight: 400;\">Pochette toute blanche<\/span><\/td>\n<\/tr>\n<\/tbody>\n<\/table>","protected":false},"excerpt":{"rendered":"<p>APR\u00c8S Mochaccino Hyper Strong sachets de nicotine avec <strong data-start=\"957\" data-end=\"967\">Caf\u00e9<\/strong> saveur en <strong data-start=\"978\" data-end=\"986\">Mince<\/strong> chaque sachet contient <strong data-start=\"1015\" data-end=\"1033\">11 mg de nicotine<\/strong>.<\/p>","protected":false},"featured_media":61454,"comment_status":"open","ping_status":"closed","template":"","format":[206],"meta":{"_acf_changed":false},"product_brand":[],"product_cat":[41],"product_tag":[16551],"flavours":[192],"nicotine":[218,232],"class_list":{"0":"post-61461","1":"product","2":"type-product","3":"status-publish","4":"has-post-thumbnail","6":"product_cat-apres","7":"product_tag-11-mg-pouch","8":"pa_quantity-1-pack","9":"pa_quantity-10-pack","10":"pa_quantity-3-pack","11":"pa_quantity-30-pack","12":"pa_quantity-5-pack","13":"pa_quantity-60-pack","14":"flavours-coffee","15":"format-slim","16":"nicotine-20-mg-g","17":"nicotine-extra-strong","19":"first","20":"instock","21":"taxable","22":"shipping-taxable","23":"purchasable","24":"product-type-variable"},"acf":[],"_links":{"self":[{"href":"https:\/\/whitelip.com\/fr\/wp-json\/wp\/v2\/product\/61461","targetHints":{"allow":["GET"]}}],"collection":[{"href":"https:\/\/whitelip.com\/fr\/wp-json\/wp\/v2\/product"}],"about":[{"href":"https:\/\/whitelip.com\/fr\/wp-json\/wp\/v2\/types\/product"}],"replies":[{"embeddable":true,"href":"https:\/\/whitelip.com\/fr\/wp-json\/wp\/v2\/comments?post=61461"}],"wp:featuredmedia":[{"embeddable":true,"href":"https:\/\/whitelip.com\/fr\/wp-json\/wp\/v2\/media\/61454"}],"wp:attachment":[{"href":"https:\/\/whitelip.com\/fr\/wp-json\/wp\/v2\/media?parent=61461"}],"wp:term":[{"taxonomy":"product_brand","embeddable":true,"href":"https:\/\/whitelip.com\/fr\/wp-json\/wp\/v2\/product_brand?post=61461"},{"taxonomy":"product_cat","embeddable":true,"href":"https:\/\/whitelip.com\/fr\/wp-json\/wp\/v2\/product_cat?post=61461"},{"taxonomy":"product_tag","embeddable":true,"href":"https:\/\/whitelip.com\/fr\/wp-json\/wp\/v2\/product_tag?post=61461"},{"taxonomy":"flavours","embeddable":true,"href":"https:\/\/whitelip.com\/fr\/wp-json\/wp\/v2\/flavours?post=61461"},{"taxonomy":"format","embeddable":true,"href":"https:\/\/whitelip.com\/fr\/wp-json\/wp\/v2\/format?post=61461"},{"taxonomy":"nicotine","embeddable":true,"href":"https:\/\/whitelip.com\/fr\/wp-json\/wp\/v2\/nicotine?post=61461"}],"curies":[{"name":"wp","href":"https:\/\/api.w.org\/{rel}","templated":true}]}}