{"id":60594,"date":"2026-01-13T11:57:29","date_gmt":"2026-01-13T11:57:29","guid":{"rendered":"https:\/\/whitelip.com\/?post_type=product&#038;p=60594"},"modified":"2026-05-09T10:11:17","modified_gmt":"2026-05-09T10:11:17","slug":"pablo-exclusive-strawberry-kiwi","status":"publish","type":"product","link":"https:\/\/whitelip.com\/fr\/pablo\/pablo-exclusive-strawberry-kiwi\/","title":{"rendered":"PABLO Exclusive Fraise Kiwi"},"content":{"rendered":"<p data-start=\"109\" data-end=\"413\">PABLO Exclusive Strawberry Kiwi est un produit en sachet sans tabac et sans nicotine avec un profil d'ar\u00f4me combin\u00e9 de fraise et de kiwi. L'ar\u00f4me est introduit directement et se compose de notes fruit\u00e9es provenant \u00e0 la fois de la fraise et du kiwi. Le produit est fabriqu\u00e9 par NGP et appartient \u00e0 la s\u00e9rie de produits PABLO Exclusive. Les sachets de nicotine sont produits dans un format mince con\u00e7u pour \u00eatre plac\u00e9 discr\u00e8tement sous la l\u00e8vre sup\u00e9rieure. Chaque bo\u00eete contient 20 sachets de nicotine. La teneur en nicotine est de 30 mg par sachet, ce qui correspond \u00e0 50 mg de nicotine par gramme. Chaque sachet p\u00e8se 0,6 gramme et le contenu total de la bo\u00eete est de 12 grammes.<\/p>\n<p data-start=\"714\" data-end=\"879\">PABLO Exclusive Strawberry Kiwi est class\u00e9 comme un produit en sachet \u00e0 nicotine extr\u00eamement forte en raison de sa teneur en nicotine par sachet. Le produit ne contient pas de tabac.<\/p>\n<table>\n<tbody>\n<tr>\n<td><b>Attribut<\/b><\/td>\n<td><b>D\u00e9tails<\/b><\/td>\n<\/tr>\n<tr>\n<td><b>Contenu par bo\u00eete<\/b><\/td>\n<td><span style=\"font-weight: 400;\">12g (20 sachets)<\/span><\/td>\n<\/tr>\n<tr>\n<td><b>Teneur en nicotine<\/b><\/td>\n<td><span style=\"font-weight: 400;\">50 mg\/g (30 mg par sachet)<\/span><\/td>\n<\/tr>\n<tr>\n<td><b>Format de la pochette<\/b><\/td>\n<td><span style=\"font-weight: 400;\">Mince<\/span><\/td>\n<\/tr>\n<tr>\n<td><b>Producteur<\/b><\/td>\n<td><span style=\"font-weight: 400;\">N.G.P. Empire<\/span><\/td>\n<\/tr>\n<tr>\n<td><b>Saveur<\/b><\/td>\n<td>Fraise, Kiwi<\/td>\n<\/tr>\n<tr>\n<td><b>Taper<\/b><\/td>\n<td><span style=\"font-weight: 400;\">Pochette enti\u00e8rement blanche, sans tabac<\/span><\/td>\n<\/tr>\n<\/tbody>\n<\/table>","protected":false},"excerpt":{"rendered":"<p data-start=\"956\" data-end=\"1104\">PABLO Exclusive Strawberry Kiwi sachets de nicotine avec <strong data-start=\"965\" data-end=\"984\">Fraise Kiwi<\/strong> saveur en <strong data-start=\"995\" data-end=\"1003\">Mince<\/strong> chaque sachet contient <strong data-start=\"1032\" data-end=\"1050\">30 mg de nicotine<\/strong>.<\/p>","protected":false},"featured_media":60771,"comment_status":"open","ping_status":"closed","template":"","format":[206],"meta":{"_acf_changed":false},"product_brand":[],"product_cat":[44],"product_tag":[16605],"flavours":[196],"nicotine":[233,226],"class_list":{"0":"post-60594","1":"product","2":"type-product","3":"status-publish","4":"has-post-thumbnail","6":"product_cat-pablo","7":"product_tag-30-mg-pouch","8":"pa_quantity-1-pack","9":"pa_quantity-10-pack","10":"pa_quantity-3-pack","11":"pa_quantity-30-pack","12":"pa_quantity-5-pack","13":"pa_quantity-60-pack","14":"flavours-fruits-berries","15":"format-slim","16":"nicotine-extreme","17":"nicotine-50-mg-g","19":"first","20":"instock","21":"taxable","22":"shipping-taxable","23":"purchasable","24":"product-type-variable"},"acf":[],"_links":{"self":[{"href":"https:\/\/whitelip.com\/fr\/wp-json\/wp\/v2\/product\/60594","targetHints":{"allow":["GET"]}}],"collection":[{"href":"https:\/\/whitelip.com\/fr\/wp-json\/wp\/v2\/product"}],"about":[{"href":"https:\/\/whitelip.com\/fr\/wp-json\/wp\/v2\/types\/product"}],"replies":[{"embeddable":true,"href":"https:\/\/whitelip.com\/fr\/wp-json\/wp\/v2\/comments?post=60594"}],"wp:featuredmedia":[{"embeddable":true,"href":"https:\/\/whitelip.com\/fr\/wp-json\/wp\/v2\/media\/60771"}],"wp:attachment":[{"href":"https:\/\/whitelip.com\/fr\/wp-json\/wp\/v2\/media?parent=60594"}],"wp:term":[{"taxonomy":"product_brand","embeddable":true,"href":"https:\/\/whitelip.com\/fr\/wp-json\/wp\/v2\/product_brand?post=60594"},{"taxonomy":"product_cat","embeddable":true,"href":"https:\/\/whitelip.com\/fr\/wp-json\/wp\/v2\/product_cat?post=60594"},{"taxonomy":"product_tag","embeddable":true,"href":"https:\/\/whitelip.com\/fr\/wp-json\/wp\/v2\/product_tag?post=60594"},{"taxonomy":"flavours","embeddable":true,"href":"https:\/\/whitelip.com\/fr\/wp-json\/wp\/v2\/flavours?post=60594"},{"taxonomy":"format","embeddable":true,"href":"https:\/\/whitelip.com\/fr\/wp-json\/wp\/v2\/format?post=60594"},{"taxonomy":"nicotine","embeddable":true,"href":"https:\/\/whitelip.com\/fr\/wp-json\/wp\/v2\/nicotine?post=60594"}],"curies":[{"name":"wp","href":"https:\/\/api.w.org\/{rel}","templated":true}]}}