{"id":60071,"date":"2026-01-13T09:41:47","date_gmt":"2026-01-13T09:41:47","guid":{"rendered":"https:\/\/whitelip.com\/?post_type=product&#038;p=60071"},"modified":"2026-04-14T12:52:46","modified_gmt":"2026-04-14T12:52:46","slug":"loop-crispy-peppermint-hyper-strong","status":"publish","type":"product","link":"https:\/\/whitelip.com\/fr\/loop\/loop-crispy-peppermint-hyper-strong\/","title":{"rendered":"LOOP Crispy Peppermint Hyper Strong"},"content":{"rendered":"<h2>LOOP Crispy Peppermint Hyper Strong<\/h2>\n<p data-start=\"151\" data-end=\"439\">LOOP Crispy Peppermint Hyper Strong est un produit de poche de nicotine de la marque Loop. Le produit est sans tabac et bas\u00e9 sur la nicotine, et fait partie de la s\u00e9rie Loop Nicotine Pouches. Chaque bo\u00eete contient 20 portions au format slim. Le profil de saveur est domin\u00e9 par la menthe poivr\u00e9e, offrant un caract\u00e8re de menthe frais et clairement d\u00e9fini. Les portions slim sont con\u00e7ues pour s'adapter discr\u00e8tement sous la l\u00e8vre sup\u00e9rieure et offrir un ajustement uniforme et stable lors de l'utilisation. Par rapport aux portions standard, le format slim est plus \u00e9troit et contribue \u00e0 une visibilit\u00e9 r\u00e9duite.<\/p>\n<p data-start=\"754\" data-end=\"1009\">Le taux de nicotine est class\u00e9 comme extra fort. Chaque sachet contient 14,8 mg de nicotine, ce qui correspond \u00e0 25 mg de nicotine par gramme. Le produit est destin\u00e9 aux utilisateurs qui pr\u00e9f\u00e8rent les sachets de nicotine \u00e0 forte teneur en nicotine dans un format de portion mince.<\/p>\n<table>\n<tbody>\n<tr>\n<td><b>Attribut<\/b><\/td>\n<td><b>D\u00e9tails<\/b><\/td>\n<\/tr>\n<tr>\n<td><b>Marque<\/b><\/td>\n<td><span style=\"font-weight: 400;\">boucle<\/span><\/td>\n<\/tr>\n<tr>\n<td><b>Type de produit<\/b><\/td>\n<td><span style=\"font-weight: 400;\">Tous les sachets de nicotine blancs<\/span><\/td>\n<\/tr>\n<tr>\n<td><b>Format<\/b><\/td>\n<td>Mince<\/td>\n<\/tr>\n<tr>\n<td><b>Saveur<\/b><\/td>\n<td>Menthe poivr\u00e9e<\/td>\n<\/tr>\n<tr>\n<td><b>Intensit\u00e9 de la nicotine<\/b><\/td>\n<td><span style=\"font-weight: 400;\">14,8 mg par sachet (25 mg\/g)<\/span><\/td>\n<\/tr>\n<tr>\n<td><b>Poids de la portion<\/b><\/td>\n<td><span style=\"font-weight: 400;\">0,6 grammes<\/span><\/td>\n<\/tr>\n<tr>\n<td><b>Nombre de portions<\/b><\/td>\n<td><span style=\"font-weight: 400;\">20 par bo\u00eete<\/span><\/td>\n<\/tr>\n<tr>\n<td><b>Poids total de la bo\u00eete<\/b><\/td>\n<td><span style=\"font-weight: 400;\">12 grammes<\/span><\/td>\n<\/tr>\n<tr>\n<td><b>Fabricant<\/b><\/td>\n<td>boucle<\/td>\n<\/tr>\n<tr>\n<td><b>Caract\u00e9ristiques notables<\/b><\/td>\n<td><span style=\"font-weight: 400;\">Sans tabac, format mince<\/span><\/td>\n<\/tr>\n<\/tbody>\n<\/table>\n<p><em><strong>A propos de la marque : LOOP<\/strong><\/em><\/p>\n<p>Loop a \u00e9t\u00e9 fond\u00e9e en Su\u00e8de et se concentre sur le d\u00e9veloppement de sachets de nicotine sans tabac dans diff\u00e9rents formats et profils d'ar\u00f4mes. Crispy Peppermint Slim Hyper Strong fait partie de cette gamme et associe un ar\u00f4me de menthe poivr\u00e9e \u00e0 un fort taux de nicotine.<\/p>","protected":false},"excerpt":{"rendered":"<p>LOOP Crispy Peppermint Hyper Strong est une poche de nicotine avec <strong data-start=\"1388\" data-end=\"1409\">ar\u00f4me de menthe poivr\u00e9e<\/strong> dans un <strong data-start=\"1415\" data-end=\"1430\">format mince<\/strong>. Chaque sachet contient <strong data-start=\"1452\" data-end=\"1475\">14,8 mg de nicotine<\/strong> et le produit a <strong data-start=\"1496\" data-end=\"1521\">r\u00e9sistance extra forte<\/strong>.<\/p>","protected":false},"featured_media":92882,"comment_status":"open","ping_status":"closed","template":"","format":[206],"meta":{"_acf_changed":false},"product_brand":[],"product_cat":[32],"product_tag":[17010,16521],"flavours":[199],"nicotine":[232,219],"class_list":{"0":"post-60071","1":"product","2":"type-product","3":"status-publish","4":"has-post-thumbnail","6":"product_cat-loop","7":"product_tag-14-8-mg-pouch","8":"product_tag-15-off","9":"pa_quantity-1-pack","10":"pa_quantity-10-pack","11":"pa_quantity-3-pack","12":"pa_quantity-30-pack","13":"pa_quantity-5-pack","14":"pa_quantity-60-pack","15":"flavours-mint","16":"format-slim","17":"nicotine-extra-strong","18":"nicotine-25-mg-g","20":"first","21":"instock","22":"taxable","23":"shipping-taxable","24":"purchasable","25":"product-type-variable","26":"has-default-attributes"},"acf":[],"_links":{"self":[{"href":"https:\/\/whitelip.com\/fr\/wp-json\/wp\/v2\/product\/60071","targetHints":{"allow":["GET"]}}],"collection":[{"href":"https:\/\/whitelip.com\/fr\/wp-json\/wp\/v2\/product"}],"about":[{"href":"https:\/\/whitelip.com\/fr\/wp-json\/wp\/v2\/types\/product"}],"replies":[{"embeddable":true,"href":"https:\/\/whitelip.com\/fr\/wp-json\/wp\/v2\/comments?post=60071"}],"wp:featuredmedia":[{"embeddable":true,"href":"https:\/\/whitelip.com\/fr\/wp-json\/wp\/v2\/media\/92882"}],"wp:attachment":[{"href":"https:\/\/whitelip.com\/fr\/wp-json\/wp\/v2\/media?parent=60071"}],"wp:term":[{"taxonomy":"product_brand","embeddable":true,"href":"https:\/\/whitelip.com\/fr\/wp-json\/wp\/v2\/product_brand?post=60071"},{"taxonomy":"product_cat","embeddable":true,"href":"https:\/\/whitelip.com\/fr\/wp-json\/wp\/v2\/product_cat?post=60071"},{"taxonomy":"product_tag","embeddable":true,"href":"https:\/\/whitelip.com\/fr\/wp-json\/wp\/v2\/product_tag?post=60071"},{"taxonomy":"flavours","embeddable":true,"href":"https:\/\/whitelip.com\/fr\/wp-json\/wp\/v2\/flavours?post=60071"},{"taxonomy":"format","embeddable":true,"href":"https:\/\/whitelip.com\/fr\/wp-json\/wp\/v2\/format?post=60071"},{"taxonomy":"nicotine","embeddable":true,"href":"https:\/\/whitelip.com\/fr\/wp-json\/wp\/v2\/nicotine?post=60071"}],"curies":[{"name":"wp","href":"https:\/\/api.w.org\/{rel}","templated":true}]}}