{"id":59925,"date":"2026-01-12T15:25:25","date_gmt":"2026-01-12T15:25:25","guid":{"rendered":"https:\/\/whitelip.com\/?post_type=product&#038;p=59925"},"modified":"2026-05-06T10:11:29","modified_gmt":"2026-05-06T10:11:29","slug":"cuba-black-grape","status":"publish","type":"product","link":"https:\/\/whitelip.com\/fr\/cuba\/cuba-black-grape\/","title":{"rendered":"CUBA Raisin noir"},"content":{"rendered":"<h2>CUBA Raisin noir<\/h2>\n<p><span style=\"font-weight: 400;\">Les sachets de nicotine CUBA Black Grape Hit offrent un riche ar\u00f4me de raisin et procurent une exp\u00e9rience puissante et satisfaisante. Chaque sachet fin, enti\u00e8rement blanc, contient 43 mg de nicotine, procurant une sensation forte adapt\u00e9e aux utilisateurs exp\u00e9riment\u00e9s. Les sachets de couleur noire sont con\u00e7us pour \u00eatre discrets et ne pas tacher les dents. Chaque bo\u00eete contient 20 sachets, ce qui permet de disposer d'une quantit\u00e9 suffisante pour votre plaisir. Fabriqu\u00e9s par CUBA, un fabricant polonais connu pour allier m\u00e9thodes contemporaines et qualit\u00e9 traditionnelle, ces sachets illustrent des normes \u00e9lev\u00e9es et des combinaisons d'ar\u00f4mes innovantes.<\/span><\/p>\n<table>\n<tbody>\n<tr>\n<td><b>Attribut<\/b><\/td>\n<td><b>D\u00e9tails<\/b><\/td>\n<\/tr>\n<tr>\n<td><b>Contenu par bo\u00eete<\/b><\/td>\n<td><span style=\"font-weight: 400;\">13g (20 sachets)<\/span><\/td>\n<\/tr>\n<tr>\n<td><b>Teneur en nicotine<\/b><\/td>\n<td><span style=\"font-weight: 400;\">43 mg\/g (43 mg par sachet)<\/span><\/td>\n<\/tr>\n<tr>\n<td><b>Format de la pochette<\/b><\/td>\n<td><span style=\"font-weight: 400;\">Mince<\/span><\/td>\n<\/tr>\n<tr>\n<td><b>Producteur<\/b><\/td>\n<td><span style=\"font-weight: 400;\">CUBA<\/span><\/td>\n<\/tr>\n<tr>\n<td><b>Saveur<\/b><\/td>\n<td><span style=\"font-weight: 400;\">Raisin<\/span><\/td>\n<\/tr>\n<tr>\n<td><b>Taper<\/b><\/td>\n<td><span style=\"font-weight: 400;\">Pochette toute blanche<\/span><\/td>\n<\/tr>\n<\/tbody>\n<\/table>\n<p>\u00a0<\/p>","protected":false},"excerpt":{"rendered":"<p>Go\u00fbt riche, raisin, satisfaisant. Les <strong data-start=\"60\" data-end=\"75\">mince, <\/strong>Les sachets noirs se placent discr\u00e8tement sous la l\u00e8vre et ne tachent pas les dents. Chaque sachet contient <strong data-start=\"156\" data-end=\"184\">43 mg de nicotine par sachet<\/strong>, CUBA est un produit de qualit\u00e9, qui offre un kick puissant, adapt\u00e9 aux utilisateurs exp\u00e9riment\u00e9s. Chaque bo\u00eete contient 20 sachets, fabriqu\u00e9s par CUBA pour une performance de premier ordre, sans tabac.<\/p>","protected":false},"featured_media":59949,"comment_status":"open","ping_status":"closed","template":"","format":[206],"meta":{"_acf_changed":false},"product_brand":[],"product_cat":[46],"product_tag":[16567],"flavours":[196],"nicotine":[227,233],"class_list":{"0":"post-59925","1":"product","2":"type-product","3":"status-publish","4":"has-post-thumbnail","6":"product_cat-cuba","7":"product_tag-43-mg-pouch","8":"pa_quantity-1-pack","9":"pa_quantity-10-pack","10":"pa_quantity-3-pack","11":"pa_quantity-30-pack","12":"pa_quantity-5-pack","13":"pa_quantity-60-pack","14":"flavours-fruits-berries","15":"format-slim","16":"nicotine-43-mg-g","17":"nicotine-extreme","19":"first","20":"outofstock","21":"taxable","22":"shipping-taxable","23":"purchasable","24":"product-type-variable"},"acf":[],"_links":{"self":[{"href":"https:\/\/whitelip.com\/fr\/wp-json\/wp\/v2\/product\/59925","targetHints":{"allow":["GET"]}}],"collection":[{"href":"https:\/\/whitelip.com\/fr\/wp-json\/wp\/v2\/product"}],"about":[{"href":"https:\/\/whitelip.com\/fr\/wp-json\/wp\/v2\/types\/product"}],"replies":[{"embeddable":true,"href":"https:\/\/whitelip.com\/fr\/wp-json\/wp\/v2\/comments?post=59925"}],"wp:featuredmedia":[{"embeddable":true,"href":"https:\/\/whitelip.com\/fr\/wp-json\/wp\/v2\/media\/59949"}],"wp:attachment":[{"href":"https:\/\/whitelip.com\/fr\/wp-json\/wp\/v2\/media?parent=59925"}],"wp:term":[{"taxonomy":"product_brand","embeddable":true,"href":"https:\/\/whitelip.com\/fr\/wp-json\/wp\/v2\/product_brand?post=59925"},{"taxonomy":"product_cat","embeddable":true,"href":"https:\/\/whitelip.com\/fr\/wp-json\/wp\/v2\/product_cat?post=59925"},{"taxonomy":"product_tag","embeddable":true,"href":"https:\/\/whitelip.com\/fr\/wp-json\/wp\/v2\/product_tag?post=59925"},{"taxonomy":"flavours","embeddable":true,"href":"https:\/\/whitelip.com\/fr\/wp-json\/wp\/v2\/flavours?post=59925"},{"taxonomy":"format","embeddable":true,"href":"https:\/\/whitelip.com\/fr\/wp-json\/wp\/v2\/format?post=59925"},{"taxonomy":"nicotine","embeddable":true,"href":"https:\/\/whitelip.com\/fr\/wp-json\/wp\/v2\/nicotine?post=59925"}],"curies":[{"name":"wp","href":"https:\/\/api.w.org\/{rel}","templated":true}]}}