{"id":45969,"date":"2025-12-08T12:41:53","date_gmt":"2025-12-08T12:41:53","guid":{"rendered":"https:\/\/whitelip.com\/?post_type=product&#038;p=45969"},"modified":"2026-05-07T10:11:41","modified_gmt":"2026-05-07T10:11:41","slug":"mynt-lychee-12mg","status":"publish","type":"product","link":"https:\/\/whitelip.com\/fr\/mynt\/mynt-lychee-12mg\/","title":{"rendered":"MYNT Lychee 12mg"},"content":{"rendered":"<p data-start=\"212\" data-end=\"505\">MYNT Lychee 12mg offre une saveur douce et tropicale de litchi avec une l\u00e9g\u00e8re touche florale et une douceur rafra\u00eechissante. Le go\u00fbt est vif, fruit\u00e9 et l\u00e9g\u00e8rement exotique, offrant un profil propre et stimulant id\u00e9al pour un usage quotidien. Il offre une exp\u00e9rience d\u00e9licate mais savoureuse qui se distingue des vari\u00e9t\u00e9s traditionnelles de menthe ou d'agrumes.<\/p>\n<p data-start=\"507\" data-end=\"827\">Chaque sachet mince contient 12 mg de nicotine, soit une concentration moyenne qui offre une lib\u00e9ration claire et r\u00e9guli\u00e8re adapt\u00e9e aux utilisateurs r\u00e9guliers. Le format enti\u00e8rement blanc, sans tabac, garantit une exp\u00e9rience propre, sans tache, sans fum\u00e9e et sans odeur persistante - parfait pour un plaisir discret et rafra\u00eechissant, \u00e0 tout moment et en tout lieu.<\/p>\n<table>\n<tbody>\n<tr>\n<td><b>Attribut<\/b><\/td>\n<td><b>D\u00e9tails<\/b><\/td>\n<\/tr>\n<tr>\n<td><b>Marque<\/b><\/td>\n<td><span style=\"font-weight: 400;\">MYNT<\/span><\/td>\n<\/tr>\n<tr>\n<td><b>Type de produit<\/b><\/td>\n<td><span style=\"font-weight: 400;\">Tous les sachets de nicotine blancs<\/span><\/td>\n<\/tr>\n<tr>\n<td><b>Format<\/b><\/td>\n<td>Mince<\/td>\n<\/tr>\n<tr>\n<td><b>Saveur<\/b><\/td>\n<td>Litchi<\/td>\n<\/tr>\n<tr>\n<td><b>Intensit\u00e9 de la nicotine<\/b><\/td>\n<td><span style=\"font-weight: 400;\">12 mg par sachet (24 mg\/g)<\/span><\/td>\n<\/tr>\n<tr>\n<td><b>Poids de la portion<\/b><\/td>\n<td><span style=\"font-weight: 400;\">0,5 grammes<\/span><\/td>\n<\/tr>\n<tr>\n<td><b>Nombre de portions<\/b><\/td>\n<td><span style=\"font-weight: 400;\">20 par bo\u00eete<\/span><\/td>\n<\/tr>\n<tr>\n<td><b>Poids total de la bo\u00eete<\/b><\/td>\n<td><span style=\"font-weight: 400;\">8 grammes<\/span><\/td>\n<\/tr>\n<tr>\n<td><b>Fabricant<\/b><\/td>\n<td>Satyam's Sun Products Pvt Ltd<\/td>\n<\/tr>\n<tr>\n<td><b>Caract\u00e9ristiques notables<\/b><\/td>\n<td><span style=\"font-weight: 400;\">Sans tabac, format mince, go\u00fbt exotique et rafra\u00eechissant de litchi<\/span><\/td>\n<\/tr>\n<\/tbody>\n<\/table>","protected":false},"excerpt":{"rendered":"<p data-start=\"1386\" data-end=\"1459\"><strong>Litchi<\/strong> saveur dans un <b>mince <\/b>pochette avec <strong data-start=\"1494\" data-end=\"1513\">12 mg de nicotine<\/strong> par pochette.<\/p>","protected":false},"featured_media":47210,"comment_status":"open","ping_status":"closed","template":"","format":[206],"meta":{"_acf_changed":false},"product_brand":[],"product_cat":[11212],"product_tag":[16561],"flavours":[196],"nicotine":[217,236],"class_list":{"0":"post-45969","1":"product","2":"type-product","3":"status-publish","4":"has-post-thumbnail","6":"product_cat-mynt","7":"product_tag-12-mg-pouch","8":"pa_quantity-1-pack","9":"pa_quantity-10-pack","10":"pa_quantity-3-pack","11":"pa_quantity-30-pack","12":"pa_quantity-5-pack","13":"pa_quantity-60-pack","14":"flavours-fruits-berries","15":"format-slim","16":"nicotine-24-mg-g","17":"nicotine-strong","19":"first","20":"outofstock","21":"taxable","22":"shipping-taxable","23":"purchasable","24":"product-type-variable"},"acf":[],"_links":{"self":[{"href":"https:\/\/whitelip.com\/fr\/wp-json\/wp\/v2\/product\/45969","targetHints":{"allow":["GET"]}}],"collection":[{"href":"https:\/\/whitelip.com\/fr\/wp-json\/wp\/v2\/product"}],"about":[{"href":"https:\/\/whitelip.com\/fr\/wp-json\/wp\/v2\/types\/product"}],"replies":[{"embeddable":true,"href":"https:\/\/whitelip.com\/fr\/wp-json\/wp\/v2\/comments?post=45969"}],"wp:featuredmedia":[{"embeddable":true,"href":"https:\/\/whitelip.com\/fr\/wp-json\/wp\/v2\/media\/47210"}],"wp:attachment":[{"href":"https:\/\/whitelip.com\/fr\/wp-json\/wp\/v2\/media?parent=45969"}],"wp:term":[{"taxonomy":"product_brand","embeddable":true,"href":"https:\/\/whitelip.com\/fr\/wp-json\/wp\/v2\/product_brand?post=45969"},{"taxonomy":"product_cat","embeddable":true,"href":"https:\/\/whitelip.com\/fr\/wp-json\/wp\/v2\/product_cat?post=45969"},{"taxonomy":"product_tag","embeddable":true,"href":"https:\/\/whitelip.com\/fr\/wp-json\/wp\/v2\/product_tag?post=45969"},{"taxonomy":"flavours","embeddable":true,"href":"https:\/\/whitelip.com\/fr\/wp-json\/wp\/v2\/flavours?post=45969"},{"taxonomy":"format","embeddable":true,"href":"https:\/\/whitelip.com\/fr\/wp-json\/wp\/v2\/format?post=45969"},{"taxonomy":"nicotine","embeddable":true,"href":"https:\/\/whitelip.com\/fr\/wp-json\/wp\/v2\/nicotine?post=45969"}],"curies":[{"name":"wp","href":"https:\/\/api.w.org\/{rel}","templated":true}]}}