{"id":35130,"date":"2025-11-22T21:26:39","date_gmt":"2025-11-22T21:26:39","guid":{"rendered":"https:\/\/whitelip.com\/?post_type=product&#038;p=35130"},"modified":"2026-05-07T20:04:47","modified_gmt":"2026-05-07T20:04:47","slug":"denssi-berry-beast-caffeine","status":"publish","type":"product","link":"https:\/\/whitelip.com\/fr\/denssi-caffeine-pouches\/denssi-berry-beast-caffeine\/","title":{"rendered":"Denssi Berry Beast Caf\u00e9ine"},"content":{"rendered":"<p data-start=\"146\" data-end=\"514\">Denssi Energy Berry Beast est con\u00e7u pour ceux qui veulent une \u00e9nergie propre et r\u00e9guli\u00e8re avec une explosion audacieuse de saveur de baies m\u00e9lang\u00e9es. Chaque sachet mince offre un m\u00e9lange vibrant de fraise, de myrtille et de framboise, \u00e9quilibr\u00e9 avec de la caf\u00e9ine naturelle pour une concentration douce et durable. La saveur est juteuse, acidul\u00e9e et rafra\u00eechissante, vous donnant une sensation d'\u00e9nergie et de satisfaction.<\/p>\n<p data-start=\"516\" data-end=\"783\">Avec son format mince et discret, Berry Beast est facile \u00e0 utiliser \u00e0 tout moment, au travail, \u00e0 la salle de sport ou en d\u00e9placement. Il n'y a pas de sucre, pas de tabac et pas de d\u00e9sordre. Il s'agit simplement d'un stimulant propre con\u00e7u pour aiguiser votre concentration sans le crash des boissons \u00e9nergisantes ou la lourdeur du caf\u00e9.<\/p>\n<table style=\"height: 395px;\" width=\"375\">\n<tbody>\n<tr>\n<td><b>Attribut<\/b><\/td>\n<td><b>D\u00e9tails<\/b><\/td>\n<\/tr>\n<tr>\n<td><b>Marque<\/b><\/td>\n<td>Denssi<\/td>\n<\/tr>\n<tr>\n<td><b>Type de produit<\/b><\/td>\n<td><span style=\"font-weight: 400;\">Pochettes de caf\u00e9ine All White<\/span><\/td>\n<\/tr>\n<tr>\n<td><b>Format<\/b><\/td>\n<td>Mince<\/td>\n<\/tr>\n<tr>\n<td><b>Saveur<\/b><\/td>\n<td>Baies m\u00e9lang\u00e9es<\/td>\n<\/tr>\n<tr>\n<td><b>Force de la caf\u00e9ine<\/b><\/td>\n<td>100 mg<\/td>\n<\/tr>\n<tr>\n<td><b>Fabricant<\/b><\/td>\n<td><span style=\"font-weight: 400;\">Denssi<\/span><\/td>\n<\/tr>\n<tr>\n<td><b>Nombre de portions<\/b><\/td>\n<td><span style=\"font-weight: 400;\">15 par bo\u00eete<\/span><\/td>\n<\/tr>\n<tr>\n<td><b>Caract\u00e9ristiques notables<\/b><\/td>\n<td><span style=\"font-weight: 400;\">Sans tabac, format mince<\/span><\/td>\n<\/tr>\n<tr>\n<td><\/td>\n<td><\/td>\n<\/tr>\n<tr>\n<td><\/td>\n<td><\/td>\n<\/tr>\n<\/tbody>\n<\/table>","protected":false},"excerpt":{"rendered":"<p data-start=\"1185\" data-end=\"1369\">Berry Beast offre un m\u00e9lange sucr\u00e9 et acidul\u00e9 de baies m\u00e9lang\u00e9es avec un boost de caf\u00e9ine. Mince, discret et sans sucre pour une \u00e9nergie douce et durable \u00e0 tout moment.<\/p>","protected":false},"featured_media":35134,"comment_status":"open","ping_status":"closed","template":"","format":[206],"meta":{"_acf_changed":false},"product_brand":[],"product_cat":[267],"product_tag":[],"flavours":[196],"nicotine":[243],"class_list":{"0":"post-35130","1":"product","2":"type-product","3":"status-publish","4":"has-post-thumbnail","6":"product_cat-denssi-caffeine-pouches","7":"pa_quantity-1-pack","8":"pa_quantity-10-pack","9":"pa_quantity-3-pack","10":"pa_quantity-30-pack","11":"pa_quantity-5-pack","12":"pa_quantity-60-pack","13":"flavours-fruits-berries","14":"format-slim","15":"nicotine-caffeine","17":"first","18":"instock","19":"taxable","20":"shipping-taxable","21":"purchasable","22":"product-type-variable"},"acf":[],"_links":{"self":[{"href":"https:\/\/whitelip.com\/fr\/wp-json\/wp\/v2\/product\/35130","targetHints":{"allow":["GET"]}}],"collection":[{"href":"https:\/\/whitelip.com\/fr\/wp-json\/wp\/v2\/product"}],"about":[{"href":"https:\/\/whitelip.com\/fr\/wp-json\/wp\/v2\/types\/product"}],"replies":[{"embeddable":true,"href":"https:\/\/whitelip.com\/fr\/wp-json\/wp\/v2\/comments?post=35130"}],"wp:featuredmedia":[{"embeddable":true,"href":"https:\/\/whitelip.com\/fr\/wp-json\/wp\/v2\/media\/35134"}],"wp:attachment":[{"href":"https:\/\/whitelip.com\/fr\/wp-json\/wp\/v2\/media?parent=35130"}],"wp:term":[{"taxonomy":"product_brand","embeddable":true,"href":"https:\/\/whitelip.com\/fr\/wp-json\/wp\/v2\/product_brand?post=35130"},{"taxonomy":"product_cat","embeddable":true,"href":"https:\/\/whitelip.com\/fr\/wp-json\/wp\/v2\/product_cat?post=35130"},{"taxonomy":"product_tag","embeddable":true,"href":"https:\/\/whitelip.com\/fr\/wp-json\/wp\/v2\/product_tag?post=35130"},{"taxonomy":"flavours","embeddable":true,"href":"https:\/\/whitelip.com\/fr\/wp-json\/wp\/v2\/flavours?post=35130"},{"taxonomy":"format","embeddable":true,"href":"https:\/\/whitelip.com\/fr\/wp-json\/wp\/v2\/format?post=35130"},{"taxonomy":"nicotine","embeddable":true,"href":"https:\/\/whitelip.com\/fr\/wp-json\/wp\/v2\/nicotine?post=35130"}],"curies":[{"name":"wp","href":"https:\/\/api.w.org\/{rel}","templated":true}]}}