{"id":34941,"date":"2025-11-21T15:18:30","date_gmt":"2025-11-21T15:18:30","guid":{"rendered":"https:\/\/whitelip.com\/?post_type=product&#038;p=34941"},"modified":"2026-04-21T10:11:41","modified_gmt":"2026-04-21T10:11:41","slug":"cafero-americano-caffeine","status":"publish","type":"product","link":"https:\/\/whitelip.com\/fr\/cafero-caffeine-pouches\/cafero-americano-caffeine\/","title":{"rendered":"Cafero Americano Caf\u00e9ine"},"content":{"rendered":"<p data-start=\"211\" data-end=\"494\">Cafero Americano offre le go\u00fbt audacieux et authentique du caf\u00e9 noir classique dans un format de sachet propre et pratique. Chaque bo\u00eete contient 20 sachets enti\u00e8rement blancs aromatis\u00e9s avec un profil Americano profond et torr\u00e9fi\u00e9 qui offre un caract\u00e8re de caf\u00e9 pur sans sucre, calories ou ingr\u00e9dients ajout\u00e9s.<\/p>\n<p data-start=\"496\" data-end=\"839\">Chaque sachet contient 80 mg de caf\u00e9ine pure, soit l'\u00e9quivalent d'une tasse de caf\u00e9 standard, ce qui vous donne un coup de pouce rapide et fiable chaque fois que vous avez besoin de plus de concentration, d'\u00e9nergie ou de clart\u00e9 mentale. Sans sucre, sans calories, sans nicotine et sans tabac, Cafero Americano est un moyen moderne et discret de rester alerte tout au long de la journ\u00e9e.<\/p>\n<table>\n<tbody>\n<tr>\n<td><b>Attribut<\/b><\/td>\n<td><b>D\u00e9tails<\/b><\/td>\n<\/tr>\n<tr>\n<td><b>Marque<\/b><\/td>\n<td>Cafero<\/td>\n<\/tr>\n<tr>\n<td><b>Type de produit<\/b><\/td>\n<td><span style=\"font-weight: 400;\">Tous les sachets de nicotine blancs<\/span><\/td>\n<\/tr>\n<tr>\n<td><b>Format<\/b><\/td>\n<td>Mince<\/td>\n<\/tr>\n<tr>\n<td><b>Saveur<\/b><\/td>\n<td>Americano<\/td>\n<\/tr>\n<tr>\n<td><b>Force de la caf\u00e9ine<\/b><\/td>\n<td>80 mg<\/td>\n<\/tr>\n<tr>\n<td><b>Poids de la portion<\/b><\/td>\n<td><span style=\"font-weight: 400;\">0,65 grammes<\/span><\/td>\n<\/tr>\n<tr>\n<td><b>Nombre de portions<\/b><\/td>\n<td><span style=\"font-weight: 400;\">20 par bo\u00eete<\/span><\/td>\n<\/tr>\n<tr>\n<td><b>Poids total de la bo\u00eete<\/b><\/td>\n<td><span style=\"font-weight: 400;\">13 grammes<\/span><\/td>\n<\/tr>\n<tr>\n<td><b>Fabricant<\/b><\/td>\n<td><span style=\"font-weight: 400;\">Luna corporate<\/span><\/td>\n<\/tr>\n<tr>\n<td><b>Caract\u00e9ristiques notables<\/b><\/td>\n<td><span style=\"font-weight: 400;\">Sans tabac, format mince<\/span><\/td>\n<\/tr>\n<\/tbody>\n<\/table>","protected":false},"excerpt":{"rendered":"<p data-start=\"1185\" data-end=\"1369\">Cafero Americano livre <strong data-start=\"1211\" data-end=\"1242\">go\u00fbt classique de caf\u00e9 noir<\/strong> dans un <strong data-start=\"1248\" data-end=\"1262\">pochette fine<\/strong> avec <strong data-start=\"1268\" data-end=\"1296\">80 mg de caf\u00e9ine par sachet<\/strong>. Un regain d'\u00e9nergie propre, sans sucre et sans calories, dans un format discret.<\/p>","protected":false},"featured_media":34945,"comment_status":"open","ping_status":"closed","template":"","format":[206],"meta":{"_acf_changed":false},"product_brand":[],"product_cat":[266],"product_tag":[],"flavours":[192],"nicotine":[243],"class_list":{"0":"post-34941","1":"product","2":"type-product","3":"status-publish","4":"has-post-thumbnail","6":"product_cat-cafero-caffeine-pouches","7":"pa_quantity-1-pack","8":"pa_quantity-10-pack","9":"pa_quantity-3-pack","10":"pa_quantity-30-pack","11":"pa_quantity-5-pack","12":"pa_quantity-60-pack","13":"flavours-coffee","14":"format-slim","15":"nicotine-caffeine","17":"first","18":"instock","19":"taxable","20":"shipping-taxable","21":"purchasable","22":"product-type-variable"},"acf":[],"_links":{"self":[{"href":"https:\/\/whitelip.com\/fr\/wp-json\/wp\/v2\/product\/34941","targetHints":{"allow":["GET"]}}],"collection":[{"href":"https:\/\/whitelip.com\/fr\/wp-json\/wp\/v2\/product"}],"about":[{"href":"https:\/\/whitelip.com\/fr\/wp-json\/wp\/v2\/types\/product"}],"replies":[{"embeddable":true,"href":"https:\/\/whitelip.com\/fr\/wp-json\/wp\/v2\/comments?post=34941"}],"wp:featuredmedia":[{"embeddable":true,"href":"https:\/\/whitelip.com\/fr\/wp-json\/wp\/v2\/media\/34945"}],"wp:attachment":[{"href":"https:\/\/whitelip.com\/fr\/wp-json\/wp\/v2\/media?parent=34941"}],"wp:term":[{"taxonomy":"product_brand","embeddable":true,"href":"https:\/\/whitelip.com\/fr\/wp-json\/wp\/v2\/product_brand?post=34941"},{"taxonomy":"product_cat","embeddable":true,"href":"https:\/\/whitelip.com\/fr\/wp-json\/wp\/v2\/product_cat?post=34941"},{"taxonomy":"product_tag","embeddable":true,"href":"https:\/\/whitelip.com\/fr\/wp-json\/wp\/v2\/product_tag?post=34941"},{"taxonomy":"flavours","embeddable":true,"href":"https:\/\/whitelip.com\/fr\/wp-json\/wp\/v2\/flavours?post=34941"},{"taxonomy":"format","embeddable":true,"href":"https:\/\/whitelip.com\/fr\/wp-json\/wp\/v2\/format?post=34941"},{"taxonomy":"nicotine","embeddable":true,"href":"https:\/\/whitelip.com\/fr\/wp-json\/wp\/v2\/nicotine?post=34941"}],"curies":[{"name":"wp","href":"https:\/\/api.w.org\/{rel}","templated":true}]}}