{"id":34936,"date":"2025-11-21T15:07:54","date_gmt":"2025-11-21T15:07:54","guid":{"rendered":"https:\/\/whitelip.com\/?post_type=product&#038;p=34936"},"modified":"2026-04-21T10:11:41","modified_gmt":"2026-04-21T10:11:41","slug":"cafero-cappuccino-caffeine","status":"publish","type":"product","link":"https:\/\/whitelip.com\/fr\/cafero-caffeine-pouches\/cafero-cappuccino-caffeine\/","title":{"rendered":"Cafero Cappuccino Caf\u00e9ine"},"content":{"rendered":"<p data-start=\"250\" data-end=\"533\">Cafero Cappuccino offre une exp\u00e9rience de caf\u00e9 doux et cr\u00e9meux dans un format de sachet discret et pratique. Chaque bo\u00eete contient 20 sachets blancs aromatis\u00e9s au riche cappuccino et \u00e0 la douce note de mousse de lait, offrant le go\u00fbt d'une tasse fra\u00eechement pr\u00e9par\u00e9e sans sucre, ni calories, ni amertume.<\/p>\n<p data-start=\"535\" data-end=\"859\">Chaque sachet fournit 80 mg de caf\u00e9ine pure, soit l'\u00e9quivalent d'une tasse de caf\u00e9, ce qui vous donne un coup de fouet net et r\u00e9gulier chaque fois que vous avez besoin d'un regain d'\u00e9nergie, de concentration ou de vigilance. Sans tabac, sans nicotine et sans sucre, Cafero Cappuccino est id\u00e9al pour les utilisateurs qui recherchent un moyen alternatif de rester \u00e9nergique tout au long de la journ\u00e9e.<\/p>\n<table>\n<tbody>\n<tr>\n<td><b>Attribut<\/b><\/td>\n<td><b>D\u00e9tails<\/b><\/td>\n<\/tr>\n<tr>\n<td><b>Marque<\/b><\/td>\n<td>Cafero<\/td>\n<\/tr>\n<tr>\n<td><b>Type de produit<\/b><\/td>\n<td><span style=\"font-weight: 400;\">Tous les sachets de nicotine blancs<\/span><\/td>\n<\/tr>\n<tr>\n<td><b>Format<\/b><\/td>\n<td>Mince<\/td>\n<\/tr>\n<tr>\n<td><b>Saveur<\/b><\/td>\n<td>Cappuccino<\/td>\n<\/tr>\n<tr>\n<td><b>Force de la caf\u00e9ine<\/b><\/td>\n<td>80 mg<\/td>\n<\/tr>\n<tr>\n<td><b>Poids de la portion<\/b><\/td>\n<td><span style=\"font-weight: 400;\">0,65 grammes<\/span><\/td>\n<\/tr>\n<tr>\n<td><b>Nombre de portions<\/b><\/td>\n<td><span style=\"font-weight: 400;\">20 par bo\u00eete<\/span><\/td>\n<\/tr>\n<tr>\n<td><b>Poids total de la bo\u00eete<\/b><\/td>\n<td><span style=\"font-weight: 400;\">13 grammes<\/span><\/td>\n<\/tr>\n<tr>\n<td><b>Fabricant<\/b><\/td>\n<td><span style=\"font-weight: 400;\">Luna corporate<\/span><\/td>\n<\/tr>\n<tr>\n<td><b>Caract\u00e9ristiques notables<\/b><\/td>\n<td><span style=\"font-weight: 400;\">Sans tabac, format mince<\/span><\/td>\n<\/tr>\n<\/tbody>\n<\/table>","protected":false},"excerpt":{"rendered":"<p data-start=\"1207\" data-end=\"1417\">Cafero Cappuccino livre <strong data-start=\"1197\" data-end=\"1218\">ar\u00f4me cappuccino<\/strong> dans une pochette fine avec <strong data-start=\"1244\" data-end=\"1272\">80 mg de caf\u00e9ine par sachet<\/strong>. Un regain d'\u00e9nergie propre, sans sucre et sans calories, dans un format discret.<\/p>","protected":false},"featured_media":34940,"comment_status":"open","ping_status":"closed","template":"","format":[206],"meta":{"_acf_changed":false},"product_brand":[],"product_cat":[266],"product_tag":[],"flavours":[192],"nicotine":[243],"class_list":{"0":"post-34936","1":"product","2":"type-product","3":"status-publish","4":"has-post-thumbnail","6":"product_cat-cafero-caffeine-pouches","7":"pa_quantity-1-pack","8":"pa_quantity-10-pack","9":"pa_quantity-3-pack","10":"pa_quantity-30-pack","11":"pa_quantity-5-pack","12":"pa_quantity-60-pack","13":"flavours-coffee","14":"format-slim","15":"nicotine-caffeine","17":"first","18":"instock","19":"taxable","20":"shipping-taxable","21":"purchasable","22":"product-type-variable"},"acf":[],"_links":{"self":[{"href":"https:\/\/whitelip.com\/fr\/wp-json\/wp\/v2\/product\/34936","targetHints":{"allow":["GET"]}}],"collection":[{"href":"https:\/\/whitelip.com\/fr\/wp-json\/wp\/v2\/product"}],"about":[{"href":"https:\/\/whitelip.com\/fr\/wp-json\/wp\/v2\/types\/product"}],"replies":[{"embeddable":true,"href":"https:\/\/whitelip.com\/fr\/wp-json\/wp\/v2\/comments?post=34936"}],"wp:featuredmedia":[{"embeddable":true,"href":"https:\/\/whitelip.com\/fr\/wp-json\/wp\/v2\/media\/34940"}],"wp:attachment":[{"href":"https:\/\/whitelip.com\/fr\/wp-json\/wp\/v2\/media?parent=34936"}],"wp:term":[{"taxonomy":"product_brand","embeddable":true,"href":"https:\/\/whitelip.com\/fr\/wp-json\/wp\/v2\/product_brand?post=34936"},{"taxonomy":"product_cat","embeddable":true,"href":"https:\/\/whitelip.com\/fr\/wp-json\/wp\/v2\/product_cat?post=34936"},{"taxonomy":"product_tag","embeddable":true,"href":"https:\/\/whitelip.com\/fr\/wp-json\/wp\/v2\/product_tag?post=34936"},{"taxonomy":"flavours","embeddable":true,"href":"https:\/\/whitelip.com\/fr\/wp-json\/wp\/v2\/flavours?post=34936"},{"taxonomy":"format","embeddable":true,"href":"https:\/\/whitelip.com\/fr\/wp-json\/wp\/v2\/format?post=34936"},{"taxonomy":"nicotine","embeddable":true,"href":"https:\/\/whitelip.com\/fr\/wp-json\/wp\/v2\/nicotine?post=34936"}],"curies":[{"name":"wp","href":"https:\/\/api.w.org\/{rel}","templated":true}]}}