{"id":34872,"date":"2025-11-21T11:57:34","date_gmt":"2025-11-21T11:57:34","guid":{"rendered":"https:\/\/whitelip.com\/?post_type=product&#038;p=34872"},"modified":"2026-05-16T10:10:56","modified_gmt":"2026-05-16T10:10:56","slug":"zyn-cool-mint-prime-6mg","status":"publish","type":"product","link":"https:\/\/whitelip.com\/fr\/zyn\/zyn-cool-mint-prime-6mg\/","title":{"rendered":"ZYN Cool Mint Prime 6mg"},"content":{"rendered":"<p data-start=\"212\" data-end=\"505\">ZYN Cool Mint Prime 6mg offre un profil de menthe propre et rafra\u00eechissant avec un caract\u00e8re frais et croustillant. La saveur combine la menthe poivr\u00e9e brillante et les notes douces de menthol, offrant un refroidissement \u00e9quilibr\u00e9 sans acuit\u00e9 ni amertume. Le r\u00e9sultat est un go\u00fbt doux et revigorant qui convient \u00e0 un usage quotidien.<\/p>\n<p data-start=\"507\" data-end=\"827\">Chaque mini-pochette mince contient 6 mg de nicotine, ce qui repr\u00e9sente une force mod\u00e9r\u00e9e con\u00e7ue pour les utilisateurs qui souhaitent un effet de nicotine clair et perceptible, tout en gardant une exp\u00e9rience confortable et contr\u00f4l\u00e9e. Le format enti\u00e8rement blanc, sans tabac, garantit une exp\u00e9rience propre, sans taches ni odeurs persistantes.<\/p>\n<table>\n<tbody>\n<tr>\n<td><b>Attribut<\/b><\/td>\n<td><b>D\u00e9tails<\/b><\/td>\n<\/tr>\n<tr>\n<td><b>Marque<\/b><\/td>\n<td><span style=\"font-weight: 400;\">ZYN<\/span><\/td>\n<\/tr>\n<tr>\n<td><b>Type de produit<\/b><\/td>\n<td><span style=\"font-weight: 400;\">Tous les sachets de nicotine blancs<\/span><\/td>\n<\/tr>\n<tr>\n<td><b>Format<\/b><\/td>\n<td>Mini<\/td>\n<\/tr>\n<tr>\n<td><b>Saveur<\/b><\/td>\n<td>Menthe<\/td>\n<\/tr>\n<tr>\n<td><b>Intensit\u00e9 de la nicotine<\/b><\/td>\n<td><span style=\"font-weight: 400;\">6 mg par sachet (15 mg\/g)<\/span><\/td>\n<\/tr>\n<tr>\n<td><b>Poids de la portion<\/b><\/td>\n<td><span style=\"font-weight: 400;\">0,4 grammes<\/span><\/td>\n<\/tr>\n<tr>\n<td><b>Nombre de portions<\/b><\/td>\n<td><span style=\"font-weight: 400;\">15 par bo\u00eete<\/span><\/td>\n<\/tr>\n<tr>\n<td><b>Poids total de la bo\u00eete<\/b><\/td>\n<td><span style=\"font-weight: 400;\">6 grammes<\/span><\/td>\n<\/tr>\n<tr>\n<td><b>Fabricant<\/b><\/td>\n<td><span style=\"font-weight: 400;\">Swedish Match<\/span><\/td>\n<\/tr>\n<tr>\n<td><b>Caract\u00e9ristiques notables<\/b><\/td>\n<td><span style=\"font-weight: 400;\">Sans tabac, format mince, ar\u00f4me doux et acidul\u00e9 de cerise noire<\/span><\/td>\n<\/tr>\n<\/tbody>\n<\/table>","protected":false},"excerpt":{"rendered":"<p data-start=\"1386\" data-end=\"1459\">Saveur de menthe fra\u00eeche dans un <strong data-start=\"1474\" data-end=\"1482\">mini<\/strong> pochette avec <strong data-start=\"1494\" data-end=\"1513\">6 mg de nicotine<\/strong> par pochette.<\/p>","protected":false},"featured_media":34876,"comment_status":"open","ping_status":"closed","template":"","format":[205],"meta":{"_acf_changed":false},"product_brand":[],"product_cat":[37],"product_tag":[16559],"flavours":[199],"nicotine":[212,232],"class_list":{"0":"post-34872","1":"product","2":"type-product","3":"status-publish","4":"has-post-thumbnail","6":"product_cat-zyn","7":"product_tag-6-mg-pouch","8":"pa_quantity-1-pack","9":"pa_quantity-10-pack","10":"pa_quantity-3-pack","11":"pa_quantity-30-pack","12":"pa_quantity-5-pack","13":"pa_quantity-60-pack","14":"flavours-mint","15":"format-mini","16":"nicotine-15-mg-g","17":"nicotine-extra-strong","19":"first","20":"outofstock","21":"taxable","22":"shipping-taxable","23":"purchasable","24":"product-type-variable"},"acf":[],"_links":{"self":[{"href":"https:\/\/whitelip.com\/fr\/wp-json\/wp\/v2\/product\/34872","targetHints":{"allow":["GET"]}}],"collection":[{"href":"https:\/\/whitelip.com\/fr\/wp-json\/wp\/v2\/product"}],"about":[{"href":"https:\/\/whitelip.com\/fr\/wp-json\/wp\/v2\/types\/product"}],"replies":[{"embeddable":true,"href":"https:\/\/whitelip.com\/fr\/wp-json\/wp\/v2\/comments?post=34872"}],"wp:featuredmedia":[{"embeddable":true,"href":"https:\/\/whitelip.com\/fr\/wp-json\/wp\/v2\/media\/34876"}],"wp:attachment":[{"href":"https:\/\/whitelip.com\/fr\/wp-json\/wp\/v2\/media?parent=34872"}],"wp:term":[{"taxonomy":"product_brand","embeddable":true,"href":"https:\/\/whitelip.com\/fr\/wp-json\/wp\/v2\/product_brand?post=34872"},{"taxonomy":"product_cat","embeddable":true,"href":"https:\/\/whitelip.com\/fr\/wp-json\/wp\/v2\/product_cat?post=34872"},{"taxonomy":"product_tag","embeddable":true,"href":"https:\/\/whitelip.com\/fr\/wp-json\/wp\/v2\/product_tag?post=34872"},{"taxonomy":"flavours","embeddable":true,"href":"https:\/\/whitelip.com\/fr\/wp-json\/wp\/v2\/flavours?post=34872"},{"taxonomy":"format","embeddable":true,"href":"https:\/\/whitelip.com\/fr\/wp-json\/wp\/v2\/format?post=34872"},{"taxonomy":"nicotine","embeddable":true,"href":"https:\/\/whitelip.com\/fr\/wp-json\/wp\/v2\/nicotine?post=34872"}],"curies":[{"name":"wp","href":"https:\/\/api.w.org\/{rel}","templated":true}]}}