{"id":34867,"date":"2025-11-21T11:53:10","date_gmt":"2025-11-21T11:53:10","guid":{"rendered":"https:\/\/whitelip.com\/?post_type=product&#038;p=34867"},"modified":"2026-04-30T00:32:43","modified_gmt":"2026-04-30T00:32:43","slug":"zyn-black-cherry-prime-6mg","status":"publish","type":"product","link":"https:\/\/whitelip.com\/fr\/zyn\/zyn-black-cherry-prime-6mg\/","title":{"rendered":"ZYN Cerise Noire Prime 6mg"},"content":{"rendered":"<p data-start=\"262\" data-end=\"597\">ZYN Black Cherry Prime 6mg offre une exp\u00e9rience nicotinique plus riche et plus prononc\u00e9e tout en conservant le profil doux et fruit\u00e9 qui d\u00e9finit la ligne Black Cherry Prime. L'ar\u00f4me combine des cerises noires juteuses avec une douceur naturelle et une l\u00e9g\u00e8re pointe acidul\u00e9e, cr\u00e9ant un go\u00fbt \u00e9quilibr\u00e9 et satisfaisant qui convient \u00e0 un usage quotidien.<\/p>\n<p data-start=\"599\" data-end=\"913\">Chaque mini-pochette mince contient 6 mg de nicotine, offrant une force mod\u00e9r\u00e9e adapt\u00e9e aux utilisateurs qui souhaitent un coup de fouet plus perceptible que les variantes plus l\u00e9g\u00e8res, tout en pr\u00e9f\u00e9rant une lib\u00e9ration contr\u00f4l\u00e9e et en douceur. Le format enti\u00e8rement blanc, sans tabac, garantit une exp\u00e9rience propre, sans taches ni odeurs persistantes.<\/p>\n<table>\n<tbody>\n<tr>\n<td><b>Attribut<\/b><\/td>\n<td><b>D\u00e9tails<\/b><\/td>\n<\/tr>\n<tr>\n<td><b>Marque<\/b><\/td>\n<td><span style=\"font-weight: 400;\">ZYN<\/span><\/td>\n<\/tr>\n<tr>\n<td><b>Type de produit<\/b><\/td>\n<td><span style=\"font-weight: 400;\">Tous les sachets de nicotine blancs<\/span><\/td>\n<\/tr>\n<tr>\n<td><b>Format<\/b><\/td>\n<td>Mini<\/td>\n<\/tr>\n<tr>\n<td><b>Saveur<\/b><\/td>\n<td><span style=\"font-weight: 400;\">Cerise noire<\/span><\/td>\n<\/tr>\n<tr>\n<td><b>Intensit\u00e9 de la nicotine<\/b><\/td>\n<td><span style=\"font-weight: 400;\">6 mg par sachet (15 mg\/g)<\/span><\/td>\n<\/tr>\n<tr>\n<td><b>Poids de la portion<\/b><\/td>\n<td><span style=\"font-weight: 400;\">0,4 grammes<\/span><\/td>\n<\/tr>\n<tr>\n<td><b>Nombre de portions<\/b><\/td>\n<td><span style=\"font-weight: 400;\">15 par bo\u00eete<\/span><\/td>\n<\/tr>\n<tr>\n<td><b>Poids total de la bo\u00eete<\/b><\/td>\n<td><span style=\"font-weight: 400;\">6 grammes<\/span><\/td>\n<\/tr>\n<tr>\n<td><b>Fabricant<\/b><\/td>\n<td><span style=\"font-weight: 400;\">Swedish Match<\/span><\/td>\n<\/tr>\n<tr>\n<td><b>Caract\u00e9ristiques notables<\/b><\/td>\n<td><span style=\"font-weight: 400;\">Sans tabac, format mince, ar\u00f4me doux et acidul\u00e9 de cerise noire<\/span><\/td>\n<\/tr>\n<\/tbody>\n<\/table>","protected":false},"excerpt":{"rendered":"<p data-start=\"1386\" data-end=\"1459\">Go\u00fbt de cerise noire dans une <strong data-start=\"1474\" data-end=\"1482\">mini<\/strong> pochette avec <strong data-start=\"1494\" data-end=\"1513\">6 mg de nicotine<\/strong> par pochette.<\/p>","protected":false},"featured_media":34871,"comment_status":"open","ping_status":"closed","template":"","format":[205],"meta":{"_acf_changed":false},"product_brand":[],"product_cat":[37],"product_tag":[16559],"flavours":[196],"nicotine":[212,232],"class_list":{"0":"post-34867","1":"product","2":"type-product","3":"status-publish","4":"has-post-thumbnail","6":"product_cat-zyn","7":"product_tag-6-mg-pouch","8":"pa_quantity-1-pack","9":"pa_quantity-10-pack","10":"pa_quantity-3-pack","11":"pa_quantity-30-pack","12":"pa_quantity-5-pack","13":"pa_quantity-60-pack","14":"flavours-fruits-berries","15":"format-mini","16":"nicotine-15-mg-g","17":"nicotine-extra-strong","19":"first","20":"instock","21":"taxable","22":"shipping-taxable","23":"purchasable","24":"product-type-variable"},"acf":[],"_links":{"self":[{"href":"https:\/\/whitelip.com\/fr\/wp-json\/wp\/v2\/product\/34867","targetHints":{"allow":["GET"]}}],"collection":[{"href":"https:\/\/whitelip.com\/fr\/wp-json\/wp\/v2\/product"}],"about":[{"href":"https:\/\/whitelip.com\/fr\/wp-json\/wp\/v2\/types\/product"}],"replies":[{"embeddable":true,"href":"https:\/\/whitelip.com\/fr\/wp-json\/wp\/v2\/comments?post=34867"}],"wp:featuredmedia":[{"embeddable":true,"href":"https:\/\/whitelip.com\/fr\/wp-json\/wp\/v2\/media\/34871"}],"wp:attachment":[{"href":"https:\/\/whitelip.com\/fr\/wp-json\/wp\/v2\/media?parent=34867"}],"wp:term":[{"taxonomy":"product_brand","embeddable":true,"href":"https:\/\/whitelip.com\/fr\/wp-json\/wp\/v2\/product_brand?post=34867"},{"taxonomy":"product_cat","embeddable":true,"href":"https:\/\/whitelip.com\/fr\/wp-json\/wp\/v2\/product_cat?post=34867"},{"taxonomy":"product_tag","embeddable":true,"href":"https:\/\/whitelip.com\/fr\/wp-json\/wp\/v2\/product_tag?post=34867"},{"taxonomy":"flavours","embeddable":true,"href":"https:\/\/whitelip.com\/fr\/wp-json\/wp\/v2\/flavours?post=34867"},{"taxonomy":"format","embeddable":true,"href":"https:\/\/whitelip.com\/fr\/wp-json\/wp\/v2\/format?post=34867"},{"taxonomy":"nicotine","embeddable":true,"href":"https:\/\/whitelip.com\/fr\/wp-json\/wp\/v2\/nicotine?post=34867"}],"curies":[{"name":"wp","href":"https:\/\/api.w.org\/{rel}","templated":true}]}}