{"id":34857,"date":"2025-11-21T11:27:43","date_gmt":"2025-11-21T11:27:43","guid":{"rendered":"https:\/\/whitelip.com\/?post_type=product&#038;p=34857"},"modified":"2026-04-22T10:11:46","modified_gmt":"2026-04-22T10:11:46","slug":"zyn-black-cherry-prime-3mg","status":"publish","type":"product","link":"https:\/\/whitelip.com\/fr\/zyn\/zyn-black-cherry-prime-3mg\/","title":{"rendered":"ZYN Cerise Noire Prime 3mg"},"content":{"rendered":"<p data-start=\"155\" data-end=\"510\">ZYN Black Cherry Prime 3mg offre une exp\u00e9rience nicotinique douce et fruit\u00e9e avec la saveur des cerises noires m\u00fbres. Le profil est l\u00e9g\u00e8rement sucr\u00e9 avec une richesse naturelle qui rend le sachet rafra\u00eechissant et adapt\u00e9 \u00e0 un usage quotidien. Le caract\u00e8re est doux mais savoureux, attirant les utilisateurs qui appr\u00e9cient un go\u00fbt fruit\u00e9 \u00e9quilibr\u00e9 sans intensit\u00e9 excessive.<\/p>\n<p data-start=\"512\" data-end=\"819\">Chaque sachet contient 3 mg de nicotine, ce qui le place dans la gamme des produits doux et en fait un bon choix pour ceux qui pr\u00e9f\u00e8rent une lib\u00e9ration de nicotine plus l\u00e9g\u00e8re ou qui font la transition \u00e0 partir de produits ultra-l\u00e9gers. Le mini format mince est con\u00e7u pour se placer discr\u00e8tement et confortablement sous la l\u00e8vre, ce qui permet de l'utiliser dans n'importe quel contexte.<\/p>\n<p data-start=\"821\" data-end=\"1097\">En tant que pochette enti\u00e8rement blanche sans tabac, elle offre une exp\u00e9rience propre, sans tache, sans fum\u00e9e et sans odeur persistante. La construction s\u00e8che \u00e0 faible goutte favorise une lib\u00e9ration r\u00e9guli\u00e8re et durable des ar\u00f4mes et de la nicotine, contribuant ainsi \u00e0 un confort constant tout au long de l'utilisation.<\/p>\n<table>\n<tbody>\n<tr>\n<td><b>Attribut<\/b><\/td>\n<td><b>D\u00e9tails<\/b><\/td>\n<\/tr>\n<tr>\n<td><b>Marque<\/b><\/td>\n<td><span style=\"font-weight: 400;\">ZYN<\/span><\/td>\n<\/tr>\n<tr>\n<td><b>Type de produit<\/b><\/td>\n<td><span style=\"font-weight: 400;\">Tous les sachets de nicotine blancs<\/span><\/td>\n<\/tr>\n<tr>\n<td><b>Format<\/b><\/td>\n<td>Mini<\/td>\n<\/tr>\n<tr>\n<td><b>Saveur<\/b><\/td>\n<td><span style=\"font-weight: 400;\">Cerise noire<\/span><\/td>\n<\/tr>\n<tr>\n<td><b>Intensit\u00e9 de la nicotine<\/b><\/td>\n<td><span style=\"font-weight: 400;\">3 mg par sachet (7,5 mg\/g)<\/span><\/td>\n<\/tr>\n<tr>\n<td><b>Poids de la portion<\/b><\/td>\n<td><span style=\"font-weight: 400;\">0,7 grammes<\/span><\/td>\n<\/tr>\n<tr>\n<td><b>Nombre de portions<\/b><\/td>\n<td><span style=\"font-weight: 400;\">15 par bo\u00eete<\/span><\/td>\n<\/tr>\n<tr>\n<td><b>Poids total de la bo\u00eete<\/b><\/td>\n<td><span style=\"font-weight: 400;\">8 grammes<\/span><\/td>\n<\/tr>\n<tr>\n<td><b>Fabricant<\/b><\/td>\n<td><span style=\"font-weight: 400;\">Swedish Match<\/span><\/td>\n<\/tr>\n<tr>\n<td><b>Caract\u00e9ristiques notables<\/b><\/td>\n<td><span style=\"font-weight: 400;\">Sans tabac, format mince, ar\u00f4me doux et acidul\u00e9 de cerise noire<\/span><\/td>\n<\/tr>\n<\/tbody>\n<\/table>","protected":false},"excerpt":{"rendered":"<p data-start=\"1386\" data-end=\"1459\">Go\u00fbt de cerise noire dans une <strong data-start=\"1411\" data-end=\"1419\">mini<\/strong> pochette avec <strong data-start=\"1431\" data-end=\"1448\">3 mg de nicotine<\/strong> par pochette.<\/p>","protected":false},"featured_media":34861,"comment_status":"open","ping_status":"closed","template":"","format":[205],"meta":{"_acf_changed":false},"product_brand":[],"product_cat":[37],"product_tag":[16579],"flavours":[196],"nicotine":[229,235],"class_list":{"0":"post-34857","1":"product","2":"type-product","3":"status-publish","4":"has-post-thumbnail","6":"product_cat-zyn","7":"product_tag-3-mg-pouch","8":"pa_quantity-1-pack","9":"pa_quantity-10-pack","10":"pa_quantity-3-pack","11":"pa_quantity-30-pack","12":"pa_quantity-5-pack","13":"pa_quantity-60-pack","14":"flavours-fruits-berries","15":"format-mini","16":"nicotine-7-mg-g","17":"nicotine-normal","19":"first","20":"instock","21":"taxable","22":"shipping-taxable","23":"purchasable","24":"product-type-variable"},"acf":[],"_links":{"self":[{"href":"https:\/\/whitelip.com\/fr\/wp-json\/wp\/v2\/product\/34857","targetHints":{"allow":["GET"]}}],"collection":[{"href":"https:\/\/whitelip.com\/fr\/wp-json\/wp\/v2\/product"}],"about":[{"href":"https:\/\/whitelip.com\/fr\/wp-json\/wp\/v2\/types\/product"}],"replies":[{"embeddable":true,"href":"https:\/\/whitelip.com\/fr\/wp-json\/wp\/v2\/comments?post=34857"}],"wp:featuredmedia":[{"embeddable":true,"href":"https:\/\/whitelip.com\/fr\/wp-json\/wp\/v2\/media\/34861"}],"wp:attachment":[{"href":"https:\/\/whitelip.com\/fr\/wp-json\/wp\/v2\/media?parent=34857"}],"wp:term":[{"taxonomy":"product_brand","embeddable":true,"href":"https:\/\/whitelip.com\/fr\/wp-json\/wp\/v2\/product_brand?post=34857"},{"taxonomy":"product_cat","embeddable":true,"href":"https:\/\/whitelip.com\/fr\/wp-json\/wp\/v2\/product_cat?post=34857"},{"taxonomy":"product_tag","embeddable":true,"href":"https:\/\/whitelip.com\/fr\/wp-json\/wp\/v2\/product_tag?post=34857"},{"taxonomy":"flavours","embeddable":true,"href":"https:\/\/whitelip.com\/fr\/wp-json\/wp\/v2\/flavours?post=34857"},{"taxonomy":"format","embeddable":true,"href":"https:\/\/whitelip.com\/fr\/wp-json\/wp\/v2\/format?post=34857"},{"taxonomy":"nicotine","embeddable":true,"href":"https:\/\/whitelip.com\/fr\/wp-json\/wp\/v2\/nicotine?post=34857"}],"curies":[{"name":"wp","href":"https:\/\/api.w.org\/{rel}","templated":true}]}}