{"id":34503,"date":"2025-11-18T11:35:40","date_gmt":"2025-11-18T11:35:40","guid":{"rendered":"https:\/\/whitelip.com\/?post_type=product&#038;p=34503"},"modified":"2026-05-11T10:11:45","modified_gmt":"2026-05-11T10:11:45","slug":"kuma-banana-toffee","status":"publish","type":"product","link":"https:\/\/whitelip.com\/fr\/kuma\/kuma-banana-toffee\/","title":{"rendered":"Caramel \u00e0 la banane KUMA"},"content":{"rendered":"<p data-start=\"138\" data-end=\"482\">KUMA Banana Toffee combine un doux m\u00e9lange de banane et de caramel pour un profil de saveur sucr\u00e9, semblable \u00e0 celui d'un dessert. Pr\u00e9sent\u00e9 dans un format mince, ce sachet offre une exp\u00e9rience extra forte avec 11 mg de nicotine par portion et 20 mg par gramme. La saveur est ronde, douce et \u00e9quilibr\u00e9e, ce qui en fait une option distinctive parmi les sachets de nicotine \u00e0 base de fruits. Chaque sachet p\u00e8se 0,55 gramme et se place discr\u00e8tement sous la l\u00e8vre gr\u00e2ce \u00e0 son design fin. Une canette contient 20 portions pour un poids net total de 11 grammes, ce qui la rend pratique \u00e0 transporter et \u00e0 utiliser tout au long de la journ\u00e9e.<\/p>\n<p data-start=\"697\" data-end=\"1025\">KUMA est produit par Apr\u00e8s Nicotine AB en Su\u00e8de. Depuis son lancement en 2020, l'entreprise s'est concentr\u00e9e sur le d\u00e9veloppement de sachets de nicotine modernes et sans tabac, fabriqu\u00e9s \u00e0 partir de mat\u00e9riaux d'origine v\u00e9g\u00e9tale. La gamme KUMA propose de multiples saveurs, concentrations et formats de sachets - avec Banana Toffee qui se d\u00e9marque comme une combinaison de saveurs douce et unique.<\/p>\n<table>\n<tbody>\n<tr>\n<td><b>Attribut<\/b><\/td>\n<td><b>D\u00e9tails<\/b><\/td>\n<\/tr>\n<tr>\n<td><b>Contenu par bo\u00eete<\/b><\/td>\n<td><span style=\"font-weight: 400;\">11 g (20 sachets)<\/span><\/td>\n<\/tr>\n<tr>\n<td><b>Teneur en nicotine<\/b><\/td>\n<td><span style=\"font-weight: 400;\">20 mg\/g (11 mg par sachet)<\/span><\/td>\n<\/tr>\n<tr>\n<td><b>Format de la pochette<\/b><\/td>\n<td><span style=\"font-weight: 400;\">Mince<\/span><\/td>\n<\/tr>\n<tr>\n<td><b>Producteur<\/b><\/td>\n<td>Apr\u00e8s Nicotine AB<\/td>\n<\/tr>\n<tr>\n<td><b>Saveur<\/b><\/td>\n<td>Menthe<\/td>\n<\/tr>\n<tr>\n<td><b>Taper<\/b><\/td>\n<td><span style=\"font-weight: 400;\">Pochette de nicotine<\/span><\/td>\n<\/tr>\n<\/tbody>\n<\/table>","protected":false},"excerpt":{"rendered":"<article class=\"text-token-text-primary w-full focus:outline-none [--shadow-height:45px] has-data-writing-block:pointer-events-none has-data-writing-block:-mt-(--shadow-height) has-data-writing-block:pt-(--shadow-height) [&amp;:has([data-writing-block])&gt;*]:pointer-events-auto [content-visibility:auto] supports-[content-visibility:auto]:[contain-intrinsic-size:auto_100lvh] scroll-mt-[calc(var(--header-height)+min(200px,max(70px,20svh)))]\" dir=\"auto\" tabindex=\"-1\" data-turn-id=\"fc20af27-e3c5-4b02-a951-d8248900574e\" data-testid=\"conversation-turn-146\" data-scroll-anchor=\"true\" data-turn=\"assistant\">\n<div class=\"text-base my-auto mx-auto pb-10 [--thread-content-margin:--spacing(4)] thread-sm:[--thread-content-margin:--spacing(6)] thread-lg:[--thread-content-margin:--spacing(16)] px-(--thread-content-margin)\">\n<div class=\"[--thread-content-max-width:40rem] thread-lg:[--thread-content-max-width:48rem] mx-auto max-w-(--thread-content-max-width) flex-1 group\/turn-messages focus-visible:outline-hidden relative flex w-full min-w-0 flex-col agent-turn\" tabindex=\"-1\">\n<div class=\"flex max-w-full flex-col grow\">\n<div class=\"min-h-8 text-message relative flex w-full flex-col items-end gap-2 text-start break-words whitespace-normal [.text-message+&amp;]:mt-1\" dir=\"auto\" data-message-author-role=\"assistant\" data-message-id=\"62160f6d-af8e-4bdd-844f-59034b1f33e1\" data-message-model-slug=\"gpt-5-thinking\">\n<div class=\"flex w-full flex-col gap-1 empty:hidden first:pt-[1px]\">\n<div class=\"markdown prose dark:prose-invert w-full break-words dark markdown-new-styling\">\n<p data-start=\"0\" data-end=\"267\" data-is-last-node=\"\" data-is-only-node=\"\">A sweet blend of <strong data-start=\"1075\" data-end=\"1096\">banana and toffee<\/strong> in a <strong data-start=\"1102\" data-end=\"1110\">slim<\/strong> pouch with <strong data-start=\"1122\" data-end=\"1140\">11 mg nicotine<\/strong> per portion.<\/p>\n<\/div>\n<\/div>\n<\/div>\n<\/div>\n<\/div>\n<\/div>\n<\/article>\n","protected":false},"featured_media":34507,"comment_status":"open","ping_status":"closed","template":"","format":[206],"meta":{"_acf_changed":false},"product_brand":[],"product_cat":[264],"product_tag":[16551],"flavours":[196],"nicotine":[218,232],"class_list":{"0":"post-34503","1":"product","2":"type-product","3":"status-publish","4":"has-post-thumbnail","6":"product_cat-kuma","7":"product_tag-11-mg-pouch","8":"pa_quantity-1-pack","9":"pa_quantity-10-pack","10":"pa_quantity-3-pack","11":"pa_quantity-30-pack","12":"pa_quantity-5-pack","13":"pa_quantity-60-pack","14":"flavours-fruits-berries","15":"format-slim","16":"nicotine-20-mg-g","17":"nicotine-extra-strong","19":"first","20":"instock","21":"taxable","22":"shipping-taxable","23":"purchasable","24":"product-type-variable"},"acf":[],"_links":{"self":[{"href":"https:\/\/whitelip.com\/fr\/wp-json\/wp\/v2\/product\/34503","targetHints":{"allow":["GET"]}}],"collection":[{"href":"https:\/\/whitelip.com\/fr\/wp-json\/wp\/v2\/product"}],"about":[{"href":"https:\/\/whitelip.com\/fr\/wp-json\/wp\/v2\/types\/product"}],"replies":[{"embeddable":true,"href":"https:\/\/whitelip.com\/fr\/wp-json\/wp\/v2\/comments?post=34503"}],"wp:featuredmedia":[{"embeddable":true,"href":"https:\/\/whitelip.com\/fr\/wp-json\/wp\/v2\/media\/34507"}],"wp:attachment":[{"href":"https:\/\/whitelip.com\/fr\/wp-json\/wp\/v2\/media?parent=34503"}],"wp:term":[{"taxonomy":"product_brand","embeddable":true,"href":"https:\/\/whitelip.com\/fr\/wp-json\/wp\/v2\/product_brand?post=34503"},{"taxonomy":"product_cat","embeddable":true,"href":"https:\/\/whitelip.com\/fr\/wp-json\/wp\/v2\/product_cat?post=34503"},{"taxonomy":"product_tag","embeddable":true,"href":"https:\/\/whitelip.com\/fr\/wp-json\/wp\/v2\/product_tag?post=34503"},{"taxonomy":"flavours","embeddable":true,"href":"https:\/\/whitelip.com\/fr\/wp-json\/wp\/v2\/flavours?post=34503"},{"taxonomy":"format","embeddable":true,"href":"https:\/\/whitelip.com\/fr\/wp-json\/wp\/v2\/format?post=34503"},{"taxonomy":"nicotine","embeddable":true,"href":"https:\/\/whitelip.com\/fr\/wp-json\/wp\/v2\/nicotine?post=34503"}],"curies":[{"name":"wp","href":"https:\/\/api.w.org\/{rel}","templated":true}]}}