{"id":34493,"date":"2025-11-18T11:08:27","date_gmt":"2025-11-18T11:08:27","guid":{"rendered":"https:\/\/whitelip.com\/?post_type=product&#038;p=34493"},"modified":"2026-03-10T09:18:28","modified_gmt":"2026-03-10T09:18:28","slug":"rush-cherry-chill-extreme","status":"publish","type":"product","link":"https:\/\/whitelip.com\/fr\/rush\/rush-cherry-chill-extreme\/","title":{"rendered":"RUSH Cherry Chill Extreme"},"content":{"rendered":"<p data-start=\"280\" data-end=\"682\">RUSH Cherry Chill Extreme offre un profil de cerise vif avec un caract\u00e8re rafra\u00eechissant et frais. Le go\u00fbt combine des tons de fruits rouges sucr\u00e9s avec un final glac\u00e9, cr\u00e9ant une exp\u00e9rience gustative saisissante pour les utilisateurs qui appr\u00e9cient un sachet fort et perceptible. Avec 21 mg de nicotine par sachet, il offre une intensit\u00e9 extr\u00eamement forte qui ne convient qu'aux utilisateurs exp\u00e9riment\u00e9s qui sont \u00e0 l'aise avec des niveaux de nicotine \u00e9lev\u00e9s. La poche est con\u00e7ue dans un format mince pour une utilisation discr\u00e8te et une visibilit\u00e9 minimale sous la l\u00e8vre. Avec un poids de 0,7 g par sachet, il est l\u00e9ger et facile \u00e0 transporter, ce qui permet de l'utiliser au quotidien. La forme fine contribue \u00e9galement au confort, permettant au sachet de se placer naturellement tout en assurant une diffusion r\u00e9guli\u00e8re de l'ar\u00f4me et de la nicotine.<\/p>\n<table>\n<tbody>\n<tr>\n<td><b>Attribut<\/b><\/td>\n<td><b>D\u00e9tails<\/b><\/td>\n<\/tr>\n<tr>\n<td><b>Contenu par bo\u00eete<\/b><\/td>\n<td><span style=\"font-weight: 400;\">14g (20 sachets)<\/span><\/td>\n<\/tr>\n<tr>\n<td><b>Teneur en nicotine<\/b><\/td>\n<td><span style=\"font-weight: 400;\">30 mg\/g (21 mg par sachet)<\/span><\/td>\n<\/tr>\n<tr>\n<td><b>Format de la pochette<\/b><\/td>\n<td><span style=\"font-weight: 400;\">Mince<\/span><\/td>\n<\/tr>\n<tr>\n<td><b>Producteur<\/b><\/td>\n<td>RUSH<\/td>\n<\/tr>\n<tr>\n<td><b>Saveur<\/b><\/td>\n<td>Cerise<\/td>\n<\/tr>\n<tr>\n<td><b>Taper<\/b><\/td>\n<td><span style=\"font-weight: 400;\">Pochette de nicotine<\/span><\/td>\n<\/tr>\n<\/tbody>\n<\/table>","protected":false},"excerpt":{"rendered":"<article class=\"text-token-text-primary w-full focus:outline-none [--shadow-height:45px] has-data-writing-block:pointer-events-none has-data-writing-block:-mt-(--shadow-height) has-data-writing-block:pt-(--shadow-height) [&amp;:has([data-writing-block])&gt;*]:pointer-events-auto [content-visibility:auto] supports-[content-visibility:auto]:[contain-intrinsic-size:auto_100lvh] scroll-mt-[calc(var(--header-height)+min(200px,max(70px,20svh)))]\" dir=\"auto\" tabindex=\"-1\" data-turn-id=\"fc20af27-e3c5-4b02-a951-d8248900574e\" data-testid=\"conversation-turn-146\" data-scroll-anchor=\"true\" data-turn=\"assistant\">\n<div class=\"text-base my-auto mx-auto pb-10 [--thread-content-margin:--spacing(4)] thread-sm:[--thread-content-margin:--spacing(6)] thread-lg:[--thread-content-margin:--spacing(16)] px-(--thread-content-margin)\">\n<div class=\"[--thread-content-max-width:40rem] thread-lg:[--thread-content-max-width:48rem] mx-auto max-w-(--thread-content-max-width) flex-1 group\/turn-messages focus-visible:outline-hidden relative flex w-full min-w-0 flex-col agent-turn\" tabindex=\"-1\">\n<div class=\"flex max-w-full flex-col grow\">\n<div class=\"min-h-8 text-message relative flex w-full flex-col items-end gap-2 text-start break-words whitespace-normal [.text-message+&amp;]:mt-1\" dir=\"auto\" data-message-author-role=\"assistant\" data-message-id=\"62160f6d-af8e-4bdd-844f-59034b1f33e1\" data-message-model-slug=\"gpt-5-thinking\">\n<div class=\"flex w-full flex-col gap-1 empty:hidden first:pt-[1px]\">\n<div class=\"markdown prose dark:prose-invert w-full break-words dark markdown-new-styling\">\n<p data-start=\"0\" data-end=\"267\" data-is-last-node=\"\" data-is-only-node=\"\">A bold <strong data-start=\"1309\" data-end=\"1319\">cherry<\/strong> flavor in a <strong data-start=\"1332\" data-end=\"1340\">slim<\/strong> pouch delivering <strong data-start=\"1358\" data-end=\"1376\">21 mg nicotine<\/strong> per pouch. Designed for discretion and comfort with an extremely strong experience.<\/p>\n<\/div>\n<\/div>\n<\/div>\n<\/div>\n<\/div>\n<\/div>\n<\/article>\n","protected":false},"featured_media":34497,"comment_status":"open","ping_status":"closed","template":"","format":[206],"meta":{"_acf_changed":false},"product_brand":[],"product_cat":[244],"product_tag":[16999],"flavours":[196],"nicotine":[221,233],"class_list":{"0":"post-34493","1":"product","2":"type-product","3":"status-publish","4":"has-post-thumbnail","6":"product_cat-rush","7":"product_tag-21-mg-pouch","8":"pa_quantity-1-pack","9":"pa_quantity-10-pack","10":"pa_quantity-3-pack","11":"pa_quantity-30-pack","12":"pa_quantity-5-pack","13":"pa_quantity-60-pack","14":"flavours-fruits-berries","15":"format-slim","16":"nicotine-30-mg-g","17":"nicotine-extreme","19":"first","20":"outofstock","21":"taxable","22":"shipping-taxable","23":"purchasable","24":"product-type-variable","25":"has-default-attributes"},"acf":[],"_links":{"self":[{"href":"https:\/\/whitelip.com\/fr\/wp-json\/wp\/v2\/product\/34493","targetHints":{"allow":["GET"]}}],"collection":[{"href":"https:\/\/whitelip.com\/fr\/wp-json\/wp\/v2\/product"}],"about":[{"href":"https:\/\/whitelip.com\/fr\/wp-json\/wp\/v2\/types\/product"}],"replies":[{"embeddable":true,"href":"https:\/\/whitelip.com\/fr\/wp-json\/wp\/v2\/comments?post=34493"}],"wp:featuredmedia":[{"embeddable":true,"href":"https:\/\/whitelip.com\/fr\/wp-json\/wp\/v2\/media\/34497"}],"wp:attachment":[{"href":"https:\/\/whitelip.com\/fr\/wp-json\/wp\/v2\/media?parent=34493"}],"wp:term":[{"taxonomy":"product_brand","embeddable":true,"href":"https:\/\/whitelip.com\/fr\/wp-json\/wp\/v2\/product_brand?post=34493"},{"taxonomy":"product_cat","embeddable":true,"href":"https:\/\/whitelip.com\/fr\/wp-json\/wp\/v2\/product_cat?post=34493"},{"taxonomy":"product_tag","embeddable":true,"href":"https:\/\/whitelip.com\/fr\/wp-json\/wp\/v2\/product_tag?post=34493"},{"taxonomy":"flavours","embeddable":true,"href":"https:\/\/whitelip.com\/fr\/wp-json\/wp\/v2\/flavours?post=34493"},{"taxonomy":"format","embeddable":true,"href":"https:\/\/whitelip.com\/fr\/wp-json\/wp\/v2\/format?post=34493"},{"taxonomy":"nicotine","embeddable":true,"href":"https:\/\/whitelip.com\/fr\/wp-json\/wp\/v2\/nicotine?post=34493"}],"curies":[{"name":"wp","href":"https:\/\/api.w.org\/{rel}","templated":true}]}}