{"id":33360,"date":"2025-11-04T08:32:30","date_gmt":"2025-11-04T08:32:30","guid":{"rendered":"https:\/\/whitelip.com\/?post_type=product&#038;p=33360"},"modified":"2026-05-06T10:11:28","modified_gmt":"2026-05-06T10:11:28","slug":"puff-pouch-wasted-mango-jalapeno","status":"publish","type":"product","link":"https:\/\/whitelip.com\/fr\/puff-pouch\/puff-pouch-wasted-mango-jalapeno\/","title":{"rendered":"Puff &amp; Pouch Wasted Mango Jalape\u00f1o"},"content":{"rendered":"<p data-start=\"509\" data-end=\"871\">Puff &amp; Pouch Wasted Mango Jalape\u00f1o 16mg in Slim combine un profil de saveur audacieux avec un effet de nicotine fort et bien \u00e9quilibr\u00e9. Avec 16 mg de nicotine par gramme, il fournit un hit perceptible et satisfaisant sans compromettre le confort ou le go\u00fbt. La saveur est audacieuse et rafra\u00eechissante, con\u00e7ue pour les utilisateurs qui appr\u00e9cient un sachet de nicotine robuste mais doux. Fabriqu\u00e9 par Premium Pouch Global sous la marque Puff and Pouch, ce produit se distingue sur le march\u00e9 europ\u00e9en des sachets de nicotine par sa haute qualit\u00e9 et sa distribution raffin\u00e9e. Chaque bo\u00eete contient 20 sachets dans un format Slim discret, offrant une tenue confortable sous la l\u00e8vre pour une utilisation tout au long de la journ\u00e9e. Puff and Pouch Wasted 16mg est un excellent choix pour ceux qui recherchent un sachet de qualit\u00e9 sup\u00e9rieure avec une force constante et un \u00e9quilibre des saveurs.<\/p>\n<table>\n<tbody>\n<tr>\n<td><b>Attribut<\/b><\/td>\n<td><b>D\u00e9tails<\/b><\/td>\n<\/tr>\n<tr>\n<td><span style=\"font-weight: 400;\">Contenu par bo\u00eete<\/span><\/td>\n<td><span style=\"font-weight: 400;\">14g (20 sachets)<\/span><\/td>\n<\/tr>\n<tr>\n<td><span style=\"font-weight: 400;\">Teneur en nicotine<\/span><\/td>\n<td><span style=\"font-weight: 400;\">16 mg\/g (12 mg par sachet)<\/span><\/td>\n<\/tr>\n<tr>\n<td><span style=\"font-weight: 400;\">Format de la pochette<\/span><\/td>\n<td><span style=\"font-weight: 400;\">Mince<\/span><\/td>\n<\/tr>\n<tr>\n<td><span style=\"font-weight: 400;\">Producteur<\/span><\/td>\n<td><span style=\"font-weight: 400;\">Pochette et bouff\u00e9e d'air<\/span><\/td>\n<\/tr>\n<tr>\n<td><span style=\"font-weight: 400;\">Saveur<\/span><\/td>\n<td><span style=\"font-weight: 400;\">Mangue Jalape\u00f1o <\/span><\/td>\n<\/tr>\n<tr>\n<td><span style=\"font-weight: 400;\">Taper<\/span><\/td>\n<td><span style=\"font-weight: 400;\">Pochette enti\u00e8rement blanche, sans tabac<\/span><\/td>\n<\/tr>\n<\/tbody>\n<\/table>","protected":false},"excerpt":{"rendered":"<p>Puff &amp; Pouch Wasted Mango Jalape\u00f1o 16mg en <strong data-start=\"260\" data-end=\"268\">Mince<\/strong> offre une saveur audacieuse et rafra\u00eechissante de <strong>mangue et jalape\u00f1o<\/strong> avec <strong data-start=\"312\" data-end=\"321\">16 mg<\/strong> <strong>de nicotine par gramme<\/strong>. Ce sachet sans tabac offre une exp\u00e9rience nicotinique forte mais \u00e9quilibr\u00e9e, id\u00e9ale pour les utilisateurs qui appr\u00e9cient un coup de fouet puissant mais doux.<\/p>","protected":false},"featured_media":33365,"comment_status":"open","ping_status":"closed","template":"","format":[206],"meta":{"_acf_changed":false},"product_brand":[],"product_cat":[86],"product_tag":[16561],"flavours":[187,200],"nicotine":[213,232],"class_list":{"0":"post-33360","1":"product","2":"type-product","3":"status-publish","4":"has-post-thumbnail","6":"product_cat-puff-pouch","7":"product_tag-12-mg-pouch","8":"pa_quantity-1-pack","9":"pa_quantity-10-pack","10":"pa_quantity-3-pack","11":"pa_quantity-30-pack","12":"pa_quantity-5-pack","13":"pa_quantity-60-pack","14":"flavours-chili","15":"flavours-spices","16":"format-slim","17":"nicotine-16-mg-g","18":"nicotine-extra-strong","20":"first","21":"outofstock","22":"taxable","23":"shipping-taxable","24":"purchasable","25":"product-type-variable"},"acf":[],"_links":{"self":[{"href":"https:\/\/whitelip.com\/fr\/wp-json\/wp\/v2\/product\/33360","targetHints":{"allow":["GET"]}}],"collection":[{"href":"https:\/\/whitelip.com\/fr\/wp-json\/wp\/v2\/product"}],"about":[{"href":"https:\/\/whitelip.com\/fr\/wp-json\/wp\/v2\/types\/product"}],"replies":[{"embeddable":true,"href":"https:\/\/whitelip.com\/fr\/wp-json\/wp\/v2\/comments?post=33360"}],"wp:featuredmedia":[{"embeddable":true,"href":"https:\/\/whitelip.com\/fr\/wp-json\/wp\/v2\/media\/33365"}],"wp:attachment":[{"href":"https:\/\/whitelip.com\/fr\/wp-json\/wp\/v2\/media?parent=33360"}],"wp:term":[{"taxonomy":"product_brand","embeddable":true,"href":"https:\/\/whitelip.com\/fr\/wp-json\/wp\/v2\/product_brand?post=33360"},{"taxonomy":"product_cat","embeddable":true,"href":"https:\/\/whitelip.com\/fr\/wp-json\/wp\/v2\/product_cat?post=33360"},{"taxonomy":"product_tag","embeddable":true,"href":"https:\/\/whitelip.com\/fr\/wp-json\/wp\/v2\/product_tag?post=33360"},{"taxonomy":"flavours","embeddable":true,"href":"https:\/\/whitelip.com\/fr\/wp-json\/wp\/v2\/flavours?post=33360"},{"taxonomy":"format","embeddable":true,"href":"https:\/\/whitelip.com\/fr\/wp-json\/wp\/v2\/format?post=33360"},{"taxonomy":"nicotine","embeddable":true,"href":"https:\/\/whitelip.com\/fr\/wp-json\/wp\/v2\/nicotine?post=33360"}],"curies":[{"name":"wp","href":"https:\/\/api.w.org\/{rel}","templated":true}]}}