{"id":33082,"date":"2025-10-31T14:32:58","date_gmt":"2025-10-31T14:32:58","guid":{"rendered":"https:\/\/whitelip.com\/?post_type=product&#038;p=33082"},"modified":"2026-04-09T09:53:17","modified_gmt":"2026-04-09T09:53:17","slug":"pablo-exclusive-blueberry-cranberry-cherry","status":"publish","type":"product","link":"https:\/\/whitelip.com\/fr\/pablo\/pablo-exclusive-blueberry-cranberry-cherry\/","title":{"rendered":"PABLO Exclusif Myrtille Canneberge Cerise"},"content":{"rendered":"<p data-start=\"554\" data-end=\"884\">PABLO Exclusive Blueberry Cranberry Cherry in Slim porte l'intensit\u00e9 fruit\u00e9e \u00e0 un niveau sup\u00e9rieur gr\u00e2ce \u00e0 un m\u00e9lange de trois baies qui combine douceur, acidit\u00e9 et profondeur dans un \u00e9quilibre parfait. Le go\u00fbt r\u00e9unit la myrtille, la canneberge et la cerise en une exp\u00e9rience gustative dynamique et rafra\u00eechissante qui \u00e9volue \u00e0 chaque sachet. Produit en Europe par NGP Empire, ce sachet enti\u00e8rement blanc et sans tabac de la s\u00e9rie PABLO Exclusive combine une qualit\u00e9 sup\u00e9rieure avec une saveur saisissante et un pouvoir nicotinique extr\u00eame. Chaque sachet contient 30 mg de nicotine (50 mg\/g), offrant l'une des sensations les plus puissantes disponibles sur le march\u00e9, cr\u00e9\u00e9e sp\u00e9cifiquement pour les utilisateurs exp\u00e9riment\u00e9s \u00e0 la recherche d'une force et d'une satisfaction maximales. Le format Slim assure une tenue discr\u00e8te et confortable sous la l\u00e8vre, tandis que la lib\u00e9ration progressive de l'ar\u00f4me et de la nicotine procure un effet doux et durable. Sans tabac, sans fum\u00e9e et sans odeur, PABLO Exclusive Blueberry Cranberry Cherry d\u00e9livre une intensit\u00e9 nette et constante, parfaite pour un usage quotidien ou pour les moments o\u00f9 vous avez besoin d'un s\u00e9rieux coup de pouce.<\/p>\n<table>\n<tbody>\n<tr>\n<td><b>Attribut<\/b><\/td>\n<td><b>D\u00e9tails<\/b><\/td>\n<\/tr>\n<tr>\n<td><b>Contenu par bo\u00eete<\/b><\/td>\n<td><span style=\"font-weight: 400;\">12g (20 sachets)<\/span><\/td>\n<\/tr>\n<tr>\n<td><b>Teneur en nicotine<\/b><\/td>\n<td><span style=\"font-weight: 400;\">50 mg\/g (30 mg par sachet)<\/span><\/td>\n<\/tr>\n<tr>\n<td><b>Format de la pochette<\/b><\/td>\n<td><span style=\"font-weight: 400;\">Mince<\/span><\/td>\n<\/tr>\n<tr>\n<td><b>Producteur<\/b><\/td>\n<td><span style=\"font-weight: 400;\">N.G.P. Empire<\/span><\/td>\n<\/tr>\n<tr>\n<td><b>Saveur<\/b><\/td>\n<td>Myrtille, canneberge, cerise<\/td>\n<\/tr>\n<tr>\n<td><b>Taper<\/b><\/td>\n<td><span style=\"font-weight: 400;\">Pochette enti\u00e8rement blanche, sans tabac<\/span><\/td>\n<\/tr>\n<\/tbody>\n<\/table>","protected":false},"excerpt":{"rendered":"<p>PABLO Exclusif Myrtille Canneberge Cerise en <strong data-start=\"286\" data-end=\"294\">Mince<\/strong> offre un m\u00e9lange audacieux de <strong data-start=\"318\" data-end=\"354\">myrtille, canneberge et cerise<\/strong> avec une force de nicotine extr\u00eame. Chaque sachet sans tabac contient <strong data-start=\"424\" data-end=\"433\">30 mg<\/strong> <strong>de<\/strong> <strong>nicotine<\/strong>, La nouvelle version de l'application de l'Internet, qui offre une exp\u00e9rience intense et savoureuse, a \u00e9t\u00e9 con\u00e7ue pour les utilisateurs exp\u00e9riment\u00e9s.<\/p>","protected":false},"featured_media":33087,"comment_status":"open","ping_status":"closed","template":"","format":[206],"meta":{"_acf_changed":false},"product_brand":[],"product_cat":[44],"product_tag":[16605],"flavours":[196],"nicotine":[233,226],"class_list":{"0":"post-33082","1":"product","2":"type-product","3":"status-publish","4":"has-post-thumbnail","6":"product_cat-pablo","7":"product_tag-30-mg-pouch","8":"pa_quantity-1-pack","9":"pa_quantity-10-pack","10":"pa_quantity-3-pack","11":"pa_quantity-30-pack","12":"pa_quantity-5-pack","13":"pa_quantity-60-pack","14":"flavours-fruits-berries","15":"format-slim","16":"nicotine-extreme","17":"nicotine-50-mg-g","19":"first","20":"instock","21":"taxable","22":"shipping-taxable","23":"purchasable","24":"product-type-variable"},"acf":[],"_links":{"self":[{"href":"https:\/\/whitelip.com\/fr\/wp-json\/wp\/v2\/product\/33082","targetHints":{"allow":["GET"]}}],"collection":[{"href":"https:\/\/whitelip.com\/fr\/wp-json\/wp\/v2\/product"}],"about":[{"href":"https:\/\/whitelip.com\/fr\/wp-json\/wp\/v2\/types\/product"}],"replies":[{"embeddable":true,"href":"https:\/\/whitelip.com\/fr\/wp-json\/wp\/v2\/comments?post=33082"}],"wp:featuredmedia":[{"embeddable":true,"href":"https:\/\/whitelip.com\/fr\/wp-json\/wp\/v2\/media\/33087"}],"wp:attachment":[{"href":"https:\/\/whitelip.com\/fr\/wp-json\/wp\/v2\/media?parent=33082"}],"wp:term":[{"taxonomy":"product_brand","embeddable":true,"href":"https:\/\/whitelip.com\/fr\/wp-json\/wp\/v2\/product_brand?post=33082"},{"taxonomy":"product_cat","embeddable":true,"href":"https:\/\/whitelip.com\/fr\/wp-json\/wp\/v2\/product_cat?post=33082"},{"taxonomy":"product_tag","embeddable":true,"href":"https:\/\/whitelip.com\/fr\/wp-json\/wp\/v2\/product_tag?post=33082"},{"taxonomy":"flavours","embeddable":true,"href":"https:\/\/whitelip.com\/fr\/wp-json\/wp\/v2\/flavours?post=33082"},{"taxonomy":"format","embeddable":true,"href":"https:\/\/whitelip.com\/fr\/wp-json\/wp\/v2\/format?post=33082"},{"taxonomy":"nicotine","embeddable":true,"href":"https:\/\/whitelip.com\/fr\/wp-json\/wp\/v2\/nicotine?post=33082"}],"curies":[{"name":"wp","href":"https:\/\/api.w.org\/{rel}","templated":true}]}}