{"id":32615,"date":"2025-10-27T15:09:48","date_gmt":"2025-10-27T15:09:48","guid":{"rendered":"https:\/\/whitelip.com\/?post_type=product&#038;p=32615"},"modified":"2026-05-15T13:39:06","modified_gmt":"2026-05-15T13:39:06","slug":"christmas-calendar","status":"publish","type":"product","link":"https:\/\/whitelip.com\/fr\/christmas-calendar\/christmas-calendar\/","title":{"rendered":"Calendrier de No\u00ebl Whitelip"},"content":{"rendered":"<p data-start=\"440\" data-end=\"739\">Le <strong data-start=\"444\" data-end=\"472\">Calendrier de No\u00ebl Whitelip<\/strong> rassemble 24 bo\u00eetes uniques de pochettes de nicotine de marques leaders telles que <strong data-start=\"540\" data-end=\"571\">DENSSI, 77, STNG, Apr\u00e8s, NOR<\/strong>, et plus. Derri\u00e8re chaque porte vous attend une nouvelle d\u00e9couverte, une s\u00e9lection soign\u00e9e de saveurs, forces et formats de pochettes offrant quelque chose de diff\u00e9rent chaque jour en d\u00e9cembre.<\/p>\n<p data-start=\"741\" data-end=\"1015\">Des m\u00e9langes de menthe rafra\u00eechissants aux versions fruit\u00e9es et en \u00e9dition limit\u00e9e, ce calendrier capture la vari\u00e9t\u00e9 compl\u00e8te des pochettes de nicotine modernes dans un seul forfait exclusif. Il est con\u00e7u pour les utilisateurs qui aiment explorer de nouvelles options et souhaitent d\u00e9couvrir le meilleur que la cat\u00e9gorie ait \u00e0 offrir.<\/p>\n<p data-start=\"1017\" data-end=\"1155\">Chaque calendrier est produit en quantit\u00e9s limit\u00e9es et affiche un design saisonnier festif, ce qui en fait une pi\u00e8ce de collection remarquable pour 2025.<\/p>","protected":false},"excerpt":{"rendered":"<p>Comptez les jours jusqu'\u00e0 No\u00ebl avec le <strong data-start=\"209\" data-end=\"237\">Calendrier de No\u00ebl Whitelip !<\/strong> Mettant en avant 24 bo\u00eetes de pochettes de nicotine surprise de marques leaders. Un m\u00e9lange en \u00e9dition limit\u00e9e de saveurs, forces et formats con\u00e7us pour rendre d\u00e9cembre un peu plus excitant.<\/p>","protected":false},"featured_media":32616,"comment_status":"open","ping_status":"closed","template":"","format":[],"meta":{"_acf_changed":false},"product_brand":[],"product_cat":[259],"product_tag":[],"flavours":[],"nicotine":[],"class_list":{"0":"post-32615","1":"product","2":"type-product","3":"status-publish","4":"has-post-thumbnail","6":"product_cat-christmas-calendar","8":"first","9":"instock","10":"taxable","11":"shipping-taxable","12":"purchasable","13":"product-type-simple"},"acf":[],"_links":{"self":[{"href":"https:\/\/whitelip.com\/fr\/wp-json\/wp\/v2\/product\/32615","targetHints":{"allow":["GET"]}}],"collection":[{"href":"https:\/\/whitelip.com\/fr\/wp-json\/wp\/v2\/product"}],"about":[{"href":"https:\/\/whitelip.com\/fr\/wp-json\/wp\/v2\/types\/product"}],"replies":[{"embeddable":true,"href":"https:\/\/whitelip.com\/fr\/wp-json\/wp\/v2\/comments?post=32615"}],"wp:featuredmedia":[{"embeddable":true,"href":"https:\/\/whitelip.com\/fr\/wp-json\/wp\/v2\/media\/32616"}],"wp:attachment":[{"href":"https:\/\/whitelip.com\/fr\/wp-json\/wp\/v2\/media?parent=32615"}],"wp:term":[{"taxonomy":"product_brand","embeddable":true,"href":"https:\/\/whitelip.com\/fr\/wp-json\/wp\/v2\/product_brand?post=32615"},{"taxonomy":"product_cat","embeddable":true,"href":"https:\/\/whitelip.com\/fr\/wp-json\/wp\/v2\/product_cat?post=32615"},{"taxonomy":"product_tag","embeddable":true,"href":"https:\/\/whitelip.com\/fr\/wp-json\/wp\/v2\/product_tag?post=32615"},{"taxonomy":"flavours","embeddable":true,"href":"https:\/\/whitelip.com\/fr\/wp-json\/wp\/v2\/flavours?post=32615"},{"taxonomy":"format","embeddable":true,"href":"https:\/\/whitelip.com\/fr\/wp-json\/wp\/v2\/format?post=32615"},{"taxonomy":"nicotine","embeddable":true,"href":"https:\/\/whitelip.com\/fr\/wp-json\/wp\/v2\/nicotine?post=32615"}],"curies":[{"name":"wp","href":"https:\/\/api.w.org\/{rel}","templated":true}]}}