{"id":32553,"date":"2025-10-27T11:28:52","date_gmt":"2025-10-27T11:28:52","guid":{"rendered":"https:\/\/whitelip.com\/?post_type=product&#038;p=32553"},"modified":"2026-04-23T10:11:36","modified_gmt":"2026-04-23T10:11:36","slug":"velo-shift-hot-grape","status":"publish","type":"product","link":"https:\/\/whitelip.com\/fr\/velo\/velo-shift-hot-grape\/","title":{"rendered":"VELO Shift Hot Grape"},"content":{"rendered":"<p data-start=\"401\" data-end=\"769\">v\u00e9lo <strong data-start=\"406\" data-end=\"425\">Shift Hot Grape<\/strong> en <strong data-start=\"429\" data-end=\"437\">Mince<\/strong> est un sachet de nicotine blanc de BAT, au go\u00fbt sucr\u00e9 et fruit\u00e9 de raisin. Le produit contient de la nicotine mais ne contient pas de tabac et est class\u00e9 comme fort. Les sachets sont fabriqu\u00e9s \u00e0 partir de fibres v\u00e9g\u00e9tales et sont con\u00e7us avec des bords arrondis pour s'adapter confortablement sous la l\u00e8vre. La canette a une forme hexagonale, typique de la gamme VELO Shift. Chaque pochette contient <strong data-start=\"791\" data-end=\"799\">8 mg<\/strong> de nicotine (taux de nicotine de 11,4 mg\/g), et les <strong data-start=\"851\" data-end=\"859\">Mince<\/strong> offre un profil \u00e9troit et discret.<\/p>\n<table>\n<tbody>\n<tr>\n<td><b>Attribut<\/b><\/td>\n<td><b>D\u00e9tails<\/b><\/td>\n<\/tr>\n<tr>\n<td><span style=\"font-weight: 400;\">Marque<\/span><\/td>\n<td><span style=\"font-weight: 400;\">v\u00e9lo<\/span><\/td>\n<\/tr>\n<tr>\n<td><span style=\"font-weight: 400;\">Type de produit<\/span><\/td>\n<td><span style=\"font-weight: 400;\">Tous les sachets de nicotine blancs<\/span><\/td>\n<\/tr>\n<tr>\n<td><span style=\"font-weight: 400;\">Format<\/span><\/td>\n<td><span style=\"font-weight: 400;\">Mince<\/span><\/td>\n<\/tr>\n<tr>\n<td><span style=\"font-weight: 400;\">Saveur<\/span><\/td>\n<td><span style=\"font-weight: 400;\">Fruits du raisin<\/span><\/td>\n<\/tr>\n<tr>\n<td><span style=\"font-weight: 400;\">Intensit\u00e9 de la nicotine<\/span><\/td>\n<td><span style=\"font-weight: 400;\">11,4 mg\/g (8 mg par sachet)<\/span><\/td>\n<\/tr>\n<tr>\n<td><span style=\"font-weight: 400;\">Poids de la portion<\/span><\/td>\n<td><span style=\"font-weight: 400;\">0,7 grammes<\/span><\/td>\n<\/tr>\n<tr>\n<td><span style=\"font-weight: 400;\">Nombre de portions<\/span><\/td>\n<td><span style=\"font-weight: 400;\">20 par bo\u00eete<\/span><\/td>\n<\/tr>\n<tr>\n<td><span style=\"font-weight: 400;\">Poids total de la bo\u00eete<\/span><\/td>\n<td><span style=\"font-weight: 400;\">14 grammes<\/span><\/td>\n<\/tr>\n<tr>\n<td><span style=\"font-weight: 400;\">Fabricant<\/span><\/td>\n<td><span style=\"font-weight: 400;\">BAT<\/span><\/td>\n<\/tr>\n<tr>\n<td><span style=\"font-weight: 400;\">Caract\u00e9ristiques notables<\/span><\/td>\n<td><span style=\"font-weight: 400;\">Sans tabac, portions fines discr\u00e8tes, profil aromatique \u00e9quilibr\u00e9<\/span><\/td>\n<\/tr>\n<\/tbody>\n<\/table>\n<h2 data-start=\"913\" data-end=\"926\">Caract\u00e9ristiques<\/h2>\n<ul data-start=\"927\" data-end=\"1126\">\n<li data-start=\"927\" data-end=\"954\">\n<p data-start=\"929\" data-end=\"954\">Fruit\u00e9 <strong data-start=\"936\" data-end=\"945\">raisin<\/strong> saveur<\/p>\n<\/li>\n<li data-start=\"955\" data-end=\"993\">\n<p data-start=\"957\" data-end=\"993\"><strong data-start=\"957\" data-end=\"965\">Mince<\/strong> format \u00e0 bords arrondis<\/p>\n<\/li>\n<li data-start=\"994\" data-end=\"1063\">\n<p data-start=\"996\" data-end=\"1063\">Sachet blanc sans tabac avec un fort taux de nicotine (<strong data-start=\"1052\" data-end=\"1060\">8 mg<\/strong>)<\/p>\n<\/li>\n<li data-start=\"1064\" data-end=\"1102\">\n<p data-start=\"1066\" data-end=\"1102\">Bo\u00eete hexagonale au design moderne<\/p>\n<\/li>\n<li data-start=\"1103\" data-end=\"1126\">\n<p data-start=\"1105\" data-end=\"1126\">Fabriqu\u00e9 par BAT<\/p>\n<\/li>\n<\/ul>","protected":false},"excerpt":{"rendered":"<p>v\u00e9lo <strong data-start=\"156\" data-end=\"175\">Shift Hot Grape<\/strong> en <strong data-start=\"179\" data-end=\"187\">Mince<\/strong> est un sachet blanc sans tabac \u00e0 l'ar\u00f4me fruit\u00e9 de raisin et \u00e0 forte teneur en nicotine. Chaque sachet contient <strong data-start=\"295\" data-end=\"303\">8 mg<\/strong> de nicotine et se pr\u00e9sente sous la forme d'une bo\u00eete hexagonale avec des parties arrondies.<\/p>","protected":false},"featured_media":32551,"comment_status":"open","ping_status":"closed","template":"","format":[206],"meta":{"_acf_changed":false},"product_brand":[],"product_cat":[48],"product_tag":[16583],"flavours":[196],"nicotine":[208,236],"class_list":{"0":"post-32553","1":"product","2":"type-product","3":"status-publish","4":"has-post-thumbnail","6":"product_cat-velo","7":"product_tag-8-mg-pouch","8":"pa_quantity-1-pack","9":"pa_quantity-10-pack","10":"pa_quantity-3-pack","11":"pa_quantity-30-pack","12":"pa_quantity-5-pack","13":"pa_quantity-60-pack","14":"flavours-fruits-berries","15":"format-slim","16":"nicotine-11-mg-g","17":"nicotine-strong","19":"first","20":"instock","21":"taxable","22":"shipping-taxable","23":"purchasable","24":"product-type-variable"},"acf":[],"_links":{"self":[{"href":"https:\/\/whitelip.com\/fr\/wp-json\/wp\/v2\/product\/32553","targetHints":{"allow":["GET"]}}],"collection":[{"href":"https:\/\/whitelip.com\/fr\/wp-json\/wp\/v2\/product"}],"about":[{"href":"https:\/\/whitelip.com\/fr\/wp-json\/wp\/v2\/types\/product"}],"replies":[{"embeddable":true,"href":"https:\/\/whitelip.com\/fr\/wp-json\/wp\/v2\/comments?post=32553"}],"wp:featuredmedia":[{"embeddable":true,"href":"https:\/\/whitelip.com\/fr\/wp-json\/wp\/v2\/media\/32551"}],"wp:attachment":[{"href":"https:\/\/whitelip.com\/fr\/wp-json\/wp\/v2\/media?parent=32553"}],"wp:term":[{"taxonomy":"product_brand","embeddable":true,"href":"https:\/\/whitelip.com\/fr\/wp-json\/wp\/v2\/product_brand?post=32553"},{"taxonomy":"product_cat","embeddable":true,"href":"https:\/\/whitelip.com\/fr\/wp-json\/wp\/v2\/product_cat?post=32553"},{"taxonomy":"product_tag","embeddable":true,"href":"https:\/\/whitelip.com\/fr\/wp-json\/wp\/v2\/product_tag?post=32553"},{"taxonomy":"flavours","embeddable":true,"href":"https:\/\/whitelip.com\/fr\/wp-json\/wp\/v2\/flavours?post=32553"},{"taxonomy":"format","embeddable":true,"href":"https:\/\/whitelip.com\/fr\/wp-json\/wp\/v2\/format?post=32553"},{"taxonomy":"nicotine","embeddable":true,"href":"https:\/\/whitelip.com\/fr\/wp-json\/wp\/v2\/nicotine?post=32553"}],"curies":[{"name":"wp","href":"https:\/\/api.w.org\/{rel}","templated":true}]}}