{"id":32540,"date":"2025-10-27T11:13:34","date_gmt":"2025-10-27T11:13:34","guid":{"rendered":"https:\/\/whitelip.com\/?post_type=product&#038;p=32540"},"modified":"2026-04-21T10:11:49","modified_gmt":"2026-04-21T10:11:49","slug":"velo-shift-hot-spearmint","status":"publish","type":"product","link":"https:\/\/whitelip.com\/fr\/velo\/velo-shift-hot-spearmint\/","title":{"rendered":"VELO Shift Hot Spearmint"},"content":{"rendered":"<p data-start=\"401\" data-end=\"770\">v\u00e9lo <strong data-start=\"406\" data-end=\"429\">Shift Hot Menthe verte<\/strong> en <strong data-start=\"433\" data-end=\"441\">Mince<\/strong> est un sachet de nicotine blanc de BAT au go\u00fbt clair de menthe verte. Le produit contient de la nicotine mais ne contient pas de tabac et est class\u00e9 comme fort. Les sachets sont fabriqu\u00e9s \u00e0 partir de fibres v\u00e9g\u00e9tales et sont con\u00e7us avec des bords arrondis pour s'adapter confortablement sous la l\u00e8vre. Le design hexagonal de la canette est caract\u00e9ristique de la gamme VELO Shift. Chaque pochette contient <strong data-start=\"792\" data-end=\"800\">8 mg<\/strong> de nicotine (taux de nicotine de 11,4 mg\/g), et les <strong data-start=\"852\" data-end=\"860\">Mince<\/strong> permet un ajustement discret et \u00e9troit.<\/p>\n<table>\n<tbody>\n<tr>\n<td><b>Attribut<\/b><\/td>\n<td><b>D\u00e9tails<\/b><\/td>\n<\/tr>\n<tr>\n<td><span style=\"font-weight: 400;\">Marque<\/span><\/td>\n<td><span style=\"font-weight: 400;\">v\u00e9lo<\/span><\/td>\n<\/tr>\n<tr>\n<td><span style=\"font-weight: 400;\">Type de produit<\/span><\/td>\n<td><span style=\"font-weight: 400;\">Tous les sachets de nicotine blancs<\/span><\/td>\n<\/tr>\n<tr>\n<td><span style=\"font-weight: 400;\">Format<\/span><\/td>\n<td><span style=\"font-weight: 400;\">Mince<\/span><\/td>\n<\/tr>\n<tr>\n<td><span style=\"font-weight: 400;\">Saveur<\/span><\/td>\n<td><span style=\"font-weight: 400;\">Menthe verte<\/span><\/td>\n<\/tr>\n<tr>\n<td><span style=\"font-weight: 400;\">Intensit\u00e9 de la nicotine<\/span><\/td>\n<td><span style=\"font-weight: 400;\">11,4 mg\/g (8 mg par sachet)<\/span><\/td>\n<\/tr>\n<tr>\n<td><span style=\"font-weight: 400;\">Poids de la portion<\/span><\/td>\n<td><span style=\"font-weight: 400;\">0,7 grammes<\/span><\/td>\n<\/tr>\n<tr>\n<td><span style=\"font-weight: 400;\">Nombre de portions<\/span><\/td>\n<td><span style=\"font-weight: 400;\">20 par bo\u00eete<\/span><\/td>\n<\/tr>\n<tr>\n<td><span style=\"font-weight: 400;\">Poids total de la bo\u00eete<\/span><\/td>\n<td><span style=\"font-weight: 400;\">14 grammes<\/span><\/td>\n<\/tr>\n<tr>\n<td><span style=\"font-weight: 400;\">Fabricant<\/span><\/td>\n<td><span style=\"font-weight: 400;\">BAT<\/span><\/td>\n<\/tr>\n<tr>\n<td><span style=\"font-weight: 400;\">Caract\u00e9ristiques notables<\/span><\/td>\n<td><span style=\"font-weight: 400;\">Sans tabac, portions fines discr\u00e8tes, profil aromatique \u00e9quilibr\u00e9<\/span><\/td>\n<\/tr>\n<\/tbody>\n<\/table>\n<h2 data-start=\"910\" data-end=\"923\">Caract\u00e9ristiques<\/h2>\n<ul data-start=\"924\" data-end=\"1127\">\n<li data-start=\"924\" data-end=\"951\">\n<p data-start=\"926\" data-end=\"951\">Saveur de <strong data-start=\"936\" data-end=\"949\">menthe verte<\/strong><\/p>\n<\/li>\n<li data-start=\"952\" data-end=\"990\">\n<p data-start=\"954\" data-end=\"990\"><strong data-start=\"954\" data-end=\"962\">Mince<\/strong> format \u00e0 bords arrondis<\/p>\n<\/li>\n<li data-start=\"991\" data-end=\"1060\">\n<p data-start=\"993\" data-end=\"1060\">Sachet blanc sans tabac avec un fort taux de nicotine (<strong data-start=\"1049\" data-end=\"1057\">8 mg<\/strong>)<\/p>\n<\/li>\n<li data-start=\"1061\" data-end=\"1103\">\n<p data-start=\"1063\" data-end=\"1103\">Bo\u00eete hexagonale et mat\u00e9riau v\u00e9g\u00e9tal<\/p>\n<\/li>\n<li data-start=\"1104\" data-end=\"1127\">\n<p data-start=\"1106\" data-end=\"1127\">Fabriqu\u00e9 par BAT<\/p>\n<\/li>\n<\/ul>","protected":false},"excerpt":{"rendered":"<p>v\u00e9lo <strong data-start=\"184\" data-end=\"207\">Shift Hot Menthe verte<\/strong> en <strong data-start=\"211\" data-end=\"219\">Mince<\/strong> est un sachet blanc sans tabac au go\u00fbt de menthe verte. Chaque sachet contient <strong data-start=\"295\" data-end=\"303\">8 mg<\/strong> de nicotine et se pr\u00e9sente sous la forme d'une bo\u00eete hexagonale avec des parties arrondies.<\/p>","protected":false},"featured_media":32545,"comment_status":"open","ping_status":"closed","template":"","format":[206],"meta":{"_acf_changed":false},"product_brand":[],"product_cat":[48],"product_tag":[16583],"flavours":[199],"nicotine":[208,236],"class_list":{"0":"post-32540","1":"product","2":"type-product","3":"status-publish","4":"has-post-thumbnail","6":"product_cat-velo","7":"product_tag-8-mg-pouch","8":"pa_quantity-1-pack","9":"pa_quantity-10-pack","10":"pa_quantity-3-pack","11":"pa_quantity-30-pack","12":"pa_quantity-5-pack","13":"pa_quantity-60-pack","14":"flavours-mint","15":"format-slim","16":"nicotine-11-mg-g","17":"nicotine-strong","19":"first","20":"instock","21":"taxable","22":"shipping-taxable","23":"purchasable","24":"product-type-variable"},"acf":[],"_links":{"self":[{"href":"https:\/\/whitelip.com\/fr\/wp-json\/wp\/v2\/product\/32540","targetHints":{"allow":["GET"]}}],"collection":[{"href":"https:\/\/whitelip.com\/fr\/wp-json\/wp\/v2\/product"}],"about":[{"href":"https:\/\/whitelip.com\/fr\/wp-json\/wp\/v2\/types\/product"}],"replies":[{"embeddable":true,"href":"https:\/\/whitelip.com\/fr\/wp-json\/wp\/v2\/comments?post=32540"}],"wp:featuredmedia":[{"embeddable":true,"href":"https:\/\/whitelip.com\/fr\/wp-json\/wp\/v2\/media\/32545"}],"wp:attachment":[{"href":"https:\/\/whitelip.com\/fr\/wp-json\/wp\/v2\/media?parent=32540"}],"wp:term":[{"taxonomy":"product_brand","embeddable":true,"href":"https:\/\/whitelip.com\/fr\/wp-json\/wp\/v2\/product_brand?post=32540"},{"taxonomy":"product_cat","embeddable":true,"href":"https:\/\/whitelip.com\/fr\/wp-json\/wp\/v2\/product_cat?post=32540"},{"taxonomy":"product_tag","embeddable":true,"href":"https:\/\/whitelip.com\/fr\/wp-json\/wp\/v2\/product_tag?post=32540"},{"taxonomy":"flavours","embeddable":true,"href":"https:\/\/whitelip.com\/fr\/wp-json\/wp\/v2\/flavours?post=32540"},{"taxonomy":"format","embeddable":true,"href":"https:\/\/whitelip.com\/fr\/wp-json\/wp\/v2\/format?post=32540"},{"taxonomy":"nicotine","embeddable":true,"href":"https:\/\/whitelip.com\/fr\/wp-json\/wp\/v2\/nicotine?post=32540"}],"curies":[{"name":"wp","href":"https:\/\/api.w.org\/{rel}","templated":true}]}}