{"id":30035,"date":"2025-10-09T13:21:34","date_gmt":"2025-10-09T13:21:34","guid":{"rendered":"https:\/\/whitelip.com\/?post_type=product&#038;p=30035"},"modified":"2026-05-11T10:44:32","modified_gmt":"2026-05-11T10:44:32","slug":"zyn-cactus-spice-16mg","status":"publish","type":"product","link":"https:\/\/whitelip.com\/fr\/zyn\/zyn-cactus-spice-16mg\/","title":{"rendered":"ZYN Cactus Spice 11mg"},"content":{"rendered":"<h2>ZYN Cactus Spice 11mg<\/h2>\n<p><span style=\"font-weight: 400;\">ZYN Cactus Spice 11mg offre une exp\u00e9rience piquante et rafra\u00eechissante \u00e0 partir de <strong>cactus, citron vert et piment<\/strong>. Con\u00e7u pour les utilisateurs exp\u00e9riment\u00e9s, chaque sachet d\u00e9livre une puissante dose de 11 mg de nicotine avec un fini audacieux et \u00e9pic\u00e9 qui \u00e9veille les sens. Ce profil fort, \u00e0 base de cactus, est parfait pour ceux qui recherchent une intensit\u00e9 maximale \u00e0 la fois en termes de saveur et de puissance.<\/span><\/p>\n<p><span style=\"font-weight: 400;\">Gr\u00e2ce \u00e0 son format fin et enti\u00e8rement blanc, ZYN Cactus Spice se place confortablement et discr\u00e8tement sous la l\u00e8vre sans tacher les dents. Fabriqu\u00e9 enti\u00e8rement \u00e0 partir de mat\u00e9riaux d'origine v\u00e9g\u00e9tale et sans tabac, il offre une alternative propre et satisfaisante \u00e0 l'usage moderne de la nicotine, avec un c\u00f4t\u00e9 vibrant et \u00e9pic\u00e9.<\/span><\/p>\n<table>\n<tbody>\n<tr>\n<td><b>Attribut<\/b><\/td>\n<td><b>D\u00e9tails<\/b><\/td>\n<\/tr>\n<tr>\n<td><span style=\"font-weight: 400;\">Marque<\/span><\/td>\n<td><span style=\"font-weight: 400;\">ZYN<\/span><\/td>\n<\/tr>\n<tr>\n<td><span style=\"font-weight: 400;\">Type de produit<\/span><\/td>\n<td><span style=\"font-weight: 400;\">Tous les sachets de nicotine blancs<\/span><\/td>\n<\/tr>\n<tr>\n<td><span style=\"font-weight: 400;\">Format<\/span><\/td>\n<td><span style=\"font-weight: 400;\">Mince<\/span><\/td>\n<\/tr>\n<tr>\n<td><span style=\"font-weight: 400;\">Saveur<\/span><\/td>\n<td><span style=\"font-weight: 400;\">Cactus, citron vert et piment<\/span><\/td>\n<\/tr>\n<tr>\n<td><span style=\"font-weight: 400;\">Intensit\u00e9 de la nicotine<\/span><\/td>\n<td><span style=\"font-weight: 400;\">11 mg par sachet (16 mg\/g)<\/span><\/td>\n<\/tr>\n<tr>\n<td><span style=\"font-weight: 400;\">Poids de la portion<\/span><\/td>\n<td><span style=\"font-weight: 400;\">0,7 grammes<\/span><\/td>\n<\/tr>\n<tr>\n<td><span style=\"font-weight: 400;\">Nombre de portions<\/span><\/td>\n<td><span style=\"font-weight: 400;\">21 par bo\u00eete<\/span><\/td>\n<\/tr>\n<tr>\n<td><span style=\"font-weight: 400;\">Poids total de la bo\u00eete<\/span><\/td>\n<td><span style=\"font-weight: 400;\">14,3 grammes<\/span><\/td>\n<\/tr>\n<tr>\n<td><span style=\"font-weight: 400;\">Fabricant<\/span><\/td>\n<td><span style=\"font-weight: 400;\">Swedish Match<\/span><\/td>\n<\/tr>\n<tr>\n<td><span style=\"font-weight: 400;\">Caract\u00e9ristiques notables<\/span><\/td>\n<td><span style=\"font-weight: 400;\">Sans tabac, format mince, ar\u00f4me intense de menthol avec un fort taux de nicotine<\/span><\/td>\n<\/tr>\n<\/tbody>\n<\/table>","protected":false},"excerpt":{"rendered":"<p>ZYN <strong data-start=\"4\" data-end=\"20\">\u00c9pices de cactus<\/strong> offre un m\u00e9lange piquant et rafra\u00eechissant de cactus, de citron vert et de piment avec une finale audacieuse et \u00e9pic\u00e9e pour les utilisateurs exp\u00e9riment\u00e9s. Chaque sachet contient <strong data-start=\"150\" data-end=\"168\">11 mg de nicotine<\/strong> pour un coup de pied puissant et r\u00e9gulier.<\/p>","protected":false},"featured_media":30039,"comment_status":"open","ping_status":"closed","template":"","format":[206],"meta":{"_acf_changed":false},"product_brand":[],"product_cat":[37],"product_tag":[16551],"flavours":[190,187,196],"nicotine":[213,232],"class_list":{"0":"post-30035","1":"product","2":"type-product","3":"status-publish","4":"has-post-thumbnail","6":"product_cat-zyn","7":"product_tag-11-mg-pouch","8":"pa_quantity-1-pack","9":"pa_quantity-10-pack","10":"pa_quantity-3-pack","11":"pa_quantity-30-pack","12":"pa_quantity-5-pack","13":"pa_quantity-60-pack","14":"flavours-citrus","15":"flavours-chili","16":"flavours-fruits-berries","17":"format-slim","18":"nicotine-16-mg-g","19":"nicotine-extra-strong","21":"first","22":"instock","23":"taxable","24":"shipping-taxable","25":"purchasable","26":"product-type-variable"},"acf":[],"_links":{"self":[{"href":"https:\/\/whitelip.com\/fr\/wp-json\/wp\/v2\/product\/30035","targetHints":{"allow":["GET"]}}],"collection":[{"href":"https:\/\/whitelip.com\/fr\/wp-json\/wp\/v2\/product"}],"about":[{"href":"https:\/\/whitelip.com\/fr\/wp-json\/wp\/v2\/types\/product"}],"replies":[{"embeddable":true,"href":"https:\/\/whitelip.com\/fr\/wp-json\/wp\/v2\/comments?post=30035"}],"wp:featuredmedia":[{"embeddable":true,"href":"https:\/\/whitelip.com\/fr\/wp-json\/wp\/v2\/media\/30039"}],"wp:attachment":[{"href":"https:\/\/whitelip.com\/fr\/wp-json\/wp\/v2\/media?parent=30035"}],"wp:term":[{"taxonomy":"product_brand","embeddable":true,"href":"https:\/\/whitelip.com\/fr\/wp-json\/wp\/v2\/product_brand?post=30035"},{"taxonomy":"product_cat","embeddable":true,"href":"https:\/\/whitelip.com\/fr\/wp-json\/wp\/v2\/product_cat?post=30035"},{"taxonomy":"product_tag","embeddable":true,"href":"https:\/\/whitelip.com\/fr\/wp-json\/wp\/v2\/product_tag?post=30035"},{"taxonomy":"flavours","embeddable":true,"href":"https:\/\/whitelip.com\/fr\/wp-json\/wp\/v2\/flavours?post=30035"},{"taxonomy":"format","embeddable":true,"href":"https:\/\/whitelip.com\/fr\/wp-json\/wp\/v2\/format?post=30035"},{"taxonomy":"nicotine","embeddable":true,"href":"https:\/\/whitelip.com\/fr\/wp-json\/wp\/v2\/nicotine?post=30035"}],"curies":[{"name":"wp","href":"https:\/\/api.w.org\/{rel}","templated":true}]}}