{"id":29046,"date":"2025-10-01T14:09:51","date_gmt":"2025-10-01T14:09:51","guid":{"rendered":"https:\/\/whitelip.com\/?post_type=product&#038;p=29046"},"modified":"2026-05-09T10:11:15","modified_gmt":"2026-05-09T10:11:15","slug":"fumi-salty-raspberry","status":"publish","type":"product","link":"https:\/\/whitelip.com\/fr\/fumi\/fumi-salty-raspberry\/","title":{"rendered":"FUMI Framboise sal\u00e9e"},"content":{"rendered":"<h2><b>FUMI Framboise sal\u00e9e<\/b><\/h2>\n<p><span style=\"font-weight: 400;\">FUMI Salty Raspberry associe la douceur juteuse des framboises m\u00fbres \u00e0 une touche sal\u00e9e distinctive, cr\u00e9ant ainsi une exp\u00e9rience nicotinique audacieuse et typiquement scandinave. Ces sachets de nicotine minces sont con\u00e7us pour les utilisateurs qui aiment les profils de saveurs aventureux avec une lib\u00e9ration r\u00e9guli\u00e8re de nicotine de 4 mg par sachet. Confortable et discret sous la l\u00e8vre, FUMI Salty Raspberry offre une alternative propre et sans tache aux produits traditionnels. Son \u00e9quilibre entre les notes sucr\u00e9es et sal\u00e9es en fait un choix rafra\u00eechissant et excitant pour un usage quotidien.<\/span><\/p>\n<table>\n<tbody>\n<tr>\n<td><b>Attribut<\/b><\/td>\n<td><b>D\u00e9tails<\/b><\/td>\n<\/tr>\n<tr>\n<td><span style=\"font-weight: 400;\">Contenu par bo\u00eete<\/span><\/td>\n<td><span style=\"font-weight: 400;\">14g (20 sachets)<\/span><\/td>\n<\/tr>\n<tr>\n<td><span style=\"font-weight: 400;\">Teneur en nicotine<\/span><\/td>\n<td><span style=\"font-weight: 400;\">6 mg\/g<\/span><\/td>\n<\/tr>\n<tr>\n<td><span style=\"font-weight: 400;\">Format de la pochette<\/span><\/td>\n<td><span style=\"font-weight: 400;\">Mince<\/span><\/td>\n<\/tr>\n<tr>\n<td><span style=\"font-weight: 400;\">Producteur<\/span><\/td>\n<td><span style=\"font-weight: 400;\">FUMI<\/span><\/td>\n<\/tr>\n<tr>\n<td><span style=\"font-weight: 400;\">Saveur<\/span><\/td>\n<td><span style=\"font-weight: 400;\">Framboise et sel<\/span><\/td>\n<\/tr>\n<tr>\n<td><span style=\"font-weight: 400;\">Taper<\/span><\/td>\n<td><span style=\"font-weight: 400;\">Pochette enti\u00e8rement blanche, sans tabac<\/span><\/td>\n<\/tr>\n<\/tbody>\n<\/table>","protected":false},"excerpt":{"rendered":"<p>Doux, m\u00fbr <strong>framboise<\/strong> relev\u00e9 par un accent sal\u00e9 distinctif pour un go\u00fbt audacieux de style nordique. Les <strong>mince<\/strong>, La forme discr\u00e8te de ce sachet repose confortablement sous la l\u00e8vre, ce qui permet de le d\u00e9guster n'importe o\u00f9. Chaque sachet contient <strong data-start=\"238\" data-end=\"255\">4 mg de nicotine<\/strong> pour une option quotidienne propre et \u00e9quilibr\u00e9e.<\/p>","protected":false},"featured_media":29050,"comment_status":"open","ping_status":"closed","template":"","format":[206],"meta":{"_acf_changed":false},"product_brand":[],"product_cat":[245],"product_tag":[16585],"flavours":[196,198],"nicotine":[228,235],"class_list":{"0":"post-29046","1":"product","2":"type-product","3":"status-publish","4":"has-post-thumbnail","6":"product_cat-fumi","7":"product_tag-4-mg-pouch","8":"pa_quantity-1-pack","9":"pa_quantity-10-pack","10":"pa_quantity-3-pack","11":"pa_quantity-30-pack","12":"pa_quantity-5-pack","13":"pa_quantity-60-pack","14":"flavours-fruits-berries","15":"flavours-licorice","16":"format-slim","17":"nicotine-6-mg-g","18":"nicotine-normal","20":"first","21":"instock","22":"taxable","23":"shipping-taxable","24":"purchasable","25":"product-type-variable"},"acf":[],"_links":{"self":[{"href":"https:\/\/whitelip.com\/fr\/wp-json\/wp\/v2\/product\/29046","targetHints":{"allow":["GET"]}}],"collection":[{"href":"https:\/\/whitelip.com\/fr\/wp-json\/wp\/v2\/product"}],"about":[{"href":"https:\/\/whitelip.com\/fr\/wp-json\/wp\/v2\/types\/product"}],"replies":[{"embeddable":true,"href":"https:\/\/whitelip.com\/fr\/wp-json\/wp\/v2\/comments?post=29046"}],"wp:featuredmedia":[{"embeddable":true,"href":"https:\/\/whitelip.com\/fr\/wp-json\/wp\/v2\/media\/29050"}],"wp:attachment":[{"href":"https:\/\/whitelip.com\/fr\/wp-json\/wp\/v2\/media?parent=29046"}],"wp:term":[{"taxonomy":"product_brand","embeddable":true,"href":"https:\/\/whitelip.com\/fr\/wp-json\/wp\/v2\/product_brand?post=29046"},{"taxonomy":"product_cat","embeddable":true,"href":"https:\/\/whitelip.com\/fr\/wp-json\/wp\/v2\/product_cat?post=29046"},{"taxonomy":"product_tag","embeddable":true,"href":"https:\/\/whitelip.com\/fr\/wp-json\/wp\/v2\/product_tag?post=29046"},{"taxonomy":"flavours","embeddable":true,"href":"https:\/\/whitelip.com\/fr\/wp-json\/wp\/v2\/flavours?post=29046"},{"taxonomy":"format","embeddable":true,"href":"https:\/\/whitelip.com\/fr\/wp-json\/wp\/v2\/format?post=29046"},{"taxonomy":"nicotine","embeddable":true,"href":"https:\/\/whitelip.com\/fr\/wp-json\/wp\/v2\/nicotine?post=29046"}],"curies":[{"name":"wp","href":"https:\/\/api.w.org\/{rel}","templated":true}]}}