{"id":29035,"date":"2025-10-01T14:09:52","date_gmt":"2025-10-01T14:09:52","guid":{"rendered":"https:\/\/whitelip.com\/?post_type=product&#038;p=29035"},"modified":"2026-04-14T21:40:50","modified_gmt":"2026-04-14T21:40:50","slug":"fumi-zingy-ginger-strong","status":"publish","type":"product","link":"https:\/\/whitelip.com\/fr\/fumi\/fumi-zingy-ginger-strong\/","title":{"rendered":"FUMI Zingy Ginger Strong"},"content":{"rendered":"<h2><b>FUMI Zingy Ginger Strong<\/b><\/h2>\n<p><span style=\"font-weight: 400;\">FUMI Zingy Ginger Strong offre la chaleur et le piquant du gingembre avec une touche de fra\u00eecheur et de piquant, offrant une exp\u00e9rience nicotinique audacieuse et revigorante. Ces sachets de nicotine minces sont parfaits pour les utilisateurs qui aiment les saveurs distinctives et vives, avec un taux de nicotine de 8 mg par sachet. Con\u00e7u pour une utilisation discr\u00e8te et confortable, FUMI Zingy Ginger Strong s'ins\u00e8re facilement sous la l\u00e8vre, offrant une alternative propre et sans tache aux produits traditionnels. Son caract\u00e8re piquant et \u00e9pic\u00e9 et son \u00e9quilibre rafra\u00eechissant en font un choix unique dans la gamme FUMI.<\/span><\/p>\n<table>\n<tbody>\n<tr>\n<td><b>Attribut<\/b><\/td>\n<td><b>D\u00e9tails<\/b><\/td>\n<\/tr>\n<tr>\n<td><span style=\"font-weight: 400;\">Contenu par bo\u00eete<\/span><\/td>\n<td><span style=\"font-weight: 400;\">14g (20 sachets)<\/span><\/td>\n<\/tr>\n<tr>\n<td><span style=\"font-weight: 400;\">Teneur en nicotine<\/span><\/td>\n<td><span style=\"font-weight: 400;\">11 mg\/g<\/span><\/td>\n<\/tr>\n<tr>\n<td><span style=\"font-weight: 400;\">Format de la pochette<\/span><\/td>\n<td><span style=\"font-weight: 400;\">Mince<\/span><\/td>\n<\/tr>\n<tr>\n<td><span style=\"font-weight: 400;\">Producteur<\/span><\/td>\n<td><span style=\"font-weight: 400;\">FUMI<\/span><\/td>\n<\/tr>\n<tr>\n<td><span style=\"font-weight: 400;\">Saveur<\/span><\/td>\n<td><span style=\"font-weight: 400;\">Gingembre (Zingy Ginger)<\/span><\/td>\n<\/tr>\n<tr>\n<td><span style=\"font-weight: 400;\">Taper<\/span><\/td>\n<td><span style=\"font-weight: 400;\">Pochette enti\u00e8rement blanche, sans tabac<\/span><\/td>\n<\/tr>\n<\/tbody>\n<\/table>","protected":false},"excerpt":{"rendered":"<p>Une chaleur, <strong>gingembre \u00e9pic\u00e9<\/strong> Le kick est rehauss\u00e9 par une note fra\u00eeche et zest\u00e9e. Les <strong>mince<\/strong>, Le format discret se place confortablement sous la l\u00e8vre pour une utilisation facile en d\u00e9placement. Chaque sachet contient <strong data-start=\"211\" data-end=\"228\">8 mg de nicotine<\/strong> pour une exp\u00e9rience propre, forte et revigorante.<\/p>","protected":false},"featured_media":29039,"comment_status":"open","ping_status":"closed","template":"","format":[206],"meta":{"_acf_changed":false},"product_brand":[],"product_cat":[245],"product_tag":[16583],"flavours":[197],"nicotine":[208,236],"class_list":{"0":"post-29035","1":"product","2":"type-product","3":"status-publish","4":"has-post-thumbnail","6":"product_cat-fumi","7":"product_tag-8-mg-pouch","8":"pa_quantity-1-pack","9":"pa_quantity-10-pack","10":"pa_quantity-3-pack","11":"pa_quantity-30-pack","12":"pa_quantity-5-pack","13":"pa_quantity-60-pack","14":"flavours-ginger","15":"format-slim","16":"nicotine-11-mg-g","17":"nicotine-strong","19":"first","20":"instock","21":"taxable","22":"shipping-taxable","23":"purchasable","24":"product-type-variable"},"acf":[],"_links":{"self":[{"href":"https:\/\/whitelip.com\/fr\/wp-json\/wp\/v2\/product\/29035","targetHints":{"allow":["GET"]}}],"collection":[{"href":"https:\/\/whitelip.com\/fr\/wp-json\/wp\/v2\/product"}],"about":[{"href":"https:\/\/whitelip.com\/fr\/wp-json\/wp\/v2\/types\/product"}],"replies":[{"embeddable":true,"href":"https:\/\/whitelip.com\/fr\/wp-json\/wp\/v2\/comments?post=29035"}],"wp:featuredmedia":[{"embeddable":true,"href":"https:\/\/whitelip.com\/fr\/wp-json\/wp\/v2\/media\/29039"}],"wp:attachment":[{"href":"https:\/\/whitelip.com\/fr\/wp-json\/wp\/v2\/media?parent=29035"}],"wp:term":[{"taxonomy":"product_brand","embeddable":true,"href":"https:\/\/whitelip.com\/fr\/wp-json\/wp\/v2\/product_brand?post=29035"},{"taxonomy":"product_cat","embeddable":true,"href":"https:\/\/whitelip.com\/fr\/wp-json\/wp\/v2\/product_cat?post=29035"},{"taxonomy":"product_tag","embeddable":true,"href":"https:\/\/whitelip.com\/fr\/wp-json\/wp\/v2\/product_tag?post=29035"},{"taxonomy":"flavours","embeddable":true,"href":"https:\/\/whitelip.com\/fr\/wp-json\/wp\/v2\/flavours?post=29035"},{"taxonomy":"format","embeddable":true,"href":"https:\/\/whitelip.com\/fr\/wp-json\/wp\/v2\/format?post=29035"},{"taxonomy":"nicotine","embeddable":true,"href":"https:\/\/whitelip.com\/fr\/wp-json\/wp\/v2\/nicotine?post=29035"}],"curies":[{"name":"wp","href":"https:\/\/api.w.org\/{rel}","templated":true}]}}