{"id":29000,"date":"2025-10-01T14:09:53","date_gmt":"2025-10-01T14:09:53","guid":{"rendered":"https:\/\/whitelip.com\/?post_type=product&#038;p=29000"},"modified":"2026-04-11T15:34:35","modified_gmt":"2026-04-11T15:34:35","slug":"fumi-fiery-mango-strong","status":"publish","type":"product","link":"https:\/\/whitelip.com\/fr\/fumi\/fumi-fiery-mango-strong\/","title":{"rendered":"FUMI Mangue forte et ardente"},"content":{"rendered":"<h2><b>FUMI Mangue forte et ardente<\/b><\/h2>\n<p>FUMI Fiery Mango Strong associe la mangue tropicale m\u00fbre \u00e0 un subtil coup de fouet \u00e9pic\u00e9 pour un go\u00fbt intense mais rafra\u00eechissant. Le format fin se place discr\u00e8tement et confortablement sous la l\u00e8vre, id\u00e9al pour une utilisation nomade. Chaque sachet d\u00e9livre 8 mg de nicotine pour une exp\u00e9rience forte et satisfaisante avec un profil fruit\u00e9 et \u00e9pic\u00e9 distinctif.<\/p>\n<table>\n<tbody>\n<tr>\n<td><b>Attribut<\/b><\/td>\n<td><b>D\u00e9tails<\/b><\/td>\n<\/tr>\n<tr>\n<td><span style=\"font-weight: 400;\">Contenu par bo\u00eete<\/span><\/td>\n<td><span style=\"font-weight: 400;\">14g (20 sachets)<\/span><\/td>\n<\/tr>\n<tr>\n<td><span style=\"font-weight: 400;\">Teneur en nicotine<\/span><\/td>\n<td><span style=\"font-weight: 400;\">11 mg\/g<\/span><\/td>\n<\/tr>\n<tr>\n<td><span style=\"font-weight: 400;\">Format de la pochette<\/span><\/td>\n<td><span style=\"font-weight: 400;\">Mince<\/span><\/td>\n<\/tr>\n<tr>\n<td><span style=\"font-weight: 400;\">Producteur<\/span><\/td>\n<td><span style=\"font-weight: 400;\">FUMI<\/span><\/td>\n<\/tr>\n<tr>\n<td><span style=\"font-weight: 400;\">Saveur<\/span><\/td>\n<td><span style=\"font-weight: 400;\">Mangue et \u00e9pices (mangue ardente)<\/span><\/td>\n<\/tr>\n<tr>\n<td><span style=\"font-weight: 400;\">Taper<\/span><\/td>\n<td><span style=\"font-weight: 400;\">Pochette enti\u00e8rement blanche, sans tabac<\/span><\/td>\n<\/tr>\n<\/tbody>\n<\/table>","protected":false},"excerpt":{"rendered":"<p>Audacieux, m\u00fbr <strong>mangue<\/strong> rencontre un subtil coup de fouet \u00e9pic\u00e9 pour un go\u00fbt intense mais rafra\u00eechissant. Les <strong>mince<\/strong>, La forme discr\u00e8te se place confortablement sous la l\u00e8vre, ce qui est id\u00e9al pour les d\u00e9placements. Chaque sachet contient <strong data-start=\"222\" data-end=\"239\">8 mg de nicotine<\/strong> pour une exp\u00e9rience forte et satisfaisante avec un profil fruit\u00e9-\u00e9pic\u00e9 unique.<\/p>","protected":false},"featured_media":29004,"comment_status":"open","ping_status":"closed","template":"","format":[206],"meta":{"_acf_changed":false},"product_brand":[],"product_cat":[245],"product_tag":[16583],"flavours":[187,196],"nicotine":[208,236],"class_list":{"0":"post-29000","1":"product","2":"type-product","3":"status-publish","4":"has-post-thumbnail","6":"product_cat-fumi","7":"product_tag-8-mg-pouch","8":"pa_quantity-1-pack","9":"pa_quantity-10-pack","10":"pa_quantity-3-pack","11":"pa_quantity-30-pack","12":"pa_quantity-5-pack","13":"pa_quantity-60-pack","14":"flavours-chili","15":"flavours-fruits-berries","16":"format-slim","17":"nicotine-11-mg-g","18":"nicotine-strong","20":"first","21":"instock","22":"taxable","23":"shipping-taxable","24":"purchasable","25":"product-type-variable"},"acf":[],"_links":{"self":[{"href":"https:\/\/whitelip.com\/fr\/wp-json\/wp\/v2\/product\/29000","targetHints":{"allow":["GET"]}}],"collection":[{"href":"https:\/\/whitelip.com\/fr\/wp-json\/wp\/v2\/product"}],"about":[{"href":"https:\/\/whitelip.com\/fr\/wp-json\/wp\/v2\/types\/product"}],"replies":[{"embeddable":true,"href":"https:\/\/whitelip.com\/fr\/wp-json\/wp\/v2\/comments?post=29000"}],"wp:featuredmedia":[{"embeddable":true,"href":"https:\/\/whitelip.com\/fr\/wp-json\/wp\/v2\/media\/29004"}],"wp:attachment":[{"href":"https:\/\/whitelip.com\/fr\/wp-json\/wp\/v2\/media?parent=29000"}],"wp:term":[{"taxonomy":"product_brand","embeddable":true,"href":"https:\/\/whitelip.com\/fr\/wp-json\/wp\/v2\/product_brand?post=29000"},{"taxonomy":"product_cat","embeddable":true,"href":"https:\/\/whitelip.com\/fr\/wp-json\/wp\/v2\/product_cat?post=29000"},{"taxonomy":"product_tag","embeddable":true,"href":"https:\/\/whitelip.com\/fr\/wp-json\/wp\/v2\/product_tag?post=29000"},{"taxonomy":"flavours","embeddable":true,"href":"https:\/\/whitelip.com\/fr\/wp-json\/wp\/v2\/flavours?post=29000"},{"taxonomy":"format","embeddable":true,"href":"https:\/\/whitelip.com\/fr\/wp-json\/wp\/v2\/format?post=29000"},{"taxonomy":"nicotine","embeddable":true,"href":"https:\/\/whitelip.com\/fr\/wp-json\/wp\/v2\/nicotine?post=29000"}],"curies":[{"name":"wp","href":"https:\/\/api.w.org\/{rel}","templated":true}]}}