{"id":28866,"date":"2025-09-30T15:25:05","date_gmt":"2025-09-30T15:25:05","guid":{"rendered":"https:\/\/whitelip.com\/?post_type=product&#038;p=28866"},"modified":"2026-04-14T21:06:28","modified_gmt":"2026-04-14T21:06:28","slug":"xqs-fizzy-peach-strong","status":"publish","type":"product","link":"https:\/\/whitelip.com\/fr\/xqs\/xqs-fizzy-peach-strong\/","title":{"rendered":"XQS Fizzy Peach Fort"},"content":{"rendered":"<h2><strong>XQS Fizzy Peach Fort<\/strong><\/h2>\n<p>XQS Fizzy Peach Strong est un sachet de nicotine enti\u00e8rement blanc au go\u00fbt de p\u00eache p\u00e9tillante. Les sachets sont pr\u00e9sent\u00e9s dans un format mince avec un taux de nicotine de 16 mg\/g.<\/p>\n<ul>\n<li>Go\u00fbt : P\u00eache<\/li>\n<li>Format : Slim<\/li>\n<li>Nicotine : 16 mg\/g<\/li>\n<li>Pochettes : 20 pi\u00e8ces<\/li>\n<li>Poids : 10 g<\/li>\n<li>Marque : <a href=\"https:\/\/whitelip.se\/en\/xqs\/\" target=\"_blank\" rel=\"noopener\">XQS<\/a><\/li>\n<li>Fabricant : <a href=\"https:\/\/www.st-group.com\/\" target=\"_blank\" rel=\"noopener\">Insurgent Ventures II<\/a><\/li>\n<\/ul>\n<p><em><strong>A propos de la marque : XQS<\/strong><\/em><\/p>\n<p>Explorez un monde de saveurs et de commodit\u00e9 avec les sachets de nicotine XQS - une gamme qui offre une vari\u00e9t\u00e9 de saveurs et une discr\u00e9tion exceptionnelles. Avec diff\u00e9rents ar\u00f4mes et dosages de nicotine, XQS offre une solution pratique et \u00e9l\u00e9gante pour satisfaire vos besoins en nicotine. D\u00e9couvrez \u00e9galement le caract\u00e8re naturel de XQS - ses pilules sont naturellement color\u00e9es pour une exp\u00e9rience authentique et agr\u00e9able de la nicotine. Explorez la vaste gamme de sachets de nicotine XQS et trouvez votre pr\u00e9f\u00e9r\u00e9 pour une exp\u00e9rience nicotinique agr\u00e9able et personnalis\u00e9e \u00e0 votre convenance.<\/p>","protected":false},"excerpt":{"rendered":"<p>XQS<strong> P\u00eache p\u00e9tillante<\/strong> Strong est un sachet de nicotine enti\u00e8rement blanc au go\u00fbt de p\u00eache p\u00e9tillante. Les sachets sont pr\u00e9sent\u00e9s dans un <strong>mince<\/strong> avec un taux de nicotine de <strong>16 mg\/g.<\/strong><\/p>","protected":false},"featured_media":84312,"comment_status":"open","ping_status":"closed","template":"","format":[206],"meta":{"_acf_changed":false},"product_brand":[],"product_cat":[27],"product_tag":[16583],"flavours":[196],"nicotine":[213,232],"class_list":{"0":"post-28866","1":"product","2":"type-product","3":"status-publish","4":"has-post-thumbnail","6":"product_cat-xqs","7":"product_tag-8-mg-pouch","8":"pa_quantity-1-pack","9":"pa_quantity-10-pack","10":"pa_quantity-3-pack","11":"pa_quantity-30-pack","12":"pa_quantity-5-pack","13":"pa_quantity-60-pack","14":"flavours-fruits-berries","15":"format-slim","16":"nicotine-16-mg-g","17":"nicotine-extra-strong","19":"first","20":"instock","21":"taxable","22":"shipping-taxable","23":"purchasable","24":"product-type-variable","25":"has-default-attributes"},"acf":[],"_links":{"self":[{"href":"https:\/\/whitelip.com\/fr\/wp-json\/wp\/v2\/product\/28866","targetHints":{"allow":["GET"]}}],"collection":[{"href":"https:\/\/whitelip.com\/fr\/wp-json\/wp\/v2\/product"}],"about":[{"href":"https:\/\/whitelip.com\/fr\/wp-json\/wp\/v2\/types\/product"}],"replies":[{"embeddable":true,"href":"https:\/\/whitelip.com\/fr\/wp-json\/wp\/v2\/comments?post=28866"}],"wp:featuredmedia":[{"embeddable":true,"href":"https:\/\/whitelip.com\/fr\/wp-json\/wp\/v2\/media\/84312"}],"wp:attachment":[{"href":"https:\/\/whitelip.com\/fr\/wp-json\/wp\/v2\/media?parent=28866"}],"wp:term":[{"taxonomy":"product_brand","embeddable":true,"href":"https:\/\/whitelip.com\/fr\/wp-json\/wp\/v2\/product_brand?post=28866"},{"taxonomy":"product_cat","embeddable":true,"href":"https:\/\/whitelip.com\/fr\/wp-json\/wp\/v2\/product_cat?post=28866"},{"taxonomy":"product_tag","embeddable":true,"href":"https:\/\/whitelip.com\/fr\/wp-json\/wp\/v2\/product_tag?post=28866"},{"taxonomy":"flavours","embeddable":true,"href":"https:\/\/whitelip.com\/fr\/wp-json\/wp\/v2\/flavours?post=28866"},{"taxonomy":"format","embeddable":true,"href":"https:\/\/whitelip.com\/fr\/wp-json\/wp\/v2\/format?post=28866"},{"taxonomy":"nicotine","embeddable":true,"href":"https:\/\/whitelip.com\/fr\/wp-json\/wp\/v2\/nicotine?post=28866"}],"curies":[{"name":"wp","href":"https:\/\/api.w.org\/{rel}","templated":true}]}}