{"id":28739,"date":"2025-09-29T13:47:39","date_gmt":"2025-09-29T13:47:39","guid":{"rendered":"https:\/\/whitelip.com\/?post_type=product&#038;p=28739"},"modified":"2026-04-14T12:53:11","modified_gmt":"2026-04-14T12:53:11","slug":"whitelip-can-dispenser","status":"publish","type":"product","link":"https:\/\/whitelip.com\/fr\/merch\/whitelip-can-dispenser\/","title":{"rendered":"Distributeur \u00e0 l\u00e8vre blanche"},"content":{"rendered":"<p data-start=\"0\" data-end=\"54\"><strong>Am\u00e9liorez votre espace avec le distributeur de canettes Whitelip<\/strong><\/p>\n<p data-start=\"56\" data-end=\"271\">D\u00e9couvrez la solution de rangement ultime qui allie un design sophistiqu\u00e9 \u00e0 une fonctionnalit\u00e9 quotidienne. Le distributeur de canettes Whitelip est con\u00e7u pour mettre de l'ordre et du style sur vos plans de travail, sous ceux-ci ou dans le r\u00e9frig\u00e9rateur.<\/p>\n<p data-start=\"273\" data-end=\"296\"><strong data-start=\"273\" data-end=\"294\">Caract\u00e9ristiques principales :<\/strong><\/p>\n<ul data-start=\"298\" data-end=\"749\">\n<li data-start=\"298\" data-end=\"412\">\n<p data-start=\"300\" data-end=\"412\"><strong data-start=\"300\" data-end=\"319\">Esth\u00e9tique moderne :<\/strong> La finition noire brillante et le logo embl\u00e9matique de Whitelip cr\u00e9ent une impression d'\u00e9l\u00e9gance.<\/p>\n<\/li>\n<li data-start=\"413\" data-end=\"514\">\n<p data-start=\"415\" data-end=\"514\"><strong data-start=\"415\" data-end=\"439\">Prot\u00e9g\u00e9 et scell\u00e9 :<\/strong> La conception enti\u00e8rement ferm\u00e9e permet de conserver les bo\u00eetes \u00e0 l'abri de la poussi\u00e8re et de les empiler proprement.<\/p>\n<\/li>\n<li data-start=\"515\" data-end=\"634\">\n<p data-start=\"517\" data-end=\"634\"><strong data-start=\"517\" data-end=\"536\">Acc\u00e8s facile :<\/strong> Un m\u00e9canisme de pouss\u00e9e permet de distribuer une bo\u00eete \u00e0 la fois \u00e0 travers le distributeur frontal transparent.<\/p>\n<\/li>\n<li data-start=\"635\" data-end=\"749\">\n<p data-start=\"637\" data-end=\"749\"><strong data-start=\"637\" data-end=\"662\">Construction durable :<\/strong> Fabriqu\u00e9 \u00e0 la main en acrylique de haute qualit\u00e9 pour une solution de stockage stable et durable.<\/p>\n<\/li>\n<\/ul>","protected":false},"excerpt":{"rendered":"<p>Gardez vos canettes organis\u00e9es et pr\u00eates \u00e0 l'emploi avec le distributeur de canettes Whitelip. Le design minimaliste noir brillant s'int\u00e8gre parfaitement dans une cuisine moderne, un bureau ou un espace de divertissement. Le r\u00e9cipient fabriqu\u00e9 \u00e0 la main garde vos canettes propres, tandis que le distributeur orient\u00e9 vers l'avant garantit que la canette suivante est toujours \u00e0 port\u00e9e de main.<\/p>","protected":false},"featured_media":28740,"comment_status":"open","ping_status":"closed","template":"","format":[],"meta":{"_acf_changed":false},"product_brand":[],"product_cat":[81],"product_tag":[],"flavours":[],"nicotine":[],"class_list":{"0":"post-28739","1":"product","2":"type-product","3":"status-publish","4":"has-post-thumbnail","6":"product_cat-merch","7":"pa_quantity-1-pack","9":"first","10":"instock","11":"taxable","12":"shipping-taxable","13":"purchasable","14":"product-type-variable","15":"has-default-attributes"},"acf":[],"_links":{"self":[{"href":"https:\/\/whitelip.com\/fr\/wp-json\/wp\/v2\/product\/28739","targetHints":{"allow":["GET"]}}],"collection":[{"href":"https:\/\/whitelip.com\/fr\/wp-json\/wp\/v2\/product"}],"about":[{"href":"https:\/\/whitelip.com\/fr\/wp-json\/wp\/v2\/types\/product"}],"replies":[{"embeddable":true,"href":"https:\/\/whitelip.com\/fr\/wp-json\/wp\/v2\/comments?post=28739"}],"wp:featuredmedia":[{"embeddable":true,"href":"https:\/\/whitelip.com\/fr\/wp-json\/wp\/v2\/media\/28740"}],"wp:attachment":[{"href":"https:\/\/whitelip.com\/fr\/wp-json\/wp\/v2\/media?parent=28739"}],"wp:term":[{"taxonomy":"product_brand","embeddable":true,"href":"https:\/\/whitelip.com\/fr\/wp-json\/wp\/v2\/product_brand?post=28739"},{"taxonomy":"product_cat","embeddable":true,"href":"https:\/\/whitelip.com\/fr\/wp-json\/wp\/v2\/product_cat?post=28739"},{"taxonomy":"product_tag","embeddable":true,"href":"https:\/\/whitelip.com\/fr\/wp-json\/wp\/v2\/product_tag?post=28739"},{"taxonomy":"flavours","embeddable":true,"href":"https:\/\/whitelip.com\/fr\/wp-json\/wp\/v2\/flavours?post=28739"},{"taxonomy":"format","embeddable":true,"href":"https:\/\/whitelip.com\/fr\/wp-json\/wp\/v2\/format?post=28739"},{"taxonomy":"nicotine","embeddable":true,"href":"https:\/\/whitelip.com\/fr\/wp-json\/wp\/v2\/nicotine?post=28739"}],"curies":[{"name":"wp","href":"https:\/\/api.w.org\/{rel}","templated":true}]}}