{"id":28722,"date":"2025-09-29T12:34:36","date_gmt":"2025-09-29T12:34:36","guid":{"rendered":"https:\/\/whitelip.com\/?post_type=product&#038;p=28722"},"modified":"2026-04-17T06:06:54","modified_gmt":"2026-04-17T06:06:54","slug":"greatest-lemonade-edition","status":"publish","type":"product","link":"https:\/\/whitelip.com\/fr\/greatest\/greatest-lemonade-edition\/","title":{"rendered":"L'\u00e9dition de la meilleure limonade"},"content":{"rendered":"<h2><b>L'\u00e9dition de la meilleure limonade<\/b><\/h2>\n<p><span style=\"font-weight: 400;\">Les sachets de nicotine GREATEST Lemonade Edition offrent une saveur de limonade vive et rafra\u00eechissante, avec un \u00e9quilibre parfait entre la douceur des agrumes et le piquant. Avec un taux de nicotine de 16 mg par gramme, soit environ 12 mg par sachet, ces sachets de format fin offrent une lib\u00e9ration forte et r\u00e9guli\u00e8re, id\u00e9ale pour les utilisateurs exp\u00e9riment\u00e9s. Chaque bo\u00eete contient 20 sachets discrets, enti\u00e8rement blancs, qui sont confortables sous la l\u00e8vre et ne tachent pas les dents. Produit par Puff &amp; Pouch, un fabricant finlandais reconnu pour combiner innovation moderne et qualit\u00e9 traditionnelle, GREATEST Lemonade Edition offre une exp\u00e9rience nicotinique audacieuse et rafra\u00eechissante.<\/span><\/p>\n<table>\n<tbody>\n<tr>\n<td><b>Attribut<\/b><\/td>\n<td><b>D\u00e9tails<\/b><\/td>\n<\/tr>\n<tr>\n<td><b>Contenu par bo\u00eete<\/b><\/td>\n<td><span style=\"font-weight: 400;\">12g (20 sachets)<\/span><\/td>\n<\/tr>\n<tr>\n<td><b>Teneur en nicotine<\/b><\/td>\n<td><span style=\"font-weight: 400;\">16 mg\/g (12 mg par sachet)<\/span><\/td>\n<\/tr>\n<tr>\n<td><b>Format de la pochette<\/b><\/td>\n<td><span style=\"font-weight: 400;\">Mince<\/span><\/td>\n<\/tr>\n<tr>\n<td><b>Producteur<\/b><\/td>\n<td><span style=\"font-weight: 400;\">Pochette Premium Global<\/span><\/td>\n<\/tr>\n<tr>\n<td><b>Saveur<\/b><\/td>\n<td><span style=\"font-weight: 400;\">Limonade<\/span><\/td>\n<\/tr>\n<tr>\n<td><b>Taper<\/b><\/td>\n<td><span style=\"font-weight: 400;\">Pochette toute blanche<\/span><\/td>\n<\/tr>\n<\/tbody>\n<\/table>","protected":false},"excerpt":{"rendered":"<p>Croustillant, rafra\u00eechissant <strong data-start=\"18\" data-end=\"30\">limonade<\/strong> avec une douceur et un piquant d'agrumes \u00e9quilibr\u00e9s. <strong data-start=\"72\" data-end=\"80\">Mince<\/strong>, Les sachets blancs se placent discr\u00e8tement sous la l\u00e8vre et ne tachent pas les dents ; 20 par bo\u00eete. Chaque sachet contient <strong data-start=\"184\" data-end=\"203\">~12 mg de nicotine<\/strong> (16 mg\/g), ce qui permet une lib\u00e9ration forte et r\u00e9guli\u00e8re pour les utilisateurs exp\u00e9riment\u00e9s. Fabriqu\u00e9 par Puff &amp; Pouch (Finlande) pour une qualit\u00e9 constante.<\/p>","protected":false},"featured_media":28726,"comment_status":"open","ping_status":"closed","template":"","format":[206],"meta":{"_acf_changed":false},"product_brand":[],"product_cat":[87],"product_tag":[16561],"flavours":[190],"nicotine":[213,232],"class_list":{"0":"post-28722","1":"product","2":"type-product","3":"status-publish","4":"has-post-thumbnail","6":"product_cat-greatest","7":"product_tag-12-mg-pouch","8":"pa_quantity-1-pack","9":"pa_quantity-10-pack","10":"pa_quantity-3-pack","11":"pa_quantity-30-pack","12":"pa_quantity-5-pack","13":"pa_quantity-60-pack","14":"flavours-citrus","15":"format-slim","16":"nicotine-16-mg-g","17":"nicotine-extra-strong","19":"first","20":"instock","21":"taxable","22":"shipping-taxable","23":"purchasable","24":"product-type-variable"},"acf":[],"_links":{"self":[{"href":"https:\/\/whitelip.com\/fr\/wp-json\/wp\/v2\/product\/28722","targetHints":{"allow":["GET"]}}],"collection":[{"href":"https:\/\/whitelip.com\/fr\/wp-json\/wp\/v2\/product"}],"about":[{"href":"https:\/\/whitelip.com\/fr\/wp-json\/wp\/v2\/types\/product"}],"replies":[{"embeddable":true,"href":"https:\/\/whitelip.com\/fr\/wp-json\/wp\/v2\/comments?post=28722"}],"wp:featuredmedia":[{"embeddable":true,"href":"https:\/\/whitelip.com\/fr\/wp-json\/wp\/v2\/media\/28726"}],"wp:attachment":[{"href":"https:\/\/whitelip.com\/fr\/wp-json\/wp\/v2\/media?parent=28722"}],"wp:term":[{"taxonomy":"product_brand","embeddable":true,"href":"https:\/\/whitelip.com\/fr\/wp-json\/wp\/v2\/product_brand?post=28722"},{"taxonomy":"product_cat","embeddable":true,"href":"https:\/\/whitelip.com\/fr\/wp-json\/wp\/v2\/product_cat?post=28722"},{"taxonomy":"product_tag","embeddable":true,"href":"https:\/\/whitelip.com\/fr\/wp-json\/wp\/v2\/product_tag?post=28722"},{"taxonomy":"flavours","embeddable":true,"href":"https:\/\/whitelip.com\/fr\/wp-json\/wp\/v2\/flavours?post=28722"},{"taxonomy":"format","embeddable":true,"href":"https:\/\/whitelip.com\/fr\/wp-json\/wp\/v2\/format?post=28722"},{"taxonomy":"nicotine","embeddable":true,"href":"https:\/\/whitelip.com\/fr\/wp-json\/wp\/v2\/nicotine?post=28722"}],"curies":[{"name":"wp","href":"https:\/\/api.w.org\/{rel}","templated":true}]}}