{"id":28716,"date":"2025-09-29T12:28:04","date_gmt":"2025-09-29T12:28:04","guid":{"rendered":"https:\/\/whitelip.com\/?post_type=product&#038;p=28716"},"modified":"2026-04-16T07:00:59","modified_gmt":"2026-04-16T07:00:59","slug":"greatest-cold-dry-8mg-mega-can","status":"publish","type":"product","link":"https:\/\/whitelip.com\/fr\/greatest\/greatest-cold-dry-8mg-mega-can\/","title":{"rendered":"GREATEST Cold Dry 8mg Mega Can"},"content":{"rendered":"<h2>GREATEST Cold Dry 8mg Mega Can<\/h2>\n<p><span style=\"font-weight: 400;\">Les sachets de nicotine GREATEST Cold Dry 8mg Mega Can offrent un ar\u00f4me de menthe rafra\u00eechissant associ\u00e9 \u00e0 un taux de nicotine de 16 mg par gramme, soit environ 8 mg par sachet. Chaque bo\u00eete contient 200 sachets de format fin, con\u00e7us pour une utilisation discr\u00e8te sans tacher les dents. Fabriqu\u00e9s par Puff &amp; Pouch, un fabricant finlandais r\u00e9put\u00e9 pour allier m\u00e9thodes contemporaines et qualit\u00e9 traditionnelle, ces sachets sont un exemple de normes \u00e9lev\u00e9es et de combinaisons de saveurs innovantes.<\/span><\/p>\n<table>\n<tbody>\n<tr>\n<td><b>Attribut<\/b><\/td>\n<td><b>D\u00e9tails<\/b><\/td>\n<\/tr>\n<tr>\n<td><b>Contenu par bo\u00eete<\/b><\/td>\n<td><span style=\"font-weight: 400;\">200 sachets<\/span><\/td>\n<\/tr>\n<tr>\n<td><b>Teneur en nicotine<\/b><\/td>\n<td><span style=\"font-weight: 400;\">16 mg\/g (8 mg par sachet)<\/span><\/td>\n<\/tr>\n<tr>\n<td><b>Format de la pochette<\/b><\/td>\n<td><span style=\"font-weight: 400;\">Mince<\/span><\/td>\n<\/tr>\n<tr>\n<td><b>Producteur<\/b><\/td>\n<td><span style=\"font-weight: 400;\">Pochette et bouff\u00e9e d'air<\/span><\/td>\n<\/tr>\n<tr>\n<td><b>Saveur<\/b><\/td>\n<td><span style=\"font-weight: 400;\">Menthe<\/span><\/td>\n<\/tr>\n<tr>\n<td><b>Taper<\/b><\/td>\n<td><span style=\"font-weight: 400;\">Pochette toute blanche<\/span><\/td>\n<\/tr>\n<\/tbody>\n<\/table>","protected":false},"excerpt":{"rendered":"<p>Rafra\u00eechissant <strong data-start=\"11\" data-end=\"19\">menthe<\/strong> avec un profil propre et rafra\u00eechissant. <strong data-start=\"51\" data-end=\"59\">Mince<\/strong> con\u00e7us pour une utilisation discr\u00e8te sans tacher les dents ; les m\u00e9ga-bo\u00eetes en contiennent 200. Chaque sachet contient <strong data-start=\"161\" data-end=\"178\">8 mg de nicotine<\/strong> (16 mg\/g), ce qui donne un coup de fouet r\u00e9gulier et satisfaisant. Produit par Puff &amp; Pouch (Finlande) pour une qualit\u00e9 \u00e9lev\u00e9e et constante.<\/p>","protected":false},"featured_media":28720,"comment_status":"open","ping_status":"closed","template":"","format":[206],"meta":{"_acf_changed":false},"product_brand":[],"product_cat":[87,92],"product_tag":[16583],"flavours":[199],"nicotine":[213,232],"class_list":{"0":"post-28716","1":"product","2":"type-product","3":"status-publish","4":"has-post-thumbnail","6":"product_cat-greatest","7":"product_cat-jumbo-can","8":"product_tag-8-mg-pouch","9":"pa_quantity-1-pack","10":"pa_quantity-10-pack","11":"pa_quantity-2-pack","12":"pa_quantity-3-pack","13":"pa_quantity-30-pack","14":"pa_quantity-5-pack","15":"pa_quantity-60-pack","16":"flavours-mint","17":"format-slim","18":"nicotine-16-mg-g","19":"nicotine-extra-strong","21":"first","22":"instock","23":"taxable","24":"shipping-taxable","25":"purchasable","26":"product-type-variable"},"acf":[],"_links":{"self":[{"href":"https:\/\/whitelip.com\/fr\/wp-json\/wp\/v2\/product\/28716","targetHints":{"allow":["GET"]}}],"collection":[{"href":"https:\/\/whitelip.com\/fr\/wp-json\/wp\/v2\/product"}],"about":[{"href":"https:\/\/whitelip.com\/fr\/wp-json\/wp\/v2\/types\/product"}],"replies":[{"embeddable":true,"href":"https:\/\/whitelip.com\/fr\/wp-json\/wp\/v2\/comments?post=28716"}],"wp:featuredmedia":[{"embeddable":true,"href":"https:\/\/whitelip.com\/fr\/wp-json\/wp\/v2\/media\/28720"}],"wp:attachment":[{"href":"https:\/\/whitelip.com\/fr\/wp-json\/wp\/v2\/media?parent=28716"}],"wp:term":[{"taxonomy":"product_brand","embeddable":true,"href":"https:\/\/whitelip.com\/fr\/wp-json\/wp\/v2\/product_brand?post=28716"},{"taxonomy":"product_cat","embeddable":true,"href":"https:\/\/whitelip.com\/fr\/wp-json\/wp\/v2\/product_cat?post=28716"},{"taxonomy":"product_tag","embeddable":true,"href":"https:\/\/whitelip.com\/fr\/wp-json\/wp\/v2\/product_tag?post=28716"},{"taxonomy":"flavours","embeddable":true,"href":"https:\/\/whitelip.com\/fr\/wp-json\/wp\/v2\/flavours?post=28716"},{"taxonomy":"format","embeddable":true,"href":"https:\/\/whitelip.com\/fr\/wp-json\/wp\/v2\/format?post=28716"},{"taxonomy":"nicotine","embeddable":true,"href":"https:\/\/whitelip.com\/fr\/wp-json\/wp\/v2\/nicotine?post=28716"}],"curies":[{"name":"wp","href":"https:\/\/api.w.org\/{rel}","templated":true}]}}